{"id":488,"date":"2022-01-23T23:05:39","date_gmt":"2022-01-24T02:05:39","guid":{"rendered":"https:\/\/nichecloud.net\/kibazar\/?post_type=product&#038;p=488"},"modified":"2022-08-21T20:01:09","modified_gmt":"2022-08-21T23:01:09","slug":"prendedores-elasticos-para-lencois","status":"publish","type":"product","link":"https:\/\/kibazar.com.br\/?product=prendedores-elasticos-para-lencois","title":{"rendered":"Prendedores El\u00e1sticos Para Len\u00e7\u00f3is"},"content":{"rendered":"<h1 style=\"text-align: center;\"><strong><span style=\"color: #000000;\">Kit com 4 Prendedores El\u00e1sticos Para Len\u00e7\u00f3is<\/span><\/strong><\/h1>\n<h4><span style=\"color: #ffffff;\">.<\/span><\/h4>\n<h3 style=\"text-align: center;\"><span style=\"color: #000000;\">Com <strong><span style=\"color: #0000ff;\">Prendedores El\u00e1sticos<\/span><\/strong> seus len\u00e7\u00f3is <strong>nunca mais<\/strong> v\u00e3o ficar desarrumados<\/span><\/h3>\n<p class=\"alignnone\" style=\"text-align: justify;\" title=\"Prendedores El\u00e1sticos Para Len\u00e7\u00f3is \u2013 Embalagem com 4 Unidades\"><span style=\"color: #000000;\">Os <strong>Prendedores El\u00e1sticos para Len\u00e7\u00f3is<\/strong> s\u00e3o uma excelente solu\u00e7\u00e3o para manter o len\u00e7ol da sua cama sempre bem esticado. Instal\u00e1-los \u00e9 \u201c<span style=\"color: #0000ff;\">r\u00e1pido, pr\u00e1tico e f\u00e1cil<\/span>\u201d.<\/span><\/p>\n<p style=\"text-align: justify;\"><span style=\"color: #000000;\">Cada <strong>kit<\/strong> de &#8220;<span style=\"color: #0000ff;\">prendedores el\u00e1sticos para len\u00e7\u00f3is<\/span>&#8221; vem com <strong>4 unidades<\/strong>, um para cada ponta de len\u00e7ol.<\/span><\/p>\n<p style=\"text-align: justify;\"><span style=\"color: #000000;\">Voc\u00ea pode utilizar os &#8220;<span style=\"color: #0000ff;\">prendedores para len\u00e7\u00f3is<\/span>&#8221; no seu len\u00e7ol, com ou sem el\u00e1stico.<\/span><\/p>\n<p style=\"text-align: justify;\"><span style=\"color: #000000;\"><strong>Len\u00e7ol com El\u00e1stico:<\/strong> Sem precisar levantar o seu colch\u00e3o, basta voc\u00ea levantar as pontas do len\u00e7ol da sua cama e fixar os &#8220;<span style=\"color: #0000ff;\">prendedores el\u00e1sticos para len\u00e7\u00f3is<\/span>&#8221; um em cada ponta, prendendo-o por baixo do colch\u00e3o.<\/span><\/p>\n<p style=\"text-align: justify;\"><span style=\"color: #000000;\"><strong>Len\u00e7ol sem El\u00e1stico:<\/strong> Basta esticar o seu len\u00e7ol sobre a cama e colocar os quatro prendedores, um em cada ponta e esticando-o bem. Ap\u00f3s este procedimento coloque o len\u00e7ol para dentro da cama, prendendo-o por baixo do colch\u00e3o.<\/span><\/p>\n<p style=\"text-align: justify;\"><span style=\"color: #000000;\">Assim voc\u00ea n\u00e3o corre mais o risco de acordar com o len\u00e7ol da sua cama todo desarrumado e \u00e0s vezes at\u00e9 o colch\u00e3o fica descoberto, portanto sem a prote\u00e7\u00e3o do len\u00e7ol.<\/span><\/p>\n<p style=\"text-align: justify;\"><span style=\"color: #000000;\">Uma solu\u00e7\u00e3o \u201cSimples, Barata e F\u00e1cil\u201d de instalar no seu colch\u00e3o. Assim voc\u00ea ter\u00e1 menos trabalho para arrumar a sua cama e as demais camas da sua casa.<\/span><\/p>\n<p style=\"text-align: justify;\"><span style=\"color: #000000;\"><strong>\u27a4\u00a0Observa\u00e7\u00e3o:\u00a0<\/strong>Pessoas com perturba\u00e7\u00f5es durante o sono, que se mexem muito ou com \u201c<span style=\"color: #c70c0c;\">s\u00edndrome das pernas inquietas<\/span>\u201d \u00e0s vezes at\u00e9 acordam com o len\u00e7ol enrolado no pesco\u00e7o. Evite esses transtornos. Assim voc\u00ea ter\u00e1 uma noite de \u201c<span style=\"color: #0000ff;\">sono mais tranquilo e reparador<\/span>\u201d.<\/span><\/p>\n<p style=\"text-align: justify;\"><span style=\"color: #000000;\"><strong>Facilite a Sua Vida<\/strong>. Use os \u201c<span style=\"color: #0000ff;\">prendedores el\u00e1sticos para len\u00e7\u00f3is<\/span>\u201d em todos os len\u00e7\u00f3is da sua casa. S<\/span><span style=\"color: #000000;\">ervem para \u201c<strong>todos os tipos e tamanhos de len\u00e7\u00f3is<\/strong>\u201d.<\/span><\/p>\n<p style=\"text-align: justify;\"><span style=\"color: #000000;\"><strong>\u27a4<\/strong>\u00a0<strong>Composi\u00e7\u00e3o:<\/strong> 75% poli\u00e9ster e 25% elastodieno.<\/span><\/p>\n<p style=\"text-align: justify;\"><span style=\"color: #000000;\"><strong>\u27a4<\/strong>\u00a0<strong>Medidas:<\/strong>\u00a0<span style=\"color: #c70a0a;\">Comprimento:<\/span>\u00a0<strong>27<\/strong>cm x <span style=\"color: #c70a0a;\">Largura:<\/span> <strong>2,2<\/strong>cm<\/span><\/p>\n<p style=\"text-align: justify;\"><span style=\"color: #000000;\"><strong>\u27a4<\/strong>\u00a0<strong>Conte\u00fado:<\/strong> Cada embalagem cont\u00e9m <strong>4 unidades<\/strong>.<\/span><\/p>\n<p style=\"text-align: center;\"><span style=\"color: #000000;\"><strong>***<\/strong> Pagando pelo nosso <strong>PIX<\/strong> <span style=\"color: #c70a0a;\">11995242828<\/span> tem <strong>5% de desconto + <span style=\"color: #0000ff;\">5% de <\/span><\/strong><span style=\"color: #0000ff;\"><strong>BONUS<\/strong><\/span> para a pr\u00f3xima compra.<\/span><\/p>\n<p style=\"text-align: justify;\"><span style=\"color: #c70808;\"><strong>\u27a4 <\/strong><\/span><span style=\"color: #000000;\"><strong>Sugest\u00e3o:<\/strong> \u00c9 bom ter pelo menos <strong>2 kits<\/strong> ou<strong> conjuntos<\/strong> de &#8220;<span style=\"color: #0000ff;\">prendedores el\u00e1sticos para len\u00e7\u00f3is<\/span>&#8220;. Se voc\u00ea comprar <strong>4<\/strong> ou <strong>5<\/strong> kits &#8220;<span style=\"color: #0000ff;\"><em>o valor do frete ser\u00e1 o mesmo<\/em><\/span>&#8220;, porque ser\u00e3o enviados na mesma embalagem.<\/span><\/p>\n<p style=\"text-align: justify;\"><span style=\"color: #000000;\"><strong>\u27a4<\/strong> As imagens desse produto s\u00e3o \u201cmeramente ilustrativas\u201d.<\/span><\/p>\n<p style=\"text-align: justify;\"><span style=\"color: #000000;\"><strong>\u27a4<\/strong> Todos\u00a0os\u00a0nossos produtos\u00a0s\u00e3o <strong>enviados no mesmo dia da compra<\/strong> ou no m\u00e1ximo no dia seguinte.<\/span><\/p>\n<p style=\"text-align: justify;\"><span style=\"color: #000000;\"><strong>\u27a4<\/strong> <strong>Frete:<\/strong> Compradores com endere\u00e7o em S\u00e3o Paulo, capital, poder\u00e3o receber suas compras em seu endere\u00e7o no \u201c<span style=\"color: #0000ff;\">mesmo dia da compra<\/span>\u201d at\u00e9 \u00e0s 22:00.<\/span><\/p>\n<p style=\"text-align: justify;\"><span style=\"color: #000000;\"><strong>\u27a4<\/strong> Em cada compra voc\u00ea receber\u00e1 um <span style=\"color: #ff6600;\"><strong>Lindo Brinde<\/strong><\/span> surpresa.<\/span><\/p>\n<p style=\"text-align: justify;\"><span style=\"color: #000000;\"><strong>\u27a4<\/strong><strong> Gostou desse produto?<\/strong> Compartilhe com <strong>seus amigos<\/strong> nas redes sociais.<\/span><\/p>\n<p style=\"padding-left: 80px;\"><span style=\"color: #000000;\"><a href=\"https:\/\/kibazar.com.br\/?product=sono-pax-aparelho-anti-ronco-e-apneia-do-sono\" target=\"_blank\" rel=\"noopener\"><strong>SONO-PAX<\/strong> \u2013 Aparelho Anti <span style=\"color: #c80000;\"><strong>RONCO<\/strong><\/span> e <span style=\"color: #c80000;\"><strong>APNEIA DO SONO<\/strong><\/span><\/a> <a href=\"https:\/\/kibazar.com.br\/?product=sono-pax-aparelho-anti-ronco-e-apneia-do-sono\" target=\"_blank\" rel=\"noopener\"><img decoding=\"async\" class=\"alignnone wp-image-468\" title=\"SONO-PAX \u2013 Aparelho Anti RONCO e APNEIA DO SONO\" src=\"https:\/\/kibazar.com.br\/wp-content\/uploads\/2022\/01\/Imagem_SONO-PAX_ST_04-150x150.jpg\" alt=\"SONO-PAX - Aparelho Anti Ronco e Apneia do Sono\" width=\"200\" height=\"150\" srcset=\"https:\/\/kibazar.com.br\/wp-content\/uploads\/2022\/01\/Imagem_SONO-PAX_ST_04-462x347.jpg 462w, https:\/\/kibazar.com.br\/wp-content\/uploads\/2022\/01\/Imagem_SONO-PAX_ST_04-300x225.jpg 300w, https:\/\/kibazar.com.br\/wp-content\/uploads\/2022\/01\/Imagem_SONO-PAX_ST_04-768x576.jpg 768w, https:\/\/kibazar.com.br\/wp-content\/uploads\/2022\/01\/Imagem_SONO-PAX_ST_04.jpg 960w\" sizes=\"(max-width: 200px) 100vw, 200px\" \/><\/a><\/span><\/p>\n<h4 style=\"padding-left: 80px;\"><span style=\"color: #000000;\"><strong>Loja:<\/strong> <a href=\"http:\/\/www.saudeeterapia.com.br\" target=\"_blank\" rel=\"noopener\">www.saudeeterapia.com.br<\/a><\/span><\/h4>\n<h4 style=\"padding-left: 80px;\"><span style=\"color: #000000;\"><strong>E-mail:<\/strong> saudeeterapia@gmail.com<\/span><\/h4>\n<h4 style=\"padding-left: 80px;\"><span style=\"color: #000000;\"><strong>Tel.<\/strong> (<strong>11<\/strong>) 5044-0606<\/span><\/h4>\n<h4 style=\"padding-left: 80px;\"><span style=\"color: #000000;\"><strong>Cel.<\/strong> (<strong>11<\/strong>) 9.9524-2828 \u2013 <strong>WhatsApp<\/strong><\/span><\/h4>\n<p>&nbsp;<\/p>\n<h2 style=\"text-align: justify;\"><span style=\"color: #c70808;\"><strong>\u27a4 <\/strong><\/span><span style=\"color: #000000;\"><strong>Veja e Conhe\u00e7a Tamb\u00e9m<\/strong><\/span><\/h2>\n<h4 style=\"text-align: justify;\"><a href=\"https:\/\/www.saudeeterapia.com.br\/produtos\/travesseiro-pillow-pax-anti-ronco-apneia-do-sono-e-caimbras\/\" target=\"_blank\" rel=\"noopener\"><span style=\"color: #3366ff;\"><strong><span style=\"text-decoration: underline;\">PILLOW-PAX<\/span><\/strong><\/span><span style=\"text-decoration: underline;\"><span style=\"color: #3366ff; text-decoration: underline;\"> \u2013 Travesseiro Anti <strong>RONCO<\/strong> e APNEIA DO SONO<\/span><\/span><\/a><\/h4>\n<p>&nbsp;<\/p>\n<h4 style=\"text-align: justify; padding-left: 80px;\"><span style=\"color: #000000;\"><strong>\u27a4<\/strong> <span style=\"text-decoration: underline;\"><a style=\"color: #000000; text-decoration: underline;\" href=\"https:\/\/saudeeterapia.wordpress.com\/category\/tratamentos\/\" target=\"_blank\" rel=\"noopener\"><span style=\"color: #3366ff; text-decoration: underline;\"><strong>Clique Aqui<\/strong> e conhe\u00e7a nossos<\/span> <span style=\"color: #008000; text-decoration: underline;\"><strong>tratamentos naturais<\/strong><\/span><\/a><\/span><\/span><\/h4>\n<h5 style=\"text-align: justify; padding-left: 80px;\"><span style=\"color: #000000;\"><strong>\u27a4<\/strong> Fa\u00e7a seu tratamento natural e <strong>pague<\/strong> pelo <span style=\"color: #0000ff;\"><strong>MercadoPago<\/strong><\/span>\u00a0em at\u00e9\u00a0<strong>12x<\/strong>.<\/span><\/h5>\n<h5 style=\"text-align: justify; padding-left: 80px;\"><span style=\"color: #000000;\"><strong>\u27a4<\/strong> Ligue e marque seu <strong>atendimento<\/strong> agora.<\/span><\/h5>\n<p>&nbsp;<\/p>\n","protected":false},"excerpt":{"rendered":"<h5 style=\"text-align: justify;\"><strong>Prendedores El\u00e1sticos Para Len\u00e7\u00f3is<\/strong>\u00a0(<span style=\"color: #0000ff;\">kit com 4 unidades<\/span>) s\u00e3o uma excelente solu\u00e7\u00e3o para manter o len\u00e7ol da sua cama sempre bem esticado. Instal\u00e1-los \u00e9 <span style=\"color: #0000ff;\">r\u00e1pido, pr\u00e1tico e f\u00e1cil<\/span>.<\/h5>\n","protected":false},"featured_media":489,"comment_status":"open","ping_status":"closed","template":"","meta":{"site-sidebar-layout":"default","site-content-layout":"default","ast-site-content-layout":"default","site-content-style":"default","site-sidebar-style":"default","ast-global-header-display":"","ast-banner-title-visibility":"","ast-main-header-display":"","ast-hfb-above-header-display":"","ast-hfb-below-header-display":"","ast-hfb-mobile-header-display":"","site-post-title":"","ast-breadcrumbs-content":"","ast-featured-img":"","footer-sml-layout":"","ast-disable-related-posts":"","theme-transparent-header-meta":"default","adv-header-id-meta":"","stick-header-meta":"","header-above-stick-meta":"","header-main-stick-meta":"","header-below-stick-meta":"","astra-migrate-meta-layouts":"default","ast-page-background-enabled":"default","ast-page-background-meta":{"desktop":{"background-color":"var(--ast-global-color-4)","background-image":"","background-repeat":"repeat","background-position":"center center","background-size":"auto","background-attachment":"scroll","background-type":"","background-media":"","overlay-type":"","overlay-color":"","overlay-opacity":"","overlay-gradient":""},"tablet":{"background-color":"","background-image":"","background-repeat":"repeat","background-position":"center center","background-size":"auto","background-attachment":"scroll","background-type":"","background-media":"","overlay-type":"","overlay-color":"","overlay-opacity":"","overlay-gradient":""},"mobile":{"background-color":"","background-image":"","background-repeat":"repeat","background-position":"center center","background-size":"auto","background-attachment":"scroll","background-type":"","background-media":"","overlay-type":"","overlay-color":"","overlay-opacity":"","overlay-gradient":""}},"ast-content-background-meta":{"desktop":{"background-color":"var(--ast-global-color-5)","background-image":"","background-repeat":"repeat","background-position":"center center","background-size":"auto","background-attachment":"scroll","background-type":"","background-media":"","overlay-type":"","overlay-color":"","overlay-opacity":"","overlay-gradient":""},"tablet":{"background-color":"var(--ast-global-color-5)","background-image":"","background-repeat":"repeat","background-position":"center center","background-size":"auto","background-attachment":"scroll","background-type":"","background-media":"","overlay-type":"","overlay-color":"","overlay-opacity":"","overlay-gradient":""},"mobile":{"background-color":"var(--ast-global-color-5)","background-image":"","background-repeat":"repeat","background-position":"center center","background-size":"auto","background-attachment":"scroll","background-type":"","background-media":"","overlay-type":"","overlay-color":"","overlay-opacity":"","overlay-gradient":""}}},"product_brand":[],"product_cat":[127,17],"product_tag":[238],"class_list":{"0":"post-488","1":"product","2":"type-product","3":"status-publish","4":"has-post-thumbnail","6":"product_cat-prendedores-elasticos-para-lencois","7":"product_cat-ronco-e-apneia","8":"product_tag-prendedores-elasticos-para-lencois","9":"desktop-align-left","10":"tablet-align-left","11":"mobile-align-left","13":"first","14":"instock","15":"shipping-taxable","16":"purchasable","17":"product-type-simple"},"yoast_head":"<!-- This site is optimized with the Yoast SEO plugin v27.1.1 - https:\/\/yoast.com\/product\/yoast-seo-wordpress\/ -->\n<title>Prendedores El\u00e1sticos Para Len\u00e7\u00f3is - Kibazar<\/title>\n<meta name=\"description\" content=\"Prendedores El\u00e1sticos Para Len\u00e7\u00f3is v\u00e3o manter o len\u00e7ol da sua cama sempre bem esticado. A instala\u00e7\u00e3o \u00e9 r\u00e1pida, pr\u00e1tica e f\u00e1cil.\" \/>\n<meta name=\"robots\" content=\"index, follow, max-snippet:-1, max-image-preview:large, max-video-preview:-1\" \/>\n<link rel=\"canonical\" href=\"https:\/\/kibazar.com.br\/?product=prendedores-elasticos-para-lencois\" \/>\n<meta property=\"og:locale\" content=\"pt_BR\" \/>\n<meta property=\"og:type\" content=\"article\" \/>\n<meta property=\"og:title\" content=\"Prendedores El\u00e1sticos Para Len\u00e7\u00f3is - Kibazar\" \/>\n<meta property=\"og:description\" content=\"Prendedores El\u00e1sticos Para Len\u00e7\u00f3is v\u00e3o manter o len\u00e7ol da sua cama sempre bem esticado. A instala\u00e7\u00e3o \u00e9 r\u00e1pida, pr\u00e1tica e f\u00e1cil.\" \/>\n<meta property=\"og:url\" content=\"https:\/\/kibazar.com.br\/?product=prendedores-elasticos-para-lencois\" \/>\n<meta property=\"og:site_name\" content=\"Kibazar\" \/>\n<meta property=\"article:modified_time\" content=\"2022-08-21T23:01:09+00:00\" \/>\n<meta property=\"og:image\" content=\"https:\/\/kibazar.com.br\/wp-content\/uploads\/2022\/01\/Imagem_PRENDEDORES.1.jpg\" \/>\n\t<meta property=\"og:image:width\" content=\"960\" \/>\n\t<meta property=\"og:image:height\" content=\"720\" \/>\n\t<meta property=\"og:image:type\" content=\"image\/jpeg\" \/>\n<meta name=\"twitter:card\" content=\"summary_large_image\" \/>\n<meta name=\"twitter:label1\" content=\"Est. tempo de leitura\" \/>\n\t<meta name=\"twitter:data1\" content=\"3 minutos\" \/>\n<script type=\"application\/ld+json\" class=\"yoast-schema-graph\">{\"@context\":\"https:\/\/schema.org\",\"@graph\":[{\"@type\":\"WebPage\",\"@id\":\"https:\/\/kibazar.com.br\/?product=prendedores-elasticos-para-lencois\",\"url\":\"https:\/\/kibazar.com.br\/?product=prendedores-elasticos-para-lencois\",\"name\":\"Prendedores El\u00e1sticos Para Len\u00e7\u00f3is - Kibazar\",\"isPartOf\":{\"@id\":\"https:\/\/kibazar.com.br\/#website\"},\"primaryImageOfPage\":{\"@id\":\"https:\/\/kibazar.com.br\/?product=prendedores-elasticos-para-lencois#primaryimage\"},\"image\":{\"@id\":\"https:\/\/kibazar.com.br\/?product=prendedores-elasticos-para-lencois#primaryimage\"},\"thumbnailUrl\":\"https:\/\/kibazar.com.br\/wp-content\/uploads\/2022\/01\/Imagem_PRENDEDORES.1.jpg\",\"datePublished\":\"2022-01-24T02:05:39+00:00\",\"dateModified\":\"2022-08-21T23:01:09+00:00\",\"description\":\"Prendedores El\u00e1sticos Para Len\u00e7\u00f3is v\u00e3o manter o len\u00e7ol da sua cama sempre bem esticado. A instala\u00e7\u00e3o \u00e9 r\u00e1pida, pr\u00e1tica e f\u00e1cil.\",\"breadcrumb\":{\"@id\":\"https:\/\/kibazar.com.br\/?product=prendedores-elasticos-para-lencois#breadcrumb\"},\"inLanguage\":\"pt-BR\",\"potentialAction\":[{\"@type\":\"ReadAction\",\"target\":[\"https:\/\/kibazar.com.br\/?product=prendedores-elasticos-para-lencois\"]}]},{\"@type\":\"ImageObject\",\"inLanguage\":\"pt-BR\",\"@id\":\"https:\/\/kibazar.com.br\/?product=prendedores-elasticos-para-lencois#primaryimage\",\"url\":\"https:\/\/kibazar.com.br\/wp-content\/uploads\/2022\/01\/Imagem_PRENDEDORES.1.jpg\",\"contentUrl\":\"https:\/\/kibazar.com.br\/wp-content\/uploads\/2022\/01\/Imagem_PRENDEDORES.1.jpg\",\"width\":960,\"height\":720,\"caption\":\"Prendedores El\u00e1sticos Para Len\u00e7\u00f3is\"},{\"@type\":\"BreadcrumbList\",\"@id\":\"https:\/\/kibazar.com.br\/?product=prendedores-elasticos-para-lencois#breadcrumb\",\"itemListElement\":[{\"@type\":\"ListItem\",\"position\":1,\"name\":\"In\u00edcio\",\"item\":\"https:\/\/kibazar.com.br\/\"},{\"@type\":\"ListItem\",\"position\":2,\"name\":\"Produtos\",\"item\":\"https:\/\/kibazar.com.br\/?page_id=11\"},{\"@type\":\"ListItem\",\"position\":3,\"name\":\"Prendedores El\u00e1sticos Para Len\u00e7\u00f3is\"}]},{\"@type\":\"WebSite\",\"@id\":\"https:\/\/kibazar.com.br\/#website\",\"url\":\"https:\/\/kibazar.com.br\/\",\"name\":\"Kibazar\",\"description\":\"A sua loja de variedades\",\"publisher\":{\"@id\":\"https:\/\/kibazar.com.br\/#organization\"},\"potentialAction\":[{\"@type\":\"SearchAction\",\"target\":{\"@type\":\"EntryPoint\",\"urlTemplate\":\"https:\/\/kibazar.com.br\/?s={search_term_string}\"},\"query-input\":{\"@type\":\"PropertyValueSpecification\",\"valueRequired\":true,\"valueName\":\"search_term_string\"}}],\"inLanguage\":\"pt-BR\"},{\"@type\":\"Organization\",\"@id\":\"https:\/\/kibazar.com.br\/#organization\",\"name\":\"Kibazar\",\"url\":\"https:\/\/kibazar.com.br\/\",\"logo\":{\"@type\":\"ImageObject\",\"inLanguage\":\"pt-BR\",\"@id\":\"https:\/\/kibazar.com.br\/#\/schema\/logo\/image\/\",\"url\":\"https:\/\/kibazar.com.br\/wp-content\/uploads\/2022\/01\/LOGO.png\",\"contentUrl\":\"https:\/\/kibazar.com.br\/wp-content\/uploads\/2022\/01\/LOGO.png\",\"width\":1000,\"height\":232,\"caption\":\"Kibazar\"},\"image\":{\"@id\":\"https:\/\/kibazar.com.br\/#\/schema\/logo\/image\/\"}}]}<\/script>\n<!-- \/ Yoast SEO plugin. -->","yoast_head_json":{"title":"Prendedores El\u00e1sticos Para Len\u00e7\u00f3is - Kibazar","description":"Prendedores El\u00e1sticos Para Len\u00e7\u00f3is v\u00e3o manter o len\u00e7ol da sua cama sempre bem esticado. A instala\u00e7\u00e3o \u00e9 r\u00e1pida, pr\u00e1tica e f\u00e1cil.","robots":{"index":"index","follow":"follow","max-snippet":"max-snippet:-1","max-image-preview":"max-image-preview:large","max-video-preview":"max-video-preview:-1"},"canonical":"https:\/\/kibazar.com.br\/?product=prendedores-elasticos-para-lencois","og_locale":"pt_BR","og_type":"article","og_title":"Prendedores El\u00e1sticos Para Len\u00e7\u00f3is - Kibazar","og_description":"Prendedores El\u00e1sticos Para Len\u00e7\u00f3is v\u00e3o manter o len\u00e7ol da sua cama sempre bem esticado. A instala\u00e7\u00e3o \u00e9 r\u00e1pida, pr\u00e1tica e f\u00e1cil.","og_url":"https:\/\/kibazar.com.br\/?product=prendedores-elasticos-para-lencois","og_site_name":"Kibazar","article_modified_time":"2022-08-21T23:01:09+00:00","og_image":[{"width":960,"height":720,"url":"https:\/\/kibazar.com.br\/wp-content\/uploads\/2022\/01\/Imagem_PRENDEDORES.1.jpg","type":"image\/jpeg"}],"twitter_card":"summary_large_image","twitter_misc":{"Est. tempo de leitura":"3 minutos"},"schema":{"@context":"https:\/\/schema.org","@graph":[{"@type":"WebPage","@id":"https:\/\/kibazar.com.br\/?product=prendedores-elasticos-para-lencois","url":"https:\/\/kibazar.com.br\/?product=prendedores-elasticos-para-lencois","name":"Prendedores El\u00e1sticos Para Len\u00e7\u00f3is - Kibazar","isPartOf":{"@id":"https:\/\/kibazar.com.br\/#website"},"primaryImageOfPage":{"@id":"https:\/\/kibazar.com.br\/?product=prendedores-elasticos-para-lencois#primaryimage"},"image":{"@id":"https:\/\/kibazar.com.br\/?product=prendedores-elasticos-para-lencois#primaryimage"},"thumbnailUrl":"https:\/\/kibazar.com.br\/wp-content\/uploads\/2022\/01\/Imagem_PRENDEDORES.1.jpg","datePublished":"2022-01-24T02:05:39+00:00","dateModified":"2022-08-21T23:01:09+00:00","description":"Prendedores El\u00e1sticos Para Len\u00e7\u00f3is v\u00e3o manter o len\u00e7ol da sua cama sempre bem esticado. A instala\u00e7\u00e3o \u00e9 r\u00e1pida, pr\u00e1tica e f\u00e1cil.","breadcrumb":{"@id":"https:\/\/kibazar.com.br\/?product=prendedores-elasticos-para-lencois#breadcrumb"},"inLanguage":"pt-BR","potentialAction":[{"@type":"ReadAction","target":["https:\/\/kibazar.com.br\/?product=prendedores-elasticos-para-lencois"]}]},{"@type":"ImageObject","inLanguage":"pt-BR","@id":"https:\/\/kibazar.com.br\/?product=prendedores-elasticos-para-lencois#primaryimage","url":"https:\/\/kibazar.com.br\/wp-content\/uploads\/2022\/01\/Imagem_PRENDEDORES.1.jpg","contentUrl":"https:\/\/kibazar.com.br\/wp-content\/uploads\/2022\/01\/Imagem_PRENDEDORES.1.jpg","width":960,"height":720,"caption":"Prendedores El\u00e1sticos Para Len\u00e7\u00f3is"},{"@type":"BreadcrumbList","@id":"https:\/\/kibazar.com.br\/?product=prendedores-elasticos-para-lencois#breadcrumb","itemListElement":[{"@type":"ListItem","position":1,"name":"In\u00edcio","item":"https:\/\/kibazar.com.br\/"},{"@type":"ListItem","position":2,"name":"Produtos","item":"https:\/\/kibazar.com.br\/?page_id=11"},{"@type":"ListItem","position":3,"name":"Prendedores El\u00e1sticos Para Len\u00e7\u00f3is"}]},{"@type":"WebSite","@id":"https:\/\/kibazar.com.br\/#website","url":"https:\/\/kibazar.com.br\/","name":"Kibazar","description":"A sua loja de variedades","publisher":{"@id":"https:\/\/kibazar.com.br\/#organization"},"potentialAction":[{"@type":"SearchAction","target":{"@type":"EntryPoint","urlTemplate":"https:\/\/kibazar.com.br\/?s={search_term_string}"},"query-input":{"@type":"PropertyValueSpecification","valueRequired":true,"valueName":"search_term_string"}}],"inLanguage":"pt-BR"},{"@type":"Organization","@id":"https:\/\/kibazar.com.br\/#organization","name":"Kibazar","url":"https:\/\/kibazar.com.br\/","logo":{"@type":"ImageObject","inLanguage":"pt-BR","@id":"https:\/\/kibazar.com.br\/#\/schema\/logo\/image\/","url":"https:\/\/kibazar.com.br\/wp-content\/uploads\/2022\/01\/LOGO.png","contentUrl":"https:\/\/kibazar.com.br\/wp-content\/uploads\/2022\/01\/LOGO.png","width":1000,"height":232,"caption":"Kibazar"},"image":{"@id":"https:\/\/kibazar.com.br\/#\/schema\/logo\/image\/"}}]}},"_links":{"self":[{"href":"https:\/\/kibazar.com.br\/index.php?rest_route=\/wp\/v2\/product\/488","targetHints":{"allow":["GET"]}}],"collection":[{"href":"https:\/\/kibazar.com.br\/index.php?rest_route=\/wp\/v2\/product"}],"about":[{"href":"https:\/\/kibazar.com.br\/index.php?rest_route=\/wp\/v2\/types\/product"}],"replies":[{"embeddable":true,"href":"https:\/\/kibazar.com.br\/index.php?rest_route=%2Fwp%2Fv2%2Fcomments&post=488"}],"wp:featuredmedia":[{"embeddable":true,"href":"https:\/\/kibazar.com.br\/index.php?rest_route=\/wp\/v2\/media\/489"}],"wp:attachment":[{"href":"https:\/\/kibazar.com.br\/index.php?rest_route=%2Fwp%2Fv2%2Fmedia&parent=488"}],"wp:term":[{"taxonomy":"product_brand","embeddable":true,"href":"https:\/\/kibazar.com.br\/index.php?rest_route=%2Fwp%2Fv2%2Fproduct_brand&post=488"},{"taxonomy":"product_cat","embeddable":true,"href":"https:\/\/kibazar.com.br\/index.php?rest_route=%2Fwp%2Fv2%2Fproduct_cat&post=488"},{"taxonomy":"product_tag","embeddable":true,"href":"https:\/\/kibazar.com.br\/index.php?rest_route=%2Fwp%2Fv2%2Fproduct_tag&post=488"}],"curies":[{"name":"wp","href":"https:\/\/api.w.org\/{rel}","templated":true}]}}