{"id":1704,"date":"2022-09-21T19:37:33","date_gmt":"2022-09-21T22:37:33","guid":{"rendered":"https:\/\/kibazar.com.br\/?post_type=product&#038;p=1704"},"modified":"2022-09-22T12:49:23","modified_gmt":"2022-09-22T15:49:23","slug":"cha-de-borragem-para-tratar-o-nervosismo","status":"publish","type":"product","link":"https:\/\/kibazar.com.br\/?product=cha-de-borragem-para-tratar-o-nervosismo","title":{"rendered":"Ch\u00e1 de BORRAGEM Para Tratar o NERVOSISMO"},"content":{"rendered":"<h1 style=\"text-align: center;\"><span style=\"color: #000000;\"><strong>Ch\u00e1 de <span style=\"color: #008000;\">BORRAGEM<\/span> Para Tratamento Natural do <span style=\"color: #b40000;\">NERVOSISMO<\/span><\/strong><\/span><\/h1>\n<h5 style=\"text-align: justify;\"><span style=\"color: #ffffff;\">.<\/span><\/h5>\n<p style=\"text-align: justify;\"><span style=\"color: #000000;\">O <strong>Ch\u00e1 de Borragem<\/strong>\u00a0para controlar o <strong>Nervosismo<\/strong> e a <strong>Ansiedade<\/strong> \u00e9 comumente usado para aliviar esses sintomas. Estes males nem sempre est\u00e3o associados apenas a <strong>problemas f\u00edsicos<\/strong>, mas de &#8220;<span style=\"text-decoration: underline;\">ordem psicol\u00f3gica<\/span>&#8220;, o que faz com que os sintomas do nervosismo sejam ainda piores em algumas circunst\u00e2ncias.<\/span><\/p>\n<p style=\"text-align: justify;\"><span style=\"color: #000000;\">Diferente da\u00a0ansiedade, o\u00a0nervosismo\u00a0muitas vezes gera irrita\u00e7\u00e3o e agressividade, fazendo com que a pessoa nervosa responda com <strong>severidade<\/strong> em momentos nada oportunos. Controlar os sintomas do nervosismo depende de v\u00e1rios fatores e, em muitos casos, o \u201cAcompanhamento Terap\u00eautico e Psicol\u00f3gico\u201d \u00e9 fundamental. Esta \u00e9 apenas uma receita de <strong>calmante natural<\/strong> para o nervosismo, que pode auxiliar no tratamento.<\/span><\/p>\n<h5 style=\"text-align: justify;\"><span style=\"color: #ffffff;\">.<\/span><\/h5>\n<h2 style=\"text-align: justify;\"><span style=\"color: #000000;\"><span style=\"color: #b40000;\"><strong>\u27a4<\/strong><\/span><strong> Ch\u00e1 de BORRAGEM<\/strong> \u2013 Voc\u00ea Vai Precisar de:\u00a0<\/span><\/h2>\n<h4 style=\"text-align: justify;\"><span style=\"color: #000000;\"><strong>1<\/strong> \u2013 Uma colher de caf\u00e9 de \u201c<strong>Folhas e Flores Secas de\u00a0Borragem<\/strong>\u201c.<\/span><\/h4>\n<h4 style=\"text-align: justify;\"><span style=\"color: #000000;\"><strong>2<\/strong> \u2013 Uma X\u00edcara de \u00c1gua.<\/span><\/h4>\n<h5 style=\"text-align: justify;\"><span style=\"color: #ffffff;\">.<\/span><\/h5>\n<h2 style=\"text-align: justify;\"><span style=\"color: #000000;\"><span style=\"color: #b40000;\"><strong>\u27a4<\/strong><\/span><strong> Como Preparar o Ch\u00e1 de BORRAGEM:\u00a0<\/strong><\/span><\/h2>\n<p style=\"text-align: justify;\"><span style=\"color: #000000;\">Primeiramente, retire os \u201cpelos\u201d da <strong>Borragem<\/strong>. Em seguida, ferva a \u00e1gua e desligue o fogo. Logo ap\u00f3s despeje a \u00e1gua quente sobre a Borragem e deixe tampado por\u00a010\u00a0minutos. Coe e espere amornar.<\/span><\/p>\n<p style=\"text-align: justify;\"><span style=\"color: #000000;\"><strong>\u27a4<\/strong><strong> Posologia:<\/strong>\u00a0Beba o ch\u00e1 quando achar necess\u00e1rio, sem exageros.<\/span><\/p>\n<p style=\"text-align: justify;\"><span style=\"color: #000000;\"><strong>\u27a4<\/strong> <span style=\"color: #ff0000;\"><strong>Cuidados<\/strong><\/span>:\u00a0Pode causar \u201cRea\u00e7\u00f5es Al\u00e9rgicas\u201d, sobretudo se os <strong>pelos da planta<\/strong> estiverem presentes.<\/span><\/p>\n<p style=\"text-align: justify;\"><span style=\"color: #000000;\"><strong>\u27a4<\/strong><strong> Gostou Dessa Receita?<\/strong> Compartilhe com <strong>seus amigos<\/strong> nas redes sociais.<\/span><\/p>\n<h3><span style=\"color: #000000;\"><strong><a href=\"http:\/\/www.kibazar.com.br\/?product=zeolita-para-eliminar-metais-pesados\" target=\"_blank\" rel=\"noopener\">ZE\u00d3LITA, Um Poderoso DESINTOXICANTE de \u201c<span style=\"color: #b40000;\">METAIS PESADOS<\/span>\u201d<\/a><\/strong> <a href=\"http:\/\/www.kibazar.com.br\/?product=zeolita-para-eliminar-metais-pesados\" target=\"_blank\" rel=\"noopener\"><img decoding=\"async\" class=\"alignnone wp-image-410\" src=\"https:\/\/kibazar.com.br\/wp-content\/uploads\/2022\/01\/Imagem.ZEOLITA-Clinoptilolita.1-\u2013\u2013\u2013-KIT.1-150x150.jpg\" alt=\"Ze\u00f3lita Clinoptilolita Standard\" width=\"250\" height=\"188\" srcset=\"https:\/\/kibazar.com.br\/wp-content\/uploads\/2022\/01\/Imagem.ZEOLITA-Clinoptilolita.1-\u2013\u2013\u2013-KIT.1-462x347.jpg 462w, https:\/\/kibazar.com.br\/wp-content\/uploads\/2022\/01\/Imagem.ZEOLITA-Clinoptilolita.1-\u2013\u2013\u2013-KIT.1-300x225.jpg 300w, https:\/\/kibazar.com.br\/wp-content\/uploads\/2022\/01\/Imagem.ZEOLITA-Clinoptilolita.1-\u2013\u2013\u2013-KIT.1-768x576.jpg 768w, https:\/\/kibazar.com.br\/wp-content\/uploads\/2022\/01\/Imagem.ZEOLITA-Clinoptilolita.1-\u2013\u2013\u2013-KIT.1.jpg 960w\" sizes=\"(max-width: 250px) 100vw, 250px\" \/><\/a><\/span><\/h3>\n<h5 style=\"text-align: justify;\"><span style=\"color: #ffffff;\">.<\/span><\/h5>\n<h4 style=\"text-align: justify; padding-left: 80px;\"><span style=\"color: #000000;\"><strong>Reda\u00e7\u00e3o:<\/strong> <span style=\"color: #0000ff;\">SCHNEIDER Sa\u00fade e Terapia<\/span> \u2013 <em>Sua Sa\u00fade Levada a S\u00e9rio<\/em><\/span><\/h4>\n<h4 style=\"text-align: justify; padding-left: 80px;\"><span style=\"color: #000000;\">S\u00e9rgio Schneider<\/span><\/h4>\n<h4 style=\"text-align: justify; padding-left: 80px;\"><span style=\"color: #000000;\"><strong>CRT:<\/strong> 42.237<\/span><\/h4>\n<h4 style=\"text-align: justify; padding-left: 80px;\"><span style=\"color: #000000;\"><strong>Sinaten:<\/strong> CTN-SP 2732<\/span><\/h4>\n<h5 style=\"text-align: justify;\"><span style=\"color: #ffffff;\">.<\/span><\/h5>\n<h3 style=\"text-align: justify;\"><span style=\"color: #000000;\"><span style=\"color: #b40000;\"><strong>\u27a4\u00a0<\/strong><\/span><\/span><span style=\"color: #000000;\"><strong>TERAPEUTA DO SONO<\/strong><\/span><\/h3>\n<h4 style=\"text-align: justify;\"><span style=\"color: #000000;\">Fitoterapeuta, Psicoterapeuta e Ortomolecular<\/span><\/h4>\n<h4 style=\"text-align: justify;\"><span style=\"color: #000000;\">Especialista em Plantas Medicinais<\/span><\/h4>\n<h4 style=\"text-align: justify;\"><span style=\"color: #000000;\">P\u00f3s-Graduado em Fitoterapia Cl\u00ednica<\/span><\/h4>\n<h4 style=\"text-align: justify;\"><span style=\"color: #000000;\">Especializado em <a href=\"https:\/\/saudeeterapia.wordpress.com\/2019\/10\/10\/incontinencia-urinaria-tratamento-natural-infanto-juvenil-e-adultos\/\" target=\"_blank\" rel=\"noopener\">Incontin\u00eancia Urin\u00e1ria<\/a> e Prostatite<\/span><\/h4>\n<h4 style=\"text-align: justify;\"><span style=\"color: #000000;\"><u>Principais Tratamentos<\/u>: <strong>Ronco<\/strong>, <strong>Apneia do Sono<\/strong> e <strong>Ins\u00f4nia<\/strong><\/span><\/h4>\n<h4 style=\"text-align: justify;\"><span style=\"color: #000000;\"><u>Novos Tratamentos<\/u>: <strong>Alcoolismo<\/strong>, <strong>Depress\u00e3o<\/strong>, <strong>Diabetes<\/strong>, <strong>Hipertens\u00e3o<\/strong> e <strong>Psor\u00edase<\/strong><\/span><\/h4>\n<h5 style=\"text-align: justify;\"><span style=\"color: #ffffff;\">.<\/span><\/h5>\n<h4 style=\"text-align: justify; padding-left: 80px;\"><span style=\"color: #000000;\"><strong>Loja:<\/strong> <a href=\"http:\/\/www.saudeeterapia.com.br\" target=\"_blank\" rel=\"noopener\">www.saudeeterapia.com.br<\/a><\/span><\/h4>\n<h4 style=\"text-align: justify; padding-left: 80px;\"><span style=\"color: #000000;\"><strong>Tel.<\/strong> (<strong>11<\/strong>) 5044-0606<\/span><\/h4>\n<h4 style=\"text-align: justify; padding-left: 80px;\"><span style=\"color: #000000;\"><strong>Cel.<\/strong> (<strong>11<\/strong>) 9.9524-2828 \u2013 <strong>WhatsApp<\/strong><\/span><\/h4>\n<h5 style=\"text-align: justify;\"><span style=\"color: #ffffff;\">.<\/span><\/h5>\n<h3 style=\"text-align: justify;\"><span style=\"color: #000000;\"><span style=\"color: #b40000;\"><strong>\u27a4\u00a0<\/strong><\/span><\/span><span style=\"color: #000000;\"><strong>VEJA e Conhe\u00e7a Tamb\u00e9m:\u00a0<\/strong><\/span><\/h3>\n<h4 style=\"text-align: justify;\"><a href=\"http:\/\/www.kibazar.com.br\/?product=sono-pax-aparelho-anti-ronco-e-apneia-do-sono\" target=\"_blank\" rel=\"noopener\"><strong>SONO-PAX<\/strong> \u2013 Aparelho anti <strong>Ronco<\/strong> e Apneia do Sono<\/a><\/h4>\n<h4 style=\"text-align: justify;\"><a href=\"http:\/\/www.kibazar.com.br\/?product=travesseiro-pillow-pax-anti-ronco-apneia-caimbras-e-dores-na-coluna\" target=\"_blank\" rel=\"noopener\"><strong>PILLOW-PAX<\/strong> \u2013 Travesseiro anti <strong>Ronco<\/strong> e Apneia do Sono<\/a><\/h4>\n<h5 style=\"text-align: justify;\"><span style=\"color: #ffffff;\">.<\/span><\/h5>\n<h3 style=\"text-align: justify; padding-left: 80px;\"><span style=\"color: #b40000;\"><strong>\u27a4<\/strong> <\/span><a href=\"https:\/\/saudeeterapia.wordpress.com\/category\/tratamentos\/\" target=\"_blank\" rel=\"noopener\"><strong>CLIQUE AQUI<\/strong>\u00a0e conhe\u00e7a nossos <strong>Tratamentos Naturais<\/strong><\/a><\/h3>\n<h4 style=\"text-align: justify; padding-left: 80px;\"><span style=\"color: #000000;\"><strong>\u27a4<\/strong> Fa\u00e7a seu\u00a0<u>tratamento natural<\/u>\u00a0e\u00a0<strong>pague<\/strong>\u00a0pelo\u00a0<span style=\"color: #0000ff;\"><strong>Mercado Pago<\/strong><\/span>\u00a0em <u>at\u00e9\u00a0<strong>12x<\/strong><\/u><strong>.<\/strong><\/span><\/h4>\n<h4 style=\"text-align: justify; padding-left: 80px;\"><span style=\"color: #000000;\"><strong>\u27a4<\/strong> Ligue e marque seu\u00a0<strong>atendimento<\/strong> agora.<\/span><\/h4>\n<p>&nbsp;<\/p>\n","protected":false},"excerpt":{"rendered":"<h5 style=\"text-align: justify;\"><span style=\"color: #000000;\">O <span style=\"color: #008000;\"><strong>Ch\u00e1 de Borragem<\/strong><\/span> \u00e9 usado para controlar e aliviar o <strong>Nervosismo<\/strong> e a <strong>Ansiedade<\/strong>, sintomas associados \u00e0 <strong>problemas f\u00edsicos<\/strong> e \u00e0s vezes <strong>psicol\u00f3gicos<\/strong>.<\/span><br \/>\n<span style=\"color: #000000;\">O nervosismo muitas vezes gera &#8220;<span style=\"text-decoration: underline;\">irrita\u00e7\u00e3o e agressividade<\/span>&#8221; e a pessoa nervosa pode responder de forma severa.<\/span><br \/>\n<span style=\"color: #000000;\">O \u201c<em><span style=\"color: #0000ff;\">Acompanhamento Terap\u00eautico e Psicol\u00f3gico<\/span><\/em>\u201d pode ser fundamental.<\/span><\/h5>\n","protected":false},"featured_media":1705,"comment_status":"open","ping_status":"closed","template":"","meta":{"site-sidebar-layout":"default","site-content-layout":"default","ast-site-content-layout":"default","site-content-style":"default","site-sidebar-style":"default","ast-global-header-display":"","ast-banner-title-visibility":"","ast-main-header-display":"","ast-hfb-above-header-display":"","ast-hfb-below-header-display":"","ast-hfb-mobile-header-display":"","site-post-title":"","ast-breadcrumbs-content":"","ast-featured-img":"","footer-sml-layout":"","ast-disable-related-posts":"","theme-transparent-header-meta":"default","adv-header-id-meta":"","stick-header-meta":"","header-above-stick-meta":"","header-main-stick-meta":"","header-below-stick-meta":"","astra-migrate-meta-layouts":"default","ast-page-background-enabled":"default","ast-page-background-meta":{"desktop":{"background-color":"var(--ast-global-color-4)","background-image":"","background-repeat":"repeat","background-position":"center center","background-size":"auto","background-attachment":"scroll","background-type":"","background-media":"","overlay-type":"","overlay-color":"","overlay-opacity":"","overlay-gradient":""},"tablet":{"background-color":"","background-image":"","background-repeat":"repeat","background-position":"center center","background-size":"auto","background-attachment":"scroll","background-type":"","background-media":"","overlay-type":"","overlay-color":"","overlay-opacity":"","overlay-gradient":""},"mobile":{"background-color":"","background-image":"","background-repeat":"repeat","background-position":"center center","background-size":"auto","background-attachment":"scroll","background-type":"","background-media":"","overlay-type":"","overlay-color":"","overlay-opacity":"","overlay-gradient":""}},"ast-content-background-meta":{"desktop":{"background-color":"var(--ast-global-color-5)","background-image":"","background-repeat":"repeat","background-position":"center center","background-size":"auto","background-attachment":"scroll","background-type":"","background-media":"","overlay-type":"","overlay-color":"","overlay-opacity":"","overlay-gradient":""},"tablet":{"background-color":"var(--ast-global-color-5)","background-image":"","background-repeat":"repeat","background-position":"center center","background-size":"auto","background-attachment":"scroll","background-type":"","background-media":"","overlay-type":"","overlay-color":"","overlay-opacity":"","overlay-gradient":""},"mobile":{"background-color":"var(--ast-global-color-5)","background-image":"","background-repeat":"repeat","background-position":"center center","background-size":"auto","background-attachment":"scroll","background-type":"","background-media":"","overlay-type":"","overlay-color":"","overlay-opacity":"","overlay-gradient":""}}},"product_brand":[],"product_cat":[21],"product_tag":[938,307,212,438,939,940,441,941,384,651,176,320,765,126,942,83,943,303,337,181,670,671,465,123,104,872,708,113],"class_list":{"0":"post-1704","1":"product","2":"type-product","3":"status-publish","4":"has-post-thumbnail","6":"product_cat-receitas","7":"product_tag-agressividade","8":"product_tag-alcoolismo","9":"product_tag-ansiedade","10":"product_tag-apneia-do-sono","11":"product_tag-calmante","12":"product_tag-cha-de-borragem","13":"product_tag-depressao","14":"product_tag-desintoxicante","15":"product_tag-diabetes","16":"product_tag-fitoterapeuta","17":"product_tag-fitoterapia","18":"product_tag-hipertensao","19":"product_tag-incontinencia","20":"product_tag-insonia","21":"product_tag-irritacao","22":"product_tag-metais-pesados","23":"product_tag-nervosismo","24":"product_tag-ortomolecular","25":"product_tag-pillow-pax","26":"product_tag-plantas-medicinais","27":"product_tag-prostatite","28":"product_tag-psicoterapeuta","29":"product_tag-psoriase","30":"product_tag-ronco","31":"product_tag-sintomas","32":"product_tag-sono-pax","33":"product_tag-tratamento-natural","34":"product_tag-zeolita","35":"desktop-align-left","36":"tablet-align-left","37":"mobile-align-left","39":"first","40":"instock","41":"shipping-taxable","42":"product-type-simple"},"yoast_head":"<!-- This site is optimized with the Yoast SEO plugin v27.1.1 - https:\/\/yoast.com\/product\/yoast-seo-wordpress\/ -->\n<title>Ch\u00e1 de BORRAGEM Para Tratar o NERVOSISMO - Kibazar<\/title>\n<meta name=\"description\" content=\"O Ch\u00e1 de Borragem \u00e9 usado para controlar e aliviar o Nervosismo e Ansiedade, sintomas associados \u00e0 problemas f\u00edsicos e \u00e0s vezes psicol\u00f3gicos.\" \/>\n<meta name=\"robots\" content=\"index, follow, max-snippet:-1, max-image-preview:large, max-video-preview:-1\" \/>\n<link rel=\"canonical\" href=\"https:\/\/kibazar.com.br\/?product=cha-de-borragem-para-tratar-o-nervosismo\" \/>\n<meta property=\"og:locale\" content=\"pt_BR\" \/>\n<meta property=\"og:type\" content=\"article\" \/>\n<meta property=\"og:title\" content=\"Ch\u00e1 de BORRAGEM Para Tratar o NERVOSISMO - Kibazar\" \/>\n<meta property=\"og:description\" content=\"O Ch\u00e1 de Borragem \u00e9 usado para controlar e aliviar o Nervosismo e Ansiedade, sintomas associados \u00e0 problemas f\u00edsicos e \u00e0s vezes psicol\u00f3gicos.\" \/>\n<meta property=\"og:url\" content=\"https:\/\/kibazar.com.br\/?product=cha-de-borragem-para-tratar-o-nervosismo\" \/>\n<meta property=\"og:site_name\" content=\"Kibazar\" \/>\n<meta property=\"article:modified_time\" content=\"2022-09-22T15:49:23+00:00\" \/>\n<meta property=\"og:image\" content=\"https:\/\/kibazar.com.br\/wp-content\/uploads\/2022\/09\/Imagem_Receitas_Cha-de-BORRAGEM.1.jpg\" \/>\n\t<meta property=\"og:image:width\" content=\"960\" \/>\n\t<meta property=\"og:image:height\" content=\"643\" \/>\n\t<meta property=\"og:image:type\" content=\"image\/jpeg\" \/>\n<meta name=\"twitter:card\" content=\"summary_large_image\" \/>\n<meta name=\"twitter:label1\" content=\"Est. tempo de leitura\" \/>\n\t<meta name=\"twitter:data1\" content=\"3 minutos\" \/>\n<script type=\"application\/ld+json\" class=\"yoast-schema-graph\">{\"@context\":\"https:\/\/schema.org\",\"@graph\":[{\"@type\":\"WebPage\",\"@id\":\"https:\/\/kibazar.com.br\/?product=cha-de-borragem-para-tratar-o-nervosismo\",\"url\":\"https:\/\/kibazar.com.br\/?product=cha-de-borragem-para-tratar-o-nervosismo\",\"name\":\"Ch\u00e1 de BORRAGEM Para Tratar o NERVOSISMO - Kibazar\",\"isPartOf\":{\"@id\":\"https:\/\/kibazar.com.br\/#website\"},\"primaryImageOfPage\":{\"@id\":\"https:\/\/kibazar.com.br\/?product=cha-de-borragem-para-tratar-o-nervosismo#primaryimage\"},\"image\":{\"@id\":\"https:\/\/kibazar.com.br\/?product=cha-de-borragem-para-tratar-o-nervosismo#primaryimage\"},\"thumbnailUrl\":\"https:\/\/kibazar.com.br\/wp-content\/uploads\/2022\/09\/Imagem_Receitas_Cha-de-BORRAGEM.1.jpg\",\"datePublished\":\"2022-09-21T22:37:33+00:00\",\"dateModified\":\"2022-09-22T15:49:23+00:00\",\"description\":\"O Ch\u00e1 de Borragem \u00e9 usado para controlar e aliviar o Nervosismo e Ansiedade, sintomas associados \u00e0 problemas f\u00edsicos e \u00e0s vezes psicol\u00f3gicos.\",\"breadcrumb\":{\"@id\":\"https:\/\/kibazar.com.br\/?product=cha-de-borragem-para-tratar-o-nervosismo#breadcrumb\"},\"inLanguage\":\"pt-BR\",\"potentialAction\":[{\"@type\":\"ReadAction\",\"target\":[\"https:\/\/kibazar.com.br\/?product=cha-de-borragem-para-tratar-o-nervosismo\"]}]},{\"@type\":\"ImageObject\",\"inLanguage\":\"pt-BR\",\"@id\":\"https:\/\/kibazar.com.br\/?product=cha-de-borragem-para-tratar-o-nervosismo#primaryimage\",\"url\":\"https:\/\/kibazar.com.br\/wp-content\/uploads\/2022\/09\/Imagem_Receitas_Cha-de-BORRAGEM.1.jpg\",\"contentUrl\":\"https:\/\/kibazar.com.br\/wp-content\/uploads\/2022\/09\/Imagem_Receitas_Cha-de-BORRAGEM.1.jpg\",\"width\":960,\"height\":643,\"caption\":\"Ch\u00e1 de BORRAGEM Para Tratamento Natural do NERVOSISMO\"},{\"@type\":\"BreadcrumbList\",\"@id\":\"https:\/\/kibazar.com.br\/?product=cha-de-borragem-para-tratar-o-nervosismo#breadcrumb\",\"itemListElement\":[{\"@type\":\"ListItem\",\"position\":1,\"name\":\"In\u00edcio\",\"item\":\"https:\/\/kibazar.com.br\/\"},{\"@type\":\"ListItem\",\"position\":2,\"name\":\"Produtos\",\"item\":\"https:\/\/kibazar.com.br\/?page_id=11\"},{\"@type\":\"ListItem\",\"position\":3,\"name\":\"Ch\u00e1 de BORRAGEM Para Tratar o NERVOSISMO\"}]},{\"@type\":\"WebSite\",\"@id\":\"https:\/\/kibazar.com.br\/#website\",\"url\":\"https:\/\/kibazar.com.br\/\",\"name\":\"Kibazar\",\"description\":\"A sua loja de variedades\",\"publisher\":{\"@id\":\"https:\/\/kibazar.com.br\/#organization\"},\"potentialAction\":[{\"@type\":\"SearchAction\",\"target\":{\"@type\":\"EntryPoint\",\"urlTemplate\":\"https:\/\/kibazar.com.br\/?s={search_term_string}\"},\"query-input\":{\"@type\":\"PropertyValueSpecification\",\"valueRequired\":true,\"valueName\":\"search_term_string\"}}],\"inLanguage\":\"pt-BR\"},{\"@type\":\"Organization\",\"@id\":\"https:\/\/kibazar.com.br\/#organization\",\"name\":\"Kibazar\",\"url\":\"https:\/\/kibazar.com.br\/\",\"logo\":{\"@type\":\"ImageObject\",\"inLanguage\":\"pt-BR\",\"@id\":\"https:\/\/kibazar.com.br\/#\/schema\/logo\/image\/\",\"url\":\"https:\/\/kibazar.com.br\/wp-content\/uploads\/2022\/01\/LOGO.png\",\"contentUrl\":\"https:\/\/kibazar.com.br\/wp-content\/uploads\/2022\/01\/LOGO.png\",\"width\":1000,\"height\":232,\"caption\":\"Kibazar\"},\"image\":{\"@id\":\"https:\/\/kibazar.com.br\/#\/schema\/logo\/image\/\"}}]}<\/script>\n<!-- \/ Yoast SEO plugin. -->","yoast_head_json":{"title":"Ch\u00e1 de BORRAGEM Para Tratar o NERVOSISMO - Kibazar","description":"O Ch\u00e1 de Borragem \u00e9 usado para controlar e aliviar o Nervosismo e Ansiedade, sintomas associados \u00e0 problemas f\u00edsicos e \u00e0s vezes psicol\u00f3gicos.","robots":{"index":"index","follow":"follow","max-snippet":"max-snippet:-1","max-image-preview":"max-image-preview:large","max-video-preview":"max-video-preview:-1"},"canonical":"https:\/\/kibazar.com.br\/?product=cha-de-borragem-para-tratar-o-nervosismo","og_locale":"pt_BR","og_type":"article","og_title":"Ch\u00e1 de BORRAGEM Para Tratar o NERVOSISMO - Kibazar","og_description":"O Ch\u00e1 de Borragem \u00e9 usado para controlar e aliviar o Nervosismo e Ansiedade, sintomas associados \u00e0 problemas f\u00edsicos e \u00e0s vezes psicol\u00f3gicos.","og_url":"https:\/\/kibazar.com.br\/?product=cha-de-borragem-para-tratar-o-nervosismo","og_site_name":"Kibazar","article_modified_time":"2022-09-22T15:49:23+00:00","og_image":[{"width":960,"height":643,"url":"https:\/\/kibazar.com.br\/wp-content\/uploads\/2022\/09\/Imagem_Receitas_Cha-de-BORRAGEM.1.jpg","type":"image\/jpeg"}],"twitter_card":"summary_large_image","twitter_misc":{"Est. tempo de leitura":"3 minutos"},"schema":{"@context":"https:\/\/schema.org","@graph":[{"@type":"WebPage","@id":"https:\/\/kibazar.com.br\/?product=cha-de-borragem-para-tratar-o-nervosismo","url":"https:\/\/kibazar.com.br\/?product=cha-de-borragem-para-tratar-o-nervosismo","name":"Ch\u00e1 de BORRAGEM Para Tratar o NERVOSISMO - Kibazar","isPartOf":{"@id":"https:\/\/kibazar.com.br\/#website"},"primaryImageOfPage":{"@id":"https:\/\/kibazar.com.br\/?product=cha-de-borragem-para-tratar-o-nervosismo#primaryimage"},"image":{"@id":"https:\/\/kibazar.com.br\/?product=cha-de-borragem-para-tratar-o-nervosismo#primaryimage"},"thumbnailUrl":"https:\/\/kibazar.com.br\/wp-content\/uploads\/2022\/09\/Imagem_Receitas_Cha-de-BORRAGEM.1.jpg","datePublished":"2022-09-21T22:37:33+00:00","dateModified":"2022-09-22T15:49:23+00:00","description":"O Ch\u00e1 de Borragem \u00e9 usado para controlar e aliviar o Nervosismo e Ansiedade, sintomas associados \u00e0 problemas f\u00edsicos e \u00e0s vezes psicol\u00f3gicos.","breadcrumb":{"@id":"https:\/\/kibazar.com.br\/?product=cha-de-borragem-para-tratar-o-nervosismo#breadcrumb"},"inLanguage":"pt-BR","potentialAction":[{"@type":"ReadAction","target":["https:\/\/kibazar.com.br\/?product=cha-de-borragem-para-tratar-o-nervosismo"]}]},{"@type":"ImageObject","inLanguage":"pt-BR","@id":"https:\/\/kibazar.com.br\/?product=cha-de-borragem-para-tratar-o-nervosismo#primaryimage","url":"https:\/\/kibazar.com.br\/wp-content\/uploads\/2022\/09\/Imagem_Receitas_Cha-de-BORRAGEM.1.jpg","contentUrl":"https:\/\/kibazar.com.br\/wp-content\/uploads\/2022\/09\/Imagem_Receitas_Cha-de-BORRAGEM.1.jpg","width":960,"height":643,"caption":"Ch\u00e1 de BORRAGEM Para Tratamento Natural do NERVOSISMO"},{"@type":"BreadcrumbList","@id":"https:\/\/kibazar.com.br\/?product=cha-de-borragem-para-tratar-o-nervosismo#breadcrumb","itemListElement":[{"@type":"ListItem","position":1,"name":"In\u00edcio","item":"https:\/\/kibazar.com.br\/"},{"@type":"ListItem","position":2,"name":"Produtos","item":"https:\/\/kibazar.com.br\/?page_id=11"},{"@type":"ListItem","position":3,"name":"Ch\u00e1 de BORRAGEM Para Tratar o NERVOSISMO"}]},{"@type":"WebSite","@id":"https:\/\/kibazar.com.br\/#website","url":"https:\/\/kibazar.com.br\/","name":"Kibazar","description":"A sua loja de variedades","publisher":{"@id":"https:\/\/kibazar.com.br\/#organization"},"potentialAction":[{"@type":"SearchAction","target":{"@type":"EntryPoint","urlTemplate":"https:\/\/kibazar.com.br\/?s={search_term_string}"},"query-input":{"@type":"PropertyValueSpecification","valueRequired":true,"valueName":"search_term_string"}}],"inLanguage":"pt-BR"},{"@type":"Organization","@id":"https:\/\/kibazar.com.br\/#organization","name":"Kibazar","url":"https:\/\/kibazar.com.br\/","logo":{"@type":"ImageObject","inLanguage":"pt-BR","@id":"https:\/\/kibazar.com.br\/#\/schema\/logo\/image\/","url":"https:\/\/kibazar.com.br\/wp-content\/uploads\/2022\/01\/LOGO.png","contentUrl":"https:\/\/kibazar.com.br\/wp-content\/uploads\/2022\/01\/LOGO.png","width":1000,"height":232,"caption":"Kibazar"},"image":{"@id":"https:\/\/kibazar.com.br\/#\/schema\/logo\/image\/"}}]}},"_links":{"self":[{"href":"https:\/\/kibazar.com.br\/index.php?rest_route=\/wp\/v2\/product\/1704","targetHints":{"allow":["GET"]}}],"collection":[{"href":"https:\/\/kibazar.com.br\/index.php?rest_route=\/wp\/v2\/product"}],"about":[{"href":"https:\/\/kibazar.com.br\/index.php?rest_route=\/wp\/v2\/types\/product"}],"replies":[{"embeddable":true,"href":"https:\/\/kibazar.com.br\/index.php?rest_route=%2Fwp%2Fv2%2Fcomments&post=1704"}],"wp:featuredmedia":[{"embeddable":true,"href":"https:\/\/kibazar.com.br\/index.php?rest_route=\/wp\/v2\/media\/1705"}],"wp:attachment":[{"href":"https:\/\/kibazar.com.br\/index.php?rest_route=%2Fwp%2Fv2%2Fmedia&parent=1704"}],"wp:term":[{"taxonomy":"product_brand","embeddable":true,"href":"https:\/\/kibazar.com.br\/index.php?rest_route=%2Fwp%2Fv2%2Fproduct_brand&post=1704"},{"taxonomy":"product_cat","embeddable":true,"href":"https:\/\/kibazar.com.br\/index.php?rest_route=%2Fwp%2Fv2%2Fproduct_cat&post=1704"},{"taxonomy":"product_tag","embeddable":true,"href":"https:\/\/kibazar.com.br\/index.php?rest_route=%2Fwp%2Fv2%2Fproduct_tag&post=1704"}],"curies":[{"name":"wp","href":"https:\/\/api.w.org\/{rel}","templated":true}]}}