{"id":1701,"date":"2022-09-20T14:05:56","date_gmt":"2022-09-20T17:05:56","guid":{"rendered":"https:\/\/kibazar.com.br\/?post_type=product&#038;p=1701"},"modified":"2022-09-21T13:37:41","modified_gmt":"2022-09-21T16:37:41","slug":"cha-verde-para-tratar-a-osteoporose","status":"publish","type":"product","link":"https:\/\/kibazar.com.br\/?product=cha-verde-para-tratar-a-osteoporose","title":{"rendered":"CH\u00c1 VERDE Para Tratar a OSTEOPOROSE"},"content":{"rendered":"<h1 style=\"text-align: center;\"><span style=\"color: #000000;\"><span style=\"color: #008000;\"><strong>CH\u00c1 VERDE<\/strong><\/span><strong> Para Tratamento Natural da <span style=\"color: #b40000;\">OSTEOPOROSE<\/span><\/strong><\/span><\/h1>\n<h5><span style=\"color: #ffffff;\">.<\/span><\/h5>\n<p style=\"text-align: justify;\"><span style=\"color: #000000;\"><strong>CH\u00c1 VERDE Para Tratar a Osteoporose<\/strong> tem sido bastante usado para diversos problemas de sa\u00fade e tem se mostrado uma excelente solu\u00e7\u00e3o no tratamento da <strong>Osteoporose<\/strong> (<em>perda progressiva de Massa \u00d3ssea<\/em>), que \u00e9 uma doen\u00e7a muito comum, principalmente, entre as mulheres.<\/span><\/p>\n<p style=\"text-align: justify;\"><span style=\"color: #000000;\">A <strong>Osteoporose<\/strong> tamb\u00e9m tem sua forma de ser tratada, com alternativas naturais, mas sempre com o acompanhamento por um profissional da sa\u00fade. Poucas pessoas sabem que um ch\u00e1 natural, \u00e0 base do j\u00e1 conhecido <strong>Ch\u00e1 Verde<\/strong> (<span style=\"color: #0000ff;\"><em>Camellia sinensis<\/em><\/span>), &#8220;<em>aquele usado em dietas milagrosas<\/em>&#8220;, pode ser \u00fatil tamb\u00e9m na <strong>Osteoporose<\/strong>.<\/span><\/p>\n<h2 style=\"text-align: justify;\"><span style=\"color: #000000;\"><strong><span style=\"color: #b40000;\">\u27a4<\/span><\/strong><\/span><span style=\"color: #000000;\"><strong> O Que <\/strong><strong>Voc\u00ea Vai Precisar Para Fazer Um CH\u00c1 VERDE Para Tratar a Osteoporose:\u00a0<\/strong><\/span><\/h2>\n<h4 style=\"text-align: justify;\"><span style=\"color: #000000;\"><strong>1<\/strong> \u2013 Uma colher de ch\u00e1 de \u201cFolhas Secas de Ch\u00e1 Verde\u201d.<\/span><\/h4>\n<h4 style=\"text-align: justify;\"><span style=\"color: #000000;\"><strong>2<\/strong> \u2013 Uma X\u00edcara de \u00c1gua.<\/span><\/h4>\n<h5><span style=\"color: #ffffff;\">.<\/span><\/h5>\n<h2 style=\"text-align: justify;\"><span style=\"color: #000000;\"><strong><span style=\"color: #b40000;\">\u27a4<\/span> Como Preparar Um CH\u00c1 VERDE Para Tratar a OSTEOPOROSE:\u00a0<\/strong><\/span><\/h2>\n<p style=\"text-align: justify;\"><span style=\"color: #000000;\">Ferva a \u00e1gua e assim que come\u00e7ar a levantar fervura, desligue o fogo e acrescente as folhas de Ch\u00e1 Verde. Deixe abafado por alguns minutos e coe e est\u00e1 pronto para beber.<\/span><\/p>\n<p style=\"text-align: justify;\"><span style=\"color: #000000;\"><strong>\u27a4 Posologia:<\/strong>\u00a0Beba o ch\u00e1\u00a02\u00a0vezes ao dia.<\/span><\/p>\n<p style=\"text-align: justify;\"><span style=\"color: #000000;\"><span style=\"color: #ff0000;\"><strong><span style=\"color: #000000;\">\u27a4<\/span> Cuidados<\/strong><\/span>:\u00a0\u201cCrian\u00e7as, Diab\u00e9ticos, Gestantes e Pessoas\u201d que sofrem de Ins\u00f4nia e Problemas no Est\u00f4mago n\u00e3o devem tomar Ch\u00e1 Verde.<\/span><\/p>\n<p style=\"text-align: justify;\"><span style=\"color: #000000;\"><strong>\u27a4 Observa\u00e7\u00e3o:<\/strong> N\u00e3o se esque\u00e7a de usar o <strong>Ch\u00e1 Verde<\/strong> com modera\u00e7\u00e3o, assim como todo e qualquer outro produto natural. O <strong>Ch\u00e1 Verde<\/strong> ao ser usado em excesso pode se tornar t\u00f3xico e causar \u201c<strong>problemas hep\u00e1ticos<\/strong>\u201c.<\/span><\/p>\n<p style=\"text-align: justify;\"><span style=\"color: #000000;\"><strong>\u27a4<\/strong><strong> Gostou Dessa Receita?<\/strong> Compartilhe com <strong>seus amigos<\/strong> nas redes sociais.<\/span><\/p>\n<h3><span style=\"color: #000000;\"><strong><a href=\"http:\/\/www.kibazar.com.br\/?product=zeolita-para-eliminar-metais-pesados\" target=\"_blank\" rel=\"noopener\">KIT Para Tratamento Completo, com 3 ZE\u00d3LITAS Standard<\/a> <a href=\"http:\/\/www.kibazar.com.br\/?product=zeolita-para-eliminar-metais-pesados\" target=\"_blank\" rel=\"noopener\"><img decoding=\"async\" class=\"alignnone wp-image-410\" src=\"https:\/\/kibazar.com.br\/wp-content\/uploads\/2022\/01\/Imagem.ZEOLITA-Clinoptilolita.1-\u2013\u2013\u2013-KIT.1-150x150.jpg\" alt=\"Ze\u00f3lita Clinoptilolita Standard\" width=\"250\" height=\"188\" srcset=\"https:\/\/kibazar.com.br\/wp-content\/uploads\/2022\/01\/Imagem.ZEOLITA-Clinoptilolita.1-\u2013\u2013\u2013-KIT.1-462x347.jpg 462w, https:\/\/kibazar.com.br\/wp-content\/uploads\/2022\/01\/Imagem.ZEOLITA-Clinoptilolita.1-\u2013\u2013\u2013-KIT.1-300x225.jpg 300w, https:\/\/kibazar.com.br\/wp-content\/uploads\/2022\/01\/Imagem.ZEOLITA-Clinoptilolita.1-\u2013\u2013\u2013-KIT.1-768x576.jpg 768w, https:\/\/kibazar.com.br\/wp-content\/uploads\/2022\/01\/Imagem.ZEOLITA-Clinoptilolita.1-\u2013\u2013\u2013-KIT.1.jpg 960w\" sizes=\"(max-width: 250px) 100vw, 250px\" \/><\/a><\/strong><\/span><\/h3>\n<h5 style=\"text-align: justify;\"><span style=\"color: #ffffff;\">.<\/span><\/h5>\n<h4 style=\"text-align: justify; padding-left: 80px;\"><span style=\"color: #000000;\"><strong>Reda\u00e7\u00e3o:<\/strong> <span style=\"color: #0000ff;\">SCHNEIDER Sa\u00fade e Terapia<\/span> \u2013 <em>Sua Sa\u00fade Levada a S\u00e9rio<\/em><\/span><\/h4>\n<h4 style=\"text-align: justify; padding-left: 80px;\"><span style=\"color: #000000;\">S\u00e9rgio Schneider<\/span><\/h4>\n<h4 style=\"text-align: justify; padding-left: 80px;\"><span style=\"color: #000000;\"><strong>CRT:<\/strong> 42.237<\/span><\/h4>\n<h4 style=\"text-align: justify; padding-left: 80px;\"><span style=\"color: #000000;\"><strong>Sinaten:<\/strong> CTN-SP 2732<\/span><\/h4>\n<h5 style=\"text-align: justify;\"><span style=\"color: #ffffff;\">.<\/span><\/h5>\n<h3 style=\"text-align: justify;\"><span style=\"color: #000000;\"><strong><span style=\"color: #b40000;\">\u27a4<\/span> <\/strong><\/span><span style=\"color: #000000;\"><strong>TERAPEUTA DO SONO<\/strong><\/span><\/h3>\n<h4 style=\"text-align: justify;\"><span style=\"color: #000000;\">Fitoterapeuta, Psicoterapeuta e Ortomolecular<\/span><\/h4>\n<h4 style=\"text-align: justify;\"><span style=\"color: #000000;\">Especialista em Plantas Medicinais<\/span><\/h4>\n<h4 style=\"text-align: justify;\"><span style=\"color: #000000;\">P\u00f3s-Graduado em Fitoterapia Cl\u00ednica<\/span><\/h4>\n<h4 style=\"text-align: justify;\"><span style=\"color: #000000;\">Especializado em <a href=\"https:\/\/saudeeterapia.wordpress.com\/2019\/10\/10\/incontinencia-urinaria-tratamento-natural-infanto-juvenil-e-adultos\/\" target=\"_blank\" rel=\"noopener\">Incontin\u00eancia Urin\u00e1ria<\/a> e Prostatite<\/span><\/h4>\n<h4 style=\"text-align: justify;\"><span style=\"color: #000000;\"><u>Principais Tratamentos<\/u>: <strong>Ronco<\/strong>, <strong>Apneia do Sono<\/strong> e <strong>Ins\u00f4nia<\/strong><\/span><\/h4>\n<h4 style=\"text-align: justify;\"><span style=\"color: #000000;\"><u>Novos Tratamentos<\/u>: <strong>Alcoolismo<\/strong>, <strong>Depress\u00e3o<\/strong>, <strong>Diabetes<\/strong>, <strong>Hipertens\u00e3o<\/strong> e <strong>Psor\u00edase<\/strong><\/span><\/h4>\n<h5 style=\"text-align: justify;\"><span style=\"color: #ffffff;\">.<\/span><\/h5>\n<h4 style=\"text-align: justify; padding-left: 80px;\"><span style=\"color: #000000;\"><strong>Loja:<\/strong> <a href=\"http:\/\/www.saudeeterapia.com.br\" target=\"_blank\" rel=\"noopener\">www.saudeeterapia.com.br<\/a><\/span><\/h4>\n<h4 style=\"text-align: justify; padding-left: 80px;\"><span style=\"color: #000000;\"><strong>Tel.<\/strong> (<strong>11<\/strong>) 5044-0606<\/span><\/h4>\n<h4 style=\"text-align: justify; padding-left: 80px;\"><span style=\"color: #000000;\"><strong>Cel.<\/strong> (<strong>11<\/strong>) 9.9524-2828 \u2013 <strong>WhatsApp<\/strong><\/span><\/h4>\n<h5 style=\"text-align: justify;\"><span style=\"color: #ffffff;\">.<\/span><\/h5>\n<h3 style=\"text-align: justify;\"><span style=\"color: #000000;\"><strong><span style=\"color: #b40000;\">\u27a4<\/span> <\/strong><\/span><span style=\"color: #000000;\"><strong>VEJA e Conhe\u00e7a Tamb\u00e9m:\u00a0<\/strong><\/span><\/h3>\n<h4 style=\"text-align: justify;\"><span style=\"color: #008080;\"><a style=\"color: #008080;\" href=\"http:\/\/www.kibazar.com.br\/?product=sono-pax-aparelho-anti-ronco-e-apneia-do-sono\" target=\"_blank\" rel=\"noopener\"><strong>SONO-PAX<\/strong> \u2013 Aparelho anti <strong>Ronco<\/strong> e Apneia do Sono<\/a><\/span><\/h4>\n<h4 style=\"text-align: justify;\"><a href=\"http:\/\/www.kibazar.com.br\/?product=travesseiro-pillow-pax-anti-ronco-apneia-caimbras-e-dores-na-coluna\" target=\"_blank\" rel=\"noopener\"><span style=\"color: #000000;\"><strong><span style=\"color: #039696;\"><span style=\"color: #008080;\">PILLOW-PAX<\/span><\/span><\/strong><span style=\"color: #008080;\"> \u2013 Travesseiro anti <strong>Ronco<\/strong> e Apneia do Sono<\/span><\/span><\/a><\/h4>\n<h5 style=\"text-align: justify;\"><span style=\"color: #ffffff;\">.<\/span><\/h5>\n<h3 style=\"text-align: justify; padding-left: 80px;\"><span style=\"color: #000000;\"><strong><span style=\"color: #b40000;\">\u27a4<\/span> <\/strong><\/span><a href=\"https:\/\/saudeeterapia.wordpress.com\/category\/tratamentos\/\" target=\"_blank\" rel=\"noopener\"><strong>CLIQUE AQUI<\/strong>\u00a0e conhe\u00e7a nossos <strong>Tratamentos Naturais<\/strong><\/a><\/h3>\n<h4 style=\"text-align: justify; padding-left: 80px;\"><span style=\"color: #000000;\"><strong>\u27a4<\/strong> Fa\u00e7a seu\u00a0<u>tratamento natural<\/u>\u00a0e\u00a0<strong>pague<\/strong>\u00a0pelo\u00a0<span style=\"color: #0000ff;\"><strong>Mercado Pago<\/strong><\/span>\u00a0em <u>at\u00e9\u00a0<strong>12x<\/strong><\/u><strong>.<\/strong><\/span><\/h4>\n<h4 style=\"text-align: justify; padding-left: 80px;\"><span style=\"color: #000000;\"><strong>\u27a4<\/strong> Ligue e marque seu\u00a0<strong>atendimento<\/strong> agora.<\/span><\/h4>\n<p>&nbsp;<\/p>\n","protected":false},"excerpt":{"rendered":"<h5 style=\"text-align: justify;\"><span style=\"color: #000000;\">O <span style=\"color: #008000;\"><strong>CH\u00c1 VERDE<\/strong><\/span> (<span style=\"color: #0000ff;\"><em>Camellia sinensis<\/em><\/span>) al\u00e9m de ser usado para diversos problemas de sa\u00fade tem sido uma excelente solu\u00e7\u00e3o no tratamento da <strong>Osteoporose<\/strong>, uma doen\u00e7a bastante comum entre as mulheres.<\/span><br \/>\n<span style=\"color: #000000;\">\u00c9 importante que o tratamento sempre seja acompanhado por um <strong>profissional da sa\u00fade<\/strong>, especializado em <strong>tratamentos naturais<\/strong>.<\/span><\/h5>\n","protected":false},"featured_media":1702,"comment_status":"open","ping_status":"closed","template":"","meta":{"site-sidebar-layout":"default","site-content-layout":"default","ast-site-content-layout":"default","site-content-style":"default","site-sidebar-style":"default","ast-global-header-display":"","ast-banner-title-visibility":"","ast-main-header-display":"","ast-hfb-above-header-display":"","ast-hfb-below-header-display":"","ast-hfb-mobile-header-display":"","site-post-title":"","ast-breadcrumbs-content":"","ast-featured-img":"","footer-sml-layout":"","ast-disable-related-posts":"","theme-transparent-header-meta":"default","adv-header-id-meta":"","stick-header-meta":"","header-above-stick-meta":"","header-main-stick-meta":"","header-below-stick-meta":"","astra-migrate-meta-layouts":"default","ast-page-background-enabled":"default","ast-page-background-meta":{"desktop":{"background-color":"var(--ast-global-color-4)","background-image":"","background-repeat":"repeat","background-position":"center center","background-size":"auto","background-attachment":"scroll","background-type":"","background-media":"","overlay-type":"","overlay-color":"","overlay-opacity":"","overlay-gradient":""},"tablet":{"background-color":"","background-image":"","background-repeat":"repeat","background-position":"center center","background-size":"auto","background-attachment":"scroll","background-type":"","background-media":"","overlay-type":"","overlay-color":"","overlay-opacity":"","overlay-gradient":""},"mobile":{"background-color":"","background-image":"","background-repeat":"repeat","background-position":"center center","background-size":"auto","background-attachment":"scroll","background-type":"","background-media":"","overlay-type":"","overlay-color":"","overlay-opacity":"","overlay-gradient":""}},"ast-content-background-meta":{"desktop":{"background-color":"var(--ast-global-color-5)","background-image":"","background-repeat":"repeat","background-position":"center center","background-size":"auto","background-attachment":"scroll","background-type":"","background-media":"","overlay-type":"","overlay-color":"","overlay-opacity":"","overlay-gradient":""},"tablet":{"background-color":"var(--ast-global-color-5)","background-image":"","background-repeat":"repeat","background-position":"center center","background-size":"auto","background-attachment":"scroll","background-type":"","background-media":"","overlay-type":"","overlay-color":"","overlay-opacity":"","overlay-gradient":""},"mobile":{"background-color":"var(--ast-global-color-5)","background-image":"","background-repeat":"repeat","background-position":"center center","background-size":"auto","background-attachment":"scroll","background-type":"","background-media":"","overlay-type":"","overlay-color":"","overlay-opacity":"","overlay-gradient":""}}},"product_brand":[],"product_cat":[21],"product_tag":[307,438,932,479,441,384,926,933,651,176,934,320,654,126,935,303,284,337,181,936,670,671,465,123,872,937,718],"class_list":{"0":"post-1701","1":"product","2":"type-product","3":"status-publish","4":"has-post-thumbnail","6":"product_cat-receitas","7":"product_tag-alcoolismo","8":"product_tag-apneia-do-sono","9":"product_tag-camellia-sinensis","10":"product_tag-cha-verde","11":"product_tag-depressao","12":"product_tag-diabetes","13":"product_tag-diabeticos","14":"product_tag-estomago","15":"product_tag-fitoterapeuta","16":"product_tag-fitoterapia","17":"product_tag-gestantes","18":"product_tag-hipertensao","19":"product_tag-incontinencia-urinaria","20":"product_tag-insonia","21":"product_tag-massa-ossea","22":"product_tag-ortomolecular","23":"product_tag-osteoporose","24":"product_tag-pillow-pax","25":"product_tag-plantas-medicinais","26":"product_tag-problemas-hepaticos","27":"product_tag-prostatite","28":"product_tag-psicoterapeuta","29":"product_tag-psoriase","30":"product_tag-ronco","31":"product_tag-sono-pax","32":"product_tag-terapia-do-sono","33":"product_tag-tratamentos-naturais","34":"desktop-align-left","35":"tablet-align-left","36":"mobile-align-left","38":"first","39":"instock","40":"shipping-taxable","41":"product-type-simple"},"yoast_head":"<!-- This site is optimized with the Yoast SEO plugin v27.1.1 - https:\/\/yoast.com\/product\/yoast-seo-wordpress\/ -->\n<title>CH\u00c1 VERDE Para Tratar a OSTEOPOROSE - Kibazar<\/title>\n<meta name=\"description\" content=\"O CH\u00c1 VERDE Para Tratar a Osteoporose, tamb\u00e9m conhecido como Camellia sinensis e usado em dietas milagrosas, tem dado excelentes resultados.\" \/>\n<meta name=\"robots\" content=\"index, follow, max-snippet:-1, max-image-preview:large, max-video-preview:-1\" \/>\n<link rel=\"canonical\" href=\"https:\/\/kibazar.com.br\/?product=cha-verde-para-tratar-a-osteoporose\" \/>\n<meta property=\"og:locale\" content=\"pt_BR\" \/>\n<meta property=\"og:type\" content=\"article\" \/>\n<meta property=\"og:title\" content=\"CH\u00c1 VERDE Para Tratar a OSTEOPOROSE - Kibazar\" \/>\n<meta property=\"og:description\" content=\"O CH\u00c1 VERDE Para Tratar a Osteoporose, tamb\u00e9m conhecido como Camellia sinensis e usado em dietas milagrosas, tem dado excelentes resultados.\" \/>\n<meta property=\"og:url\" content=\"https:\/\/kibazar.com.br\/?product=cha-verde-para-tratar-a-osteoporose\" \/>\n<meta property=\"og:site_name\" content=\"Kibazar\" \/>\n<meta property=\"article:modified_time\" content=\"2022-09-21T16:37:41+00:00\" \/>\n<meta property=\"og:image\" content=\"https:\/\/kibazar.com.br\/wp-content\/uploads\/2022\/09\/Imagem_Receitas_Cha-de-CHA-VERDE.1.jpg\" \/>\n\t<meta property=\"og:image:width\" content=\"960\" \/>\n\t<meta property=\"og:image:height\" content=\"680\" \/>\n\t<meta property=\"og:image:type\" content=\"image\/jpeg\" \/>\n<meta name=\"twitter:card\" content=\"summary_large_image\" \/>\n<meta name=\"twitter:label1\" content=\"Est. tempo de leitura\" \/>\n\t<meta name=\"twitter:data1\" content=\"3 minutos\" \/>\n<script type=\"application\/ld+json\" class=\"yoast-schema-graph\">{\"@context\":\"https:\/\/schema.org\",\"@graph\":[{\"@type\":\"WebPage\",\"@id\":\"https:\/\/kibazar.com.br\/?product=cha-verde-para-tratar-a-osteoporose\",\"url\":\"https:\/\/kibazar.com.br\/?product=cha-verde-para-tratar-a-osteoporose\",\"name\":\"CH\u00c1 VERDE Para Tratar a OSTEOPOROSE - Kibazar\",\"isPartOf\":{\"@id\":\"https:\/\/kibazar.com.br\/#website\"},\"primaryImageOfPage\":{\"@id\":\"https:\/\/kibazar.com.br\/?product=cha-verde-para-tratar-a-osteoporose#primaryimage\"},\"image\":{\"@id\":\"https:\/\/kibazar.com.br\/?product=cha-verde-para-tratar-a-osteoporose#primaryimage\"},\"thumbnailUrl\":\"https:\/\/kibazar.com.br\/wp-content\/uploads\/2022\/09\/Imagem_Receitas_Cha-de-CHA-VERDE.1.jpg\",\"datePublished\":\"2022-09-20T17:05:56+00:00\",\"dateModified\":\"2022-09-21T16:37:41+00:00\",\"description\":\"O CH\u00c1 VERDE Para Tratar a Osteoporose, tamb\u00e9m conhecido como Camellia sinensis e usado em dietas milagrosas, tem dado excelentes resultados.\",\"breadcrumb\":{\"@id\":\"https:\/\/kibazar.com.br\/?product=cha-verde-para-tratar-a-osteoporose#breadcrumb\"},\"inLanguage\":\"pt-BR\",\"potentialAction\":[{\"@type\":\"ReadAction\",\"target\":[\"https:\/\/kibazar.com.br\/?product=cha-verde-para-tratar-a-osteoporose\"]}]},{\"@type\":\"ImageObject\",\"inLanguage\":\"pt-BR\",\"@id\":\"https:\/\/kibazar.com.br\/?product=cha-verde-para-tratar-a-osteoporose#primaryimage\",\"url\":\"https:\/\/kibazar.com.br\/wp-content\/uploads\/2022\/09\/Imagem_Receitas_Cha-de-CHA-VERDE.1.jpg\",\"contentUrl\":\"https:\/\/kibazar.com.br\/wp-content\/uploads\/2022\/09\/Imagem_Receitas_Cha-de-CHA-VERDE.1.jpg\",\"width\":960,\"height\":680,\"caption\":\"CH\u00c1 VERDE Para Tratar a OSTEOPOROSE\"},{\"@type\":\"BreadcrumbList\",\"@id\":\"https:\/\/kibazar.com.br\/?product=cha-verde-para-tratar-a-osteoporose#breadcrumb\",\"itemListElement\":[{\"@type\":\"ListItem\",\"position\":1,\"name\":\"In\u00edcio\",\"item\":\"https:\/\/kibazar.com.br\/\"},{\"@type\":\"ListItem\",\"position\":2,\"name\":\"Produtos\",\"item\":\"https:\/\/kibazar.com.br\/?page_id=11\"},{\"@type\":\"ListItem\",\"position\":3,\"name\":\"CH\u00c1 VERDE Para Tratar a OSTEOPOROSE\"}]},{\"@type\":\"WebSite\",\"@id\":\"https:\/\/kibazar.com.br\/#website\",\"url\":\"https:\/\/kibazar.com.br\/\",\"name\":\"Kibazar\",\"description\":\"A sua loja de variedades\",\"publisher\":{\"@id\":\"https:\/\/kibazar.com.br\/#organization\"},\"potentialAction\":[{\"@type\":\"SearchAction\",\"target\":{\"@type\":\"EntryPoint\",\"urlTemplate\":\"https:\/\/kibazar.com.br\/?s={search_term_string}\"},\"query-input\":{\"@type\":\"PropertyValueSpecification\",\"valueRequired\":true,\"valueName\":\"search_term_string\"}}],\"inLanguage\":\"pt-BR\"},{\"@type\":\"Organization\",\"@id\":\"https:\/\/kibazar.com.br\/#organization\",\"name\":\"Kibazar\",\"url\":\"https:\/\/kibazar.com.br\/\",\"logo\":{\"@type\":\"ImageObject\",\"inLanguage\":\"pt-BR\",\"@id\":\"https:\/\/kibazar.com.br\/#\/schema\/logo\/image\/\",\"url\":\"https:\/\/kibazar.com.br\/wp-content\/uploads\/2022\/01\/LOGO.png\",\"contentUrl\":\"https:\/\/kibazar.com.br\/wp-content\/uploads\/2022\/01\/LOGO.png\",\"width\":1000,\"height\":232,\"caption\":\"Kibazar\"},\"image\":{\"@id\":\"https:\/\/kibazar.com.br\/#\/schema\/logo\/image\/\"}}]}<\/script>\n<!-- \/ Yoast SEO plugin. -->","yoast_head_json":{"title":"CH\u00c1 VERDE Para Tratar a OSTEOPOROSE - Kibazar","description":"O CH\u00c1 VERDE Para Tratar a Osteoporose, tamb\u00e9m conhecido como Camellia sinensis e usado em dietas milagrosas, tem dado excelentes resultados.","robots":{"index":"index","follow":"follow","max-snippet":"max-snippet:-1","max-image-preview":"max-image-preview:large","max-video-preview":"max-video-preview:-1"},"canonical":"https:\/\/kibazar.com.br\/?product=cha-verde-para-tratar-a-osteoporose","og_locale":"pt_BR","og_type":"article","og_title":"CH\u00c1 VERDE Para Tratar a OSTEOPOROSE - Kibazar","og_description":"O CH\u00c1 VERDE Para Tratar a Osteoporose, tamb\u00e9m conhecido como Camellia sinensis e usado em dietas milagrosas, tem dado excelentes resultados.","og_url":"https:\/\/kibazar.com.br\/?product=cha-verde-para-tratar-a-osteoporose","og_site_name":"Kibazar","article_modified_time":"2022-09-21T16:37:41+00:00","og_image":[{"width":960,"height":680,"url":"https:\/\/kibazar.com.br\/wp-content\/uploads\/2022\/09\/Imagem_Receitas_Cha-de-CHA-VERDE.1.jpg","type":"image\/jpeg"}],"twitter_card":"summary_large_image","twitter_misc":{"Est. tempo de leitura":"3 minutos"},"schema":{"@context":"https:\/\/schema.org","@graph":[{"@type":"WebPage","@id":"https:\/\/kibazar.com.br\/?product=cha-verde-para-tratar-a-osteoporose","url":"https:\/\/kibazar.com.br\/?product=cha-verde-para-tratar-a-osteoporose","name":"CH\u00c1 VERDE Para Tratar a OSTEOPOROSE - Kibazar","isPartOf":{"@id":"https:\/\/kibazar.com.br\/#website"},"primaryImageOfPage":{"@id":"https:\/\/kibazar.com.br\/?product=cha-verde-para-tratar-a-osteoporose#primaryimage"},"image":{"@id":"https:\/\/kibazar.com.br\/?product=cha-verde-para-tratar-a-osteoporose#primaryimage"},"thumbnailUrl":"https:\/\/kibazar.com.br\/wp-content\/uploads\/2022\/09\/Imagem_Receitas_Cha-de-CHA-VERDE.1.jpg","datePublished":"2022-09-20T17:05:56+00:00","dateModified":"2022-09-21T16:37:41+00:00","description":"O CH\u00c1 VERDE Para Tratar a Osteoporose, tamb\u00e9m conhecido como Camellia sinensis e usado em dietas milagrosas, tem dado excelentes resultados.","breadcrumb":{"@id":"https:\/\/kibazar.com.br\/?product=cha-verde-para-tratar-a-osteoporose#breadcrumb"},"inLanguage":"pt-BR","potentialAction":[{"@type":"ReadAction","target":["https:\/\/kibazar.com.br\/?product=cha-verde-para-tratar-a-osteoporose"]}]},{"@type":"ImageObject","inLanguage":"pt-BR","@id":"https:\/\/kibazar.com.br\/?product=cha-verde-para-tratar-a-osteoporose#primaryimage","url":"https:\/\/kibazar.com.br\/wp-content\/uploads\/2022\/09\/Imagem_Receitas_Cha-de-CHA-VERDE.1.jpg","contentUrl":"https:\/\/kibazar.com.br\/wp-content\/uploads\/2022\/09\/Imagem_Receitas_Cha-de-CHA-VERDE.1.jpg","width":960,"height":680,"caption":"CH\u00c1 VERDE Para Tratar a OSTEOPOROSE"},{"@type":"BreadcrumbList","@id":"https:\/\/kibazar.com.br\/?product=cha-verde-para-tratar-a-osteoporose#breadcrumb","itemListElement":[{"@type":"ListItem","position":1,"name":"In\u00edcio","item":"https:\/\/kibazar.com.br\/"},{"@type":"ListItem","position":2,"name":"Produtos","item":"https:\/\/kibazar.com.br\/?page_id=11"},{"@type":"ListItem","position":3,"name":"CH\u00c1 VERDE Para Tratar a OSTEOPOROSE"}]},{"@type":"WebSite","@id":"https:\/\/kibazar.com.br\/#website","url":"https:\/\/kibazar.com.br\/","name":"Kibazar","description":"A sua loja de variedades","publisher":{"@id":"https:\/\/kibazar.com.br\/#organization"},"potentialAction":[{"@type":"SearchAction","target":{"@type":"EntryPoint","urlTemplate":"https:\/\/kibazar.com.br\/?s={search_term_string}"},"query-input":{"@type":"PropertyValueSpecification","valueRequired":true,"valueName":"search_term_string"}}],"inLanguage":"pt-BR"},{"@type":"Organization","@id":"https:\/\/kibazar.com.br\/#organization","name":"Kibazar","url":"https:\/\/kibazar.com.br\/","logo":{"@type":"ImageObject","inLanguage":"pt-BR","@id":"https:\/\/kibazar.com.br\/#\/schema\/logo\/image\/","url":"https:\/\/kibazar.com.br\/wp-content\/uploads\/2022\/01\/LOGO.png","contentUrl":"https:\/\/kibazar.com.br\/wp-content\/uploads\/2022\/01\/LOGO.png","width":1000,"height":232,"caption":"Kibazar"},"image":{"@id":"https:\/\/kibazar.com.br\/#\/schema\/logo\/image\/"}}]}},"_links":{"self":[{"href":"https:\/\/kibazar.com.br\/index.php?rest_route=\/wp\/v2\/product\/1701","targetHints":{"allow":["GET"]}}],"collection":[{"href":"https:\/\/kibazar.com.br\/index.php?rest_route=\/wp\/v2\/product"}],"about":[{"href":"https:\/\/kibazar.com.br\/index.php?rest_route=\/wp\/v2\/types\/product"}],"replies":[{"embeddable":true,"href":"https:\/\/kibazar.com.br\/index.php?rest_route=%2Fwp%2Fv2%2Fcomments&post=1701"}],"wp:featuredmedia":[{"embeddable":true,"href":"https:\/\/kibazar.com.br\/index.php?rest_route=\/wp\/v2\/media\/1702"}],"wp:attachment":[{"href":"https:\/\/kibazar.com.br\/index.php?rest_route=%2Fwp%2Fv2%2Fmedia&parent=1701"}],"wp:term":[{"taxonomy":"product_brand","embeddable":true,"href":"https:\/\/kibazar.com.br\/index.php?rest_route=%2Fwp%2Fv2%2Fproduct_brand&post=1701"},{"taxonomy":"product_cat","embeddable":true,"href":"https:\/\/kibazar.com.br\/index.php?rest_route=%2Fwp%2Fv2%2Fproduct_cat&post=1701"},{"taxonomy":"product_tag","embeddable":true,"href":"https:\/\/kibazar.com.br\/index.php?rest_route=%2Fwp%2Fv2%2Fproduct_tag&post=1701"}],"curies":[{"name":"wp","href":"https:\/\/api.w.org\/{rel}","templated":true}]}}