{"id":1693,"date":"2022-09-18T11:42:11","date_gmt":"2022-09-18T14:42:11","guid":{"rendered":"https:\/\/kibazar.com.br\/?post_type=product&#038;p=1693"},"modified":"2022-09-18T14:15:50","modified_gmt":"2022-09-18T17:15:50","slug":"suco-de-frutas-e-vegetais-para-tratamento-da-ressaca","status":"publish","type":"product","link":"https:\/\/kibazar.com.br\/?product=suco-de-frutas-e-vegetais-para-tratamento-da-ressaca","title":{"rendered":"Suco de FRUTAS e VEGETAIS Para RESSACA"},"content":{"rendered":"<h1 style=\"text-align: center;\"><span style=\"color: #000000;\"><strong>Suco de <span style=\"color: #ff3200;\">FRUTAS<\/span> e <span style=\"color: #008000;\">VEGETAIS<\/span> Para Tratamento da <em>RESSACA<\/em><\/strong><\/span><\/h1>\n<h5><span style=\"color: #ffffff;\">.<\/span><\/h5>\n<p style=\"text-align: justify;\"><span style=\"color: #000000;\"><strong>Suco de FRUTAS e VEGETAIS<\/strong> para desintoxicar seu organismo, de uma ressaca, depois de alguns exageros com bebidas, alimentos e guloseimas.<\/span><\/p>\n<h2 style=\"text-align: justify;\"><span style=\"color: #000000;\"><strong><span style=\"color: #b40000;\">\u27a4<\/span> <span style=\"color: #008000;\">Receita Trofoter\u00e1pica<\/span> de Suco de Frutas e Vegetais:\u00a0<\/strong><\/span><\/h2>\n<h3 style=\"text-align: justify;\"><span style=\"color: #000000;\">Voc\u00ea vai precisar de&#8230;<\/span><\/h3>\n<h4 style=\"text-align: justify;\"><span style=\"color: #000000;\"><strong>1<\/strong> \u2013 Uma\u00a0Ma\u00e7\u00e3<\/span><\/h4>\n<h4 style=\"text-align: justify;\"><span style=\"color: #000000;\"><strong>2<\/strong> \u2013 Meia\u00a0Cenoura<\/span><\/h4>\n<h4 style=\"text-align: justify;\"><span style=\"color: #000000;\"><strong>3<\/strong> \u2013 Um talo de\u00a0Aipo\u00a0(<em>ou Sals\u00e3o<\/em>)<\/span><\/h4>\n<h4 style=\"text-align: justify;\"><span style=\"color: #000000;\"><strong>4<\/strong> \u2013 Suco de uma\u00a0Laranja\u00a0ou\u00a0\u00c1gua de Coco<\/span><\/h4>\n<h5><span style=\"color: #ffffff;\">.<\/span><\/h5>\n<h2 style=\"text-align: justify;\"><strong><span style=\"color: #000000;\"><span style=\"color: #b40000;\">\u27a4<\/span> Como Preparar o\u00a0Suco de Frutas e Vegetais:\u00a0<\/span><\/strong><\/h2>\n<p style=\"text-align: justify;\"><span style=\"color: #000000;\">Descasque a\u00a0\u201c<strong>Ma\u00e7\u00e3<\/strong> e a <strong>Cenoura<\/strong>\u201d e fa\u00e7a o \u201cSuco da Laranja\u201d. Corte a \u201cMa\u00e7\u00e3, a Cenoura e o Aipo\u201d em pequenos peda\u00e7os. Bata tudo no\u00a0<strong>liquidificador<\/strong>\u00a0juntamente com o \u201c<em>Suco de Laranja ou a \u00c1gua de Coco<\/em>\u201d.<\/span><\/p>\n<p style=\"text-align: justify;\"><span style=\"color: #000000;\"><strong>Posologia:<\/strong>\u00a0Beba deste suco de\u00a0<strong><u>2<\/u><\/strong><u>\u00a0a\u00a0<strong>3<\/strong>\u00a0vezes ao dia<\/u>. \u00c9 importante trocar as \u201c<strong>Frutas<\/strong> e <strong>Vegetais<\/strong>\u201d, de um dia para o outro, visando uma melhor efic\u00e1cia do tratamento.<\/span><\/p>\n<h2 style=\"text-align: justify;\"><span style=\"color: #000000;\"><strong><span style=\"color: #b40000;\">\u27a4<\/span> <\/strong><\/span><span style=\"color: #000000;\"><strong>Outras Dicas Para Curar Uma Ressaca Com Suco de Frutas e Vegetais:\u00a0<\/strong><\/span><\/h2>\n<h4><span style=\"color: #000000;\"><strong>1<\/strong><\/span><span style=\"color: #000000;\"> \u2013 <\/span>Alimente-se com Frutas, Verduras e bastante Vegetais, ricos em \u201cVitaminas e Sais Minerais\u201d, para auxiliar o organismo a se recuperar.<\/h4>\n<h4><span style=\"color: #000000;\"><strong>2<\/strong><\/span><span style=\"color: #000000;\"> \u2013 <\/span><span style=\"color: #000000;\">Evite alimentos pesados, tais como: Carnes \u2013 Embutidos \u2013 Frituras \u2013 Massas e outros do g\u00eanero.<\/span><\/h4>\n<h4><span style=\"color: #000000;\"><strong>3<\/strong><\/span><span style=\"color: #000000;\"> \u2013 <\/span><span style=\"color: #000000;\">Beba bastante <strong>\u00e1gua<\/strong> para repor o \u201c<em>L\u00edquido Perdido<\/em>\u201d e ajudar a eliminar as <strong>toxinas<\/strong> produzidas pelo <strong>\u00e1lcool<\/strong>.<\/span><\/h4>\n<h4><span style=\"color: #000000;\"><strong>4<\/strong><\/span><span style=\"color: #000000;\"> \u2013 <\/span><span style=\"color: #000000;\">A \u00c1gua de Coco \u00e9 excelente, principalmente pela manh\u00e3, para repor os minerais perdidos e renovar as energias.<\/span><\/h4>\n<h5><span style=\"color: #ffffff;\">.<\/span><\/h5>\n<p style=\"text-align: justify;\"><span style=\"color: #000000;\"><strong>\u27a4 <span style=\"color: #b40000;\">CUIDADOS<\/span><\/strong>: Evite o\u00a0<strong>\u00e1lcool<\/strong> em excesso, pois al\u00e9m de danificar o\u00a0<strong>f\u00edgado<\/strong>, causa \u201cProblemas de Vis\u00e3o\u00a0ou Oculares\u201d e ajuda a destruir gradativamente a\u00a0<span style=\"text-decoration: underline;\"><span style=\"color: #0000ff; text-decoration: underline;\"><em>Bainha de Mielina<\/em><\/span><\/span>, importante na prote\u00e7\u00e3o de \u201c<strong>veias e art\u00e9rias<\/strong> e dos Circuitos El\u00e9tricos ou Impulsos Nervosos\u201d de todo o nosso organismo, causando gradativamente in\u00fameras outras disfun\u00e7\u00f5es corporais, inclusive de locomo\u00e7\u00e3o e de coordena\u00e7\u00e3o motora e at\u00e9 mesmo do controle da <strong>bexiga<\/strong>.<\/span><\/p>\n<p style=\"text-align: justify;\"><span style=\"color: #000000;\">O <a style=\"color: #000000;\" href=\"https:\/\/saudeeterapia.com.br\/alcoolismo-tratamento-natural-eficaz\/\"><strong>ALCOOLISMO<\/strong><\/a> \u00e9 uma \u201c<strong>Doen\u00e7a Incapacitante<\/strong> e <strong>Degenerativa<\/strong>\u201c, que destr\u00f3i \u201c<em>Casamentos, Empresas, Fam\u00edlias, Bons Profissionais e a <strong>Sa\u00fade<\/strong>\u201d e causa \u201cS\u00e9rios Problemas Sociais\u201d<\/em>.<\/span><\/p>\n<p style=\"text-align: justify;\"><span style=\"color: #000000;\"><strong>Observa\u00e7\u00e3o:<\/strong> Voc\u00ea \u00e9 a \u00fanica pessoa respons\u00e1vel pela sua sa\u00fade. Portanto, <strong>n\u00e3o vacile<\/strong>.<\/span><\/p>\n<p style=\"text-align: justify;\"><span style=\"color: #000000;\"><strong>\u27a4<\/strong><strong> Gostou Dessa Receita?<\/strong> Compartilhe com <strong>seus amigos<\/strong> nas redes sociais.<\/span><\/p>\n<h3 style=\"text-align: left;\"><span style=\"color: #000000;\"><a href=\"https:\/\/kibazar.com.br\/?product=zeolita-para-eliminar-metais-pesados\" target=\"_blank\" rel=\"noopener\">KIT com 3 ZE\u00d3LITAS Standard Para Eliminar METAIS PESADOS<\/a> <a href=\"https:\/\/kibazar.com.br\/?product=zeolita-para-eliminar-metais-pesados\" target=\"_blank\" rel=\"noopener\"><img decoding=\"async\" class=\"alignnone wp-image-410\" src=\"https:\/\/kibazar.com.br\/wp-content\/uploads\/2022\/01\/Imagem.ZEOLITA-Clinoptilolita.1-\u2013\u2013\u2013-KIT.1-300x225.jpg\" alt=\"Ze\u00f3lita Clinoptilolita Standard\" width=\"200\" height=\"150\" srcset=\"https:\/\/kibazar.com.br\/wp-content\/uploads\/2022\/01\/Imagem.ZEOLITA-Clinoptilolita.1-\u2013\u2013\u2013-KIT.1-300x225.jpg 300w, https:\/\/kibazar.com.br\/wp-content\/uploads\/2022\/01\/Imagem.ZEOLITA-Clinoptilolita.1-\u2013\u2013\u2013-KIT.1-462x347.jpg 462w, https:\/\/kibazar.com.br\/wp-content\/uploads\/2022\/01\/Imagem.ZEOLITA-Clinoptilolita.1-\u2013\u2013\u2013-KIT.1-768x576.jpg 768w, https:\/\/kibazar.com.br\/wp-content\/uploads\/2022\/01\/Imagem.ZEOLITA-Clinoptilolita.1-\u2013\u2013\u2013-KIT.1.jpg 960w\" sizes=\"(max-width: 200px) 100vw, 200px\" \/><\/a><\/span><\/h3>\n<p>&nbsp;<\/p>\n<h4 style=\"text-align: justify; padding-left: 80px;\"><span style=\"color: #000000;\"><strong>Reda\u00e7\u00e3o:<\/strong> <span style=\"color: #0000ff;\">SCHNEIDER Sa\u00fade e Terapia<\/span> \u2013 <em>Sua Sa\u00fade Levada a S\u00e9rio<\/em><\/span><\/h4>\n<h4 style=\"text-align: justify; padding-left: 80px;\"><span style=\"color: #000000;\">S\u00e9rgio Schneider<\/span><\/h4>\n<h4 style=\"text-align: justify; padding-left: 80px;\"><span style=\"color: #000000;\"><strong>CRT:<\/strong> 42.237<\/span><\/h4>\n<h4 style=\"text-align: justify; padding-left: 80px;\"><span style=\"color: #000000;\"><strong>Sinaten:<\/strong> CTN-SP 2732<\/span><\/h4>\n<h5><span style=\"color: #ffffff;\">.<\/span><\/h5>\n<h3 style=\"text-align: justify;\"><span style=\"color: #000000;\"><strong><span style=\"color: #b40000;\">\u27a4<\/span> TERAPEUTA DO SONO<\/strong><\/span><\/h3>\n<h4 style=\"text-align: justify;\"><span style=\"color: #000000;\">Fitoterapeuta, Psicoterapeuta e Ortomolecular<\/span><\/h4>\n<h4 style=\"text-align: justify;\"><span style=\"color: #000000;\">Especialista em Plantas Medicinais<\/span><\/h4>\n<h4 style=\"text-align: justify;\"><span style=\"color: #000000;\">P\u00f3s-Graduado em Fitoterapia Cl\u00ednica<\/span><\/h4>\n<h4 style=\"text-align: justify;\"><span style=\"color: #000000;\">Especializado em <a href=\"https:\/\/saudeeterapia.wordpress.com\/2019\/10\/10\/incontinencia-urinaria-tratamento-natural-infanto-juvenil-e-adultos\/\" target=\"_blank\" rel=\"noopener\">Incontin\u00eancia Urin\u00e1ria<\/a> e Prostatite<\/span><\/h4>\n<h4 style=\"text-align: justify;\"><span style=\"color: #000000;\"><u>Principais Tratamentos<\/u>: <strong>Ronco<\/strong>, <strong>Apneia do Sono<\/strong> e <strong>Ins\u00f4nia<\/strong><\/span><\/h4>\n<h4 style=\"text-align: justify;\"><span style=\"color: #000000;\"><u>Novos Tratamentos<\/u>: <strong>Alcoolismo<\/strong>, <strong>Depress\u00e3o<\/strong>, <strong>Diabetes<\/strong>, <strong>Hipertens\u00e3o<\/strong> e <strong>Psor\u00edase<\/strong><\/span><\/h4>\n<h5><span style=\"color: #ffffff;\">.<\/span><\/h5>\n<h4 style=\"text-align: justify; padding-left: 80px;\"><span style=\"color: #000000;\"><strong>Loja:<\/strong> <a href=\"http:\/\/www.saudeeterapia.com.br\" target=\"_blank\" rel=\"noopener\">www.saudeeterapia.com.br<\/a><\/span><\/h4>\n<h4 style=\"text-align: justify; padding-left: 80px;\"><span style=\"color: #000000;\"><strong>Tel.<\/strong> (<strong>11<\/strong>) 5044-0606<\/span><\/h4>\n<h4 style=\"text-align: justify; padding-left: 80px;\"><span style=\"color: #000000;\"><strong>Cel.<\/strong> (<strong>11<\/strong>) 9.9524-2828 \u2013 <strong>WhatsApp<\/strong><\/span><\/h4>\n<h5><span style=\"color: #ffffff;\">.<\/span><\/h5>\n<h3 style=\"text-align: justify;\"><span style=\"color: #000000;\"><strong><span style=\"color: #b40000;\">\u27a4<\/span> <\/strong><\/span><span style=\"color: #000000;\"><strong>VEJA e Conhe\u00e7a Tamb\u00e9m:\u00a0<\/strong><\/span><\/h3>\n<h4 style=\"text-align: justify;\"><a href=\"http:\/\/www.kibazar.com.br\/?product=sono-pax-aparelho-anti-ronco-e-apneia-do-sono\" target=\"_blank\" rel=\"noopener\"><strong>SONO-PAX<\/strong> \u2013 Aparelho anti <strong>Ronco<\/strong> e Apneia do Sono<\/a><\/h4>\n<h4 style=\"text-align: justify;\"><a href=\"http:\/\/www.kibazar.com.br\/?product=travesseiro-pillow-pax-anti-ronco-apneia-caimbras-e-dores-na-coluna\" target=\"_blank\" rel=\"noopener\"><strong>PILLOW-PAX<\/strong> \u2013 Travesseiro anti <strong>Ronco<\/strong> e Apneia do Sono<\/a><\/h4>\n<h5><span style=\"color: #ffffff;\">.<\/span><\/h5>\n<h3 style=\"text-align: justify; padding-left: 80px;\"><strong>\u27a4<\/strong> <a href=\"https:\/\/saudeeterapia.wordpress.com\/category\/tratamentos\/\" target=\"_blank\" rel=\"noopener\"><strong>CLIQUE AQUI<\/strong>\u00a0e conhe\u00e7a nossos <strong>Tratamentos Naturais<\/strong><\/a><\/h3>\n<h4 style=\"text-align: justify; padding-left: 80px;\"><span style=\"color: #000000;\"><strong>\u27a4<\/strong> Fa\u00e7a seu\u00a0<u>tratamento natural<\/u>\u00a0e\u00a0<strong>pague<\/strong>\u00a0pelo\u00a0<span style=\"color: #0000ff;\"><strong>Mercado Pago<\/strong><\/span>\u00a0em <u>at\u00e9\u00a0<strong>12x<\/strong><\/u><strong>.<\/strong><\/span><\/h4>\n<h4 style=\"text-align: justify; padding-left: 80px;\"><span style=\"color: #000000;\"><strong>\u27a4<\/strong> Ligue e marque seu\u00a0<strong>atendimento<\/strong> agora.<\/span><\/h4>\n<p>&nbsp;<\/p>\n","protected":false},"excerpt":{"rendered":"<h5 style=\"text-align: justify;\"><span style=\"color: #000000;\"><strong>Suco de <span style=\"color: #ff3200;\">FRUTAS<\/span> e <span style=\"color: #008000;\">VEGETAIS<\/span><\/strong> para <strong>desintoxicar<\/strong> seu organismo, de uma ressaca, depois de alguns exageros com <strong>bebidas<\/strong>, <strong>alimentos<\/strong> e <strong>guloseimas<\/strong>.<\/span><\/h5>\n","protected":false},"featured_media":1694,"comment_status":"open","ping_status":"closed","template":"","meta":{"site-sidebar-layout":"default","site-content-layout":"default","ast-site-content-layout":"default","site-content-style":"default","site-sidebar-style":"default","ast-global-header-display":"","ast-banner-title-visibility":"","ast-main-header-display":"","ast-hfb-above-header-display":"","ast-hfb-below-header-display":"","ast-hfb-mobile-header-display":"","site-post-title":"","ast-breadcrumbs-content":"","ast-featured-img":"","footer-sml-layout":"","ast-disable-related-posts":"","theme-transparent-header-meta":"default","adv-header-id-meta":"","stick-header-meta":"","header-above-stick-meta":"","header-main-stick-meta":"","header-below-stick-meta":"","astra-migrate-meta-layouts":"default","ast-page-background-enabled":"default","ast-page-background-meta":{"desktop":{"background-color":"var(--ast-global-color-4)","background-image":"","background-repeat":"repeat","background-position":"center center","background-size":"auto","background-attachment":"scroll","background-type":"","background-media":"","overlay-type":"","overlay-color":"","overlay-opacity":"","overlay-gradient":""},"tablet":{"background-color":"","background-image":"","background-repeat":"repeat","background-position":"center center","background-size":"auto","background-attachment":"scroll","background-type":"","background-media":"","overlay-type":"","overlay-color":"","overlay-opacity":"","overlay-gradient":""},"mobile":{"background-color":"","background-image":"","background-repeat":"repeat","background-position":"center center","background-size":"auto","background-attachment":"scroll","background-type":"","background-media":"","overlay-type":"","overlay-color":"","overlay-opacity":"","overlay-gradient":""}},"ast-content-background-meta":{"desktop":{"background-color":"var(--ast-global-color-5)","background-image":"","background-repeat":"repeat","background-position":"center center","background-size":"auto","background-attachment":"scroll","background-type":"","background-media":"","overlay-type":"","overlay-color":"","overlay-opacity":"","overlay-gradient":""},"tablet":{"background-color":"var(--ast-global-color-5)","background-image":"","background-repeat":"repeat","background-position":"center center","background-size":"auto","background-attachment":"scroll","background-type":"","background-media":"","overlay-type":"","overlay-color":"","overlay-opacity":"","overlay-gradient":""},"mobile":{"background-color":"var(--ast-global-color-5)","background-image":"","background-repeat":"repeat","background-position":"center center","background-size":"auto","background-attachment":"scroll","background-type":"","background-media":"","overlay-type":"","overlay-color":"","overlay-opacity":"","overlay-gradient":""}}},"product_brand":[],"product_cat":[21],"product_tag":[906,907,908,307,438,753,909,754,910,441,59,384,911,912,913,71,914,915,320,765,126,916,337,670,465,917,123,918,919,872,920,374,708,921,922,772,923,192,237],"class_list":{"0":"post-1693","1":"product","2":"type-product","3":"status-publish","4":"has-post-thumbnail","6":"product_cat-receitas","7":"product_tag-agua-de-coco","8":"product_tag-aipo","9":"product_tag-alcool","10":"product_tag-alcoolismo","11":"product_tag-apneia-do-sono","12":"product_tag-arterias","13":"product_tag-bebidas","14":"product_tag-bexiga","15":"product_tag-carnes","16":"product_tag-depressao","17":"product_tag-desintoxicar","18":"product_tag-diabetes","19":"product_tag-disfuncoes","20":"product_tag-embutidos","21":"product_tag-exageros","22":"product_tag-figado","23":"product_tag-frituras","24":"product_tag-guloseimas","25":"product_tag-hipertensao","26":"product_tag-incontinencia","27":"product_tag-insonia","28":"product_tag-locomocao","29":"product_tag-pillow-pax","30":"product_tag-prostatite","31":"product_tag-psoriase","32":"product_tag-ressaca","33":"product_tag-ronco","34":"product_tag-sais-minerais","35":"product_tag-salsao","36":"product_tag-sono-pax","37":"product_tag-suco","38":"product_tag-toxinas","39":"product_tag-tratamento-natural","40":"product_tag-travesseiro","41":"product_tag-vegetais","42":"product_tag-veias","43":"product_tag-verduras","44":"product_tag-visao","45":"product_tag-vitaminas","46":"desktop-align-left","47":"tablet-align-left","48":"mobile-align-left","50":"first","51":"instock","52":"shipping-taxable","53":"product-type-simple"},"yoast_head":"<!-- This site is optimized with the Yoast SEO plugin v27.1.1 - https:\/\/yoast.com\/product\/yoast-seo-wordpress\/ -->\n<title>Suco de FRUTAS e VEGETAIS Para RESSACA - Kibazar<\/title>\n<meta name=\"description\" content=\"Suco de FRUTAS e VEGETAIS para desintoxicar seu organismo, de uma ressaca, depois de alguns exageros com bebidas, alimentos e guloseimas.\" \/>\n<meta name=\"robots\" content=\"index, follow, max-snippet:-1, max-image-preview:large, max-video-preview:-1\" \/>\n<link rel=\"canonical\" href=\"https:\/\/kibazar.com.br\/?product=suco-de-frutas-e-vegetais-para-tratamento-da-ressaca\" \/>\n<meta property=\"og:locale\" content=\"pt_BR\" \/>\n<meta property=\"og:type\" content=\"article\" \/>\n<meta property=\"og:title\" content=\"Suco de FRUTAS e VEGETAIS Para RESSACA - Kibazar\" \/>\n<meta property=\"og:description\" content=\"Suco de FRUTAS e VEGETAIS para desintoxicar seu organismo, de uma ressaca, depois de alguns exageros com bebidas, alimentos e guloseimas.\" \/>\n<meta property=\"og:url\" content=\"https:\/\/kibazar.com.br\/?product=suco-de-frutas-e-vegetais-para-tratamento-da-ressaca\" \/>\n<meta property=\"og:site_name\" content=\"Kibazar\" \/>\n<meta property=\"article:modified_time\" content=\"2022-09-18T17:15:50+00:00\" \/>\n<meta property=\"og:image\" content=\"https:\/\/kibazar.com.br\/wp-content\/uploads\/2022\/09\/Imagem_Suco-de-FRUTAS-e-VEGETAIS-Para-RESSACA.1.jpg\" \/>\n\t<meta property=\"og:image:width\" content=\"960\" \/>\n\t<meta property=\"og:image:height\" content=\"643\" \/>\n\t<meta property=\"og:image:type\" content=\"image\/jpeg\" \/>\n<meta name=\"twitter:card\" content=\"summary_large_image\" \/>\n<meta name=\"twitter:label1\" content=\"Est. tempo de leitura\" \/>\n\t<meta name=\"twitter:data1\" content=\"3 minutos\" \/>\n<script type=\"application\/ld+json\" class=\"yoast-schema-graph\">{\"@context\":\"https:\/\/schema.org\",\"@graph\":[{\"@type\":\"WebPage\",\"@id\":\"https:\/\/kibazar.com.br\/?product=suco-de-frutas-e-vegetais-para-tratamento-da-ressaca\",\"url\":\"https:\/\/kibazar.com.br\/?product=suco-de-frutas-e-vegetais-para-tratamento-da-ressaca\",\"name\":\"Suco de FRUTAS e VEGETAIS Para RESSACA - Kibazar\",\"isPartOf\":{\"@id\":\"https:\/\/kibazar.com.br\/#website\"},\"primaryImageOfPage\":{\"@id\":\"https:\/\/kibazar.com.br\/?product=suco-de-frutas-e-vegetais-para-tratamento-da-ressaca#primaryimage\"},\"image\":{\"@id\":\"https:\/\/kibazar.com.br\/?product=suco-de-frutas-e-vegetais-para-tratamento-da-ressaca#primaryimage\"},\"thumbnailUrl\":\"https:\/\/kibazar.com.br\/wp-content\/uploads\/2022\/09\/Imagem_Suco-de-FRUTAS-e-VEGETAIS-Para-RESSACA.1.jpg\",\"datePublished\":\"2022-09-18T14:42:11+00:00\",\"dateModified\":\"2022-09-18T17:15:50+00:00\",\"description\":\"Suco de FRUTAS e VEGETAIS para desintoxicar seu organismo, de uma ressaca, depois de alguns exageros com bebidas, alimentos e guloseimas.\",\"breadcrumb\":{\"@id\":\"https:\/\/kibazar.com.br\/?product=suco-de-frutas-e-vegetais-para-tratamento-da-ressaca#breadcrumb\"},\"inLanguage\":\"pt-BR\",\"potentialAction\":[{\"@type\":\"ReadAction\",\"target\":[\"https:\/\/kibazar.com.br\/?product=suco-de-frutas-e-vegetais-para-tratamento-da-ressaca\"]}]},{\"@type\":\"ImageObject\",\"inLanguage\":\"pt-BR\",\"@id\":\"https:\/\/kibazar.com.br\/?product=suco-de-frutas-e-vegetais-para-tratamento-da-ressaca#primaryimage\",\"url\":\"https:\/\/kibazar.com.br\/wp-content\/uploads\/2022\/09\/Imagem_Suco-de-FRUTAS-e-VEGETAIS-Para-RESSACA.1.jpg\",\"contentUrl\":\"https:\/\/kibazar.com.br\/wp-content\/uploads\/2022\/09\/Imagem_Suco-de-FRUTAS-e-VEGETAIS-Para-RESSACA.1.jpg\",\"width\":960,\"height\":643,\"caption\":\"Suco de FRUTAS e VEGETAIS Para Tratamento da RESSACA\"},{\"@type\":\"BreadcrumbList\",\"@id\":\"https:\/\/kibazar.com.br\/?product=suco-de-frutas-e-vegetais-para-tratamento-da-ressaca#breadcrumb\",\"itemListElement\":[{\"@type\":\"ListItem\",\"position\":1,\"name\":\"In\u00edcio\",\"item\":\"https:\/\/kibazar.com.br\/\"},{\"@type\":\"ListItem\",\"position\":2,\"name\":\"Produtos\",\"item\":\"https:\/\/kibazar.com.br\/?page_id=11\"},{\"@type\":\"ListItem\",\"position\":3,\"name\":\"Suco de FRUTAS e VEGETAIS Para RESSACA\"}]},{\"@type\":\"WebSite\",\"@id\":\"https:\/\/kibazar.com.br\/#website\",\"url\":\"https:\/\/kibazar.com.br\/\",\"name\":\"Kibazar\",\"description\":\"A sua loja de variedades\",\"publisher\":{\"@id\":\"https:\/\/kibazar.com.br\/#organization\"},\"potentialAction\":[{\"@type\":\"SearchAction\",\"target\":{\"@type\":\"EntryPoint\",\"urlTemplate\":\"https:\/\/kibazar.com.br\/?s={search_term_string}\"},\"query-input\":{\"@type\":\"PropertyValueSpecification\",\"valueRequired\":true,\"valueName\":\"search_term_string\"}}],\"inLanguage\":\"pt-BR\"},{\"@type\":\"Organization\",\"@id\":\"https:\/\/kibazar.com.br\/#organization\",\"name\":\"Kibazar\",\"url\":\"https:\/\/kibazar.com.br\/\",\"logo\":{\"@type\":\"ImageObject\",\"inLanguage\":\"pt-BR\",\"@id\":\"https:\/\/kibazar.com.br\/#\/schema\/logo\/image\/\",\"url\":\"https:\/\/kibazar.com.br\/wp-content\/uploads\/2022\/01\/LOGO.png\",\"contentUrl\":\"https:\/\/kibazar.com.br\/wp-content\/uploads\/2022\/01\/LOGO.png\",\"width\":1000,\"height\":232,\"caption\":\"Kibazar\"},\"image\":{\"@id\":\"https:\/\/kibazar.com.br\/#\/schema\/logo\/image\/\"}}]}<\/script>\n<!-- \/ Yoast SEO plugin. -->","yoast_head_json":{"title":"Suco de FRUTAS e VEGETAIS Para RESSACA - Kibazar","description":"Suco de FRUTAS e VEGETAIS para desintoxicar seu organismo, de uma ressaca, depois de alguns exageros com bebidas, alimentos e guloseimas.","robots":{"index":"index","follow":"follow","max-snippet":"max-snippet:-1","max-image-preview":"max-image-preview:large","max-video-preview":"max-video-preview:-1"},"canonical":"https:\/\/kibazar.com.br\/?product=suco-de-frutas-e-vegetais-para-tratamento-da-ressaca","og_locale":"pt_BR","og_type":"article","og_title":"Suco de FRUTAS e VEGETAIS Para RESSACA - Kibazar","og_description":"Suco de FRUTAS e VEGETAIS para desintoxicar seu organismo, de uma ressaca, depois de alguns exageros com bebidas, alimentos e guloseimas.","og_url":"https:\/\/kibazar.com.br\/?product=suco-de-frutas-e-vegetais-para-tratamento-da-ressaca","og_site_name":"Kibazar","article_modified_time":"2022-09-18T17:15:50+00:00","og_image":[{"width":960,"height":643,"url":"https:\/\/kibazar.com.br\/wp-content\/uploads\/2022\/09\/Imagem_Suco-de-FRUTAS-e-VEGETAIS-Para-RESSACA.1.jpg","type":"image\/jpeg"}],"twitter_card":"summary_large_image","twitter_misc":{"Est. tempo de leitura":"3 minutos"},"schema":{"@context":"https:\/\/schema.org","@graph":[{"@type":"WebPage","@id":"https:\/\/kibazar.com.br\/?product=suco-de-frutas-e-vegetais-para-tratamento-da-ressaca","url":"https:\/\/kibazar.com.br\/?product=suco-de-frutas-e-vegetais-para-tratamento-da-ressaca","name":"Suco de FRUTAS e VEGETAIS Para RESSACA - Kibazar","isPartOf":{"@id":"https:\/\/kibazar.com.br\/#website"},"primaryImageOfPage":{"@id":"https:\/\/kibazar.com.br\/?product=suco-de-frutas-e-vegetais-para-tratamento-da-ressaca#primaryimage"},"image":{"@id":"https:\/\/kibazar.com.br\/?product=suco-de-frutas-e-vegetais-para-tratamento-da-ressaca#primaryimage"},"thumbnailUrl":"https:\/\/kibazar.com.br\/wp-content\/uploads\/2022\/09\/Imagem_Suco-de-FRUTAS-e-VEGETAIS-Para-RESSACA.1.jpg","datePublished":"2022-09-18T14:42:11+00:00","dateModified":"2022-09-18T17:15:50+00:00","description":"Suco de FRUTAS e VEGETAIS para desintoxicar seu organismo, de uma ressaca, depois de alguns exageros com bebidas, alimentos e guloseimas.","breadcrumb":{"@id":"https:\/\/kibazar.com.br\/?product=suco-de-frutas-e-vegetais-para-tratamento-da-ressaca#breadcrumb"},"inLanguage":"pt-BR","potentialAction":[{"@type":"ReadAction","target":["https:\/\/kibazar.com.br\/?product=suco-de-frutas-e-vegetais-para-tratamento-da-ressaca"]}]},{"@type":"ImageObject","inLanguage":"pt-BR","@id":"https:\/\/kibazar.com.br\/?product=suco-de-frutas-e-vegetais-para-tratamento-da-ressaca#primaryimage","url":"https:\/\/kibazar.com.br\/wp-content\/uploads\/2022\/09\/Imagem_Suco-de-FRUTAS-e-VEGETAIS-Para-RESSACA.1.jpg","contentUrl":"https:\/\/kibazar.com.br\/wp-content\/uploads\/2022\/09\/Imagem_Suco-de-FRUTAS-e-VEGETAIS-Para-RESSACA.1.jpg","width":960,"height":643,"caption":"Suco de FRUTAS e VEGETAIS Para Tratamento da RESSACA"},{"@type":"BreadcrumbList","@id":"https:\/\/kibazar.com.br\/?product=suco-de-frutas-e-vegetais-para-tratamento-da-ressaca#breadcrumb","itemListElement":[{"@type":"ListItem","position":1,"name":"In\u00edcio","item":"https:\/\/kibazar.com.br\/"},{"@type":"ListItem","position":2,"name":"Produtos","item":"https:\/\/kibazar.com.br\/?page_id=11"},{"@type":"ListItem","position":3,"name":"Suco de FRUTAS e VEGETAIS Para RESSACA"}]},{"@type":"WebSite","@id":"https:\/\/kibazar.com.br\/#website","url":"https:\/\/kibazar.com.br\/","name":"Kibazar","description":"A sua loja de variedades","publisher":{"@id":"https:\/\/kibazar.com.br\/#organization"},"potentialAction":[{"@type":"SearchAction","target":{"@type":"EntryPoint","urlTemplate":"https:\/\/kibazar.com.br\/?s={search_term_string}"},"query-input":{"@type":"PropertyValueSpecification","valueRequired":true,"valueName":"search_term_string"}}],"inLanguage":"pt-BR"},{"@type":"Organization","@id":"https:\/\/kibazar.com.br\/#organization","name":"Kibazar","url":"https:\/\/kibazar.com.br\/","logo":{"@type":"ImageObject","inLanguage":"pt-BR","@id":"https:\/\/kibazar.com.br\/#\/schema\/logo\/image\/","url":"https:\/\/kibazar.com.br\/wp-content\/uploads\/2022\/01\/LOGO.png","contentUrl":"https:\/\/kibazar.com.br\/wp-content\/uploads\/2022\/01\/LOGO.png","width":1000,"height":232,"caption":"Kibazar"},"image":{"@id":"https:\/\/kibazar.com.br\/#\/schema\/logo\/image\/"}}]}},"_links":{"self":[{"href":"https:\/\/kibazar.com.br\/index.php?rest_route=\/wp\/v2\/product\/1693","targetHints":{"allow":["GET"]}}],"collection":[{"href":"https:\/\/kibazar.com.br\/index.php?rest_route=\/wp\/v2\/product"}],"about":[{"href":"https:\/\/kibazar.com.br\/index.php?rest_route=\/wp\/v2\/types\/product"}],"replies":[{"embeddable":true,"href":"https:\/\/kibazar.com.br\/index.php?rest_route=%2Fwp%2Fv2%2Fcomments&post=1693"}],"wp:featuredmedia":[{"embeddable":true,"href":"https:\/\/kibazar.com.br\/index.php?rest_route=\/wp\/v2\/media\/1694"}],"wp:attachment":[{"href":"https:\/\/kibazar.com.br\/index.php?rest_route=%2Fwp%2Fv2%2Fmedia&parent=1693"}],"wp:term":[{"taxonomy":"product_brand","embeddable":true,"href":"https:\/\/kibazar.com.br\/index.php?rest_route=%2Fwp%2Fv2%2Fproduct_brand&post=1693"},{"taxonomy":"product_cat","embeddable":true,"href":"https:\/\/kibazar.com.br\/index.php?rest_route=%2Fwp%2Fv2%2Fproduct_cat&post=1693"},{"taxonomy":"product_tag","embeddable":true,"href":"https:\/\/kibazar.com.br\/index.php?rest_route=%2Fwp%2Fv2%2Fproduct_tag&post=1693"}],"curies":[{"name":"wp","href":"https:\/\/api.w.org\/{rel}","templated":true}]}}