{"id":1685,"date":"2022-09-17T20:24:25","date_gmt":"2022-09-17T23:24:25","guid":{"rendered":"https:\/\/kibazar.com.br\/?post_type=product&#038;p=1685"},"modified":"2022-09-18T09:56:44","modified_gmt":"2022-09-18T12:56:44","slug":"contabilidade-para-igrejas","status":"publish","type":"product","link":"https:\/\/kibazar.com.br\/?product=contabilidade-para-igrejas","title":{"rendered":"Contabilidade Para Igrejas, Associa\u00e7\u00f5es e ONGs"},"content":{"rendered":"<h1 style=\"text-align: center;\"><span style=\"color: #000000;\"><strong>Contabilidade Para <span style=\"color: #0000ff;\">Igrejas<\/span>, <span style=\"color: #0000ff;\">Associa\u00e7\u00f5es<\/span> e <span style=\"color: #0000ff;\">ONGs<\/span><\/strong><\/span><\/h1>\n<h3 style=\"text-align: center;\"><em><span style=\"color: #000000;\">e Outras Entidades Sem Fins Lucrativos (Terceiro Setor)<\/span><\/em><\/h3>\n<h5><span style=\"color: #ffffff;\">.<\/span><\/h5>\n<p style=\"text-align: justify;\"><span style=\"color: #000000;\"><strong>Contabilidade Para Igrejas<\/strong> aborda todas as <strong>obriga\u00e7\u00f5es legais<\/strong> que as igrejas est\u00e3o obrigadas a cumprir, conforme legisla\u00e7\u00e3o vigente, e traz um rol de &#8220;<span style=\"text-decoration: underline;\">obriga\u00e7\u00f5es mensais e anuais<\/span>&#8221; que uma <strong>Igreja<\/strong>, <strong>Associa\u00e7\u00e3o<\/strong>, <strong>ONGs<\/strong> e demais entidades, sem fins lucrativos, ter\u00e3o que obedecer nas \u00e1reas: <span style=\"color: #0000ff;\"><u>Tribut\u00e1ria<\/u><\/span>, <span style=\"color: #0000ff;\"><u>Cont\u00e1bil<\/u><\/span> e <span style=\"color: #0000ff;\"><u>Trabalhista<\/u><\/span>.<\/span><\/p>\n<h2 style=\"text-align: justify;\"><span style=\"color: #000000;\"><strong><span style=\"color: #b40000;\">\u27a4<\/span> A Quem Interessa <span style=\"color: #0000ff;\">Contabilidade Para Igrejas<\/span><\/strong><\/span><\/h2>\n<p style=\"text-align: justify;\"><span style=\"color: #000000;\">Esta obra \u00e9 indicada a todos os profissionais que atuam ou buscam conhecimento no <strong>terceiro setor<\/strong>. Contadores e estudantes, auditores, advogados e estudantes de Direito, administradores, gerentes e professores. E ao p\u00fablico evang\u00e9lico em geral, tais como; <strong>presidentes<\/strong>, <strong>pastores<\/strong>, <strong>bispos<\/strong> e qualquer membro de igreja, independente da religi\u00e3o.<\/span><\/p>\n<p style=\"text-align: justify;\"><span style=\"color: #000000;\">Este livro \u00e9 uma ferramenta rica de informa\u00e7\u00f5es em <strong>Direito tribut\u00e1rio<\/strong>.<\/span><\/p>\n<h2 style=\"text-align: justify;\"><span style=\"color: #000000;\"><strong><span style=\"color: #b40000;\">\u27a4<\/span> Informa\u00e7\u00f5es T\u00e9cnicas de <span style=\"color: #0000ff;\">Contabilidade Para Igrejas<\/span><\/strong><\/span><\/h2>\n<h4 style=\"text-align: justify;\"><span style=\"color: #000000;\"><strong>T\u00edtulo<\/strong>. Contabilidade Para Igrejas e Outras Entidades Sem Fins Lucrativos<\/span><\/h4>\n<h4 style=\"text-align: justify;\"><span style=\"color: #000000;\"><strong>Autor<\/strong>. Valdivino Alves de Sousa<\/span><\/h4>\n<h4 style=\"text-align: justify;\"><span style=\"color: #000000;\"><strong>ISBN<\/strong>. 978-85-909250-0-2<\/span><\/h4>\n<h4 style=\"text-align: justify;\"><span style=\"color: #000000;\"><strong>Editora<\/strong>. Duallgraf<\/span><\/h4>\n<h4 style=\"text-align: justify;\"><span style=\"color: #000000;\"><strong>Formato<\/strong>. 14 x 21cm<\/span><\/h4>\n<h4 style=\"text-align: justify;\"><span style=\"color: #000000;\"><strong>L\u00edngua<\/strong>. Portugu\u00eas<\/span><\/h4>\n<h4 style=\"text-align: justify;\"><span style=\"color: #000000;\"><strong>P\u00e1ginas<\/strong>. 232<\/span><\/h4>\n<h4 style=\"text-align: justify;\"><span style=\"color: #000000;\"><strong>Ano de Publica\u00e7\u00e3o<\/strong>. 2013 \u2013 Edi\u00e7\u00e3o Atualizada<\/span><\/h4>\n<h4 style=\"text-align: justify;\"><span style=\"color: #000000;\"><strong>Capa<\/strong>. Brochura \u2013 Acabamento com costura e colorida, frente e verso.<\/span><\/h4>\n<h5><span style=\"color: #ffffff;\">.<\/span><\/h5>\n<p style=\"text-align: justify;\"><span style=\"color: #000000;\"><strong>\u27a4<\/strong>\u00a0Todos\u00a0os\u00a0nossos produtos\u00a0s\u00e3o enviados no <strong>mesmo\u00a0dia da compra<\/strong>\u00a0ou no m\u00e1ximo no\u00a0dia seguinte.<\/span><\/p>\n<p style=\"text-align: justify;\"><span style=\"color: #000000;\"><strong>\u27a4<\/strong> <strong>FRETE:<\/strong> Compradores com endere\u00e7o em S\u00e3o Paulo, capital, poder\u00e3o receber suas compras no \u201c<strong>mesmo dia da compra<\/strong>\u201d at\u00e9 \u00e0s 20:00.<\/span><\/p>\n<p style=\"text-align: justify;\"><span style=\"color: #000000;\"><strong>\u27a4<\/strong>\u00a0Em\u00a0cada compra\u00a0voc\u00ea receber\u00e1 um\u00a0<span style=\"color: #ff6600;\"><strong>Lindo\u00a0Brinde<\/strong><\/span>\u00a0surpresa.<\/span><\/p>\n<p style=\"text-align: justify;\"><span style=\"color: #000000;\"><strong>\u27a4<\/strong><strong> Gostou Desse Produto?<\/strong> Compartilhe com <strong>seus amigos<\/strong> nas redes sociais.<\/span><\/p>\n<h4 style=\"text-align: justify; padding-left: 80px;\"><span style=\"color: #000000;\"><strong>Reda\u00e7\u00e3o:<\/strong> <span style=\"color: #0000ff;\">SCHNEIDER Sa\u00fade e Terapia<\/span> \u2013 <em>Sua Sa\u00fade Levada a S\u00e9rio<\/em><\/span><\/h4>\n<h4 style=\"text-align: justify; padding-left: 80px;\"><span style=\"color: #000000;\">S\u00e9rgio Schneider<\/span><\/h4>\n<h4 style=\"text-align: justify; padding-left: 80px;\"><span style=\"color: #000000;\"><strong>CRT:<\/strong> 42.237<\/span><\/h4>\n<h4 style=\"text-align: justify; padding-left: 80px;\"><span style=\"color: #000000;\"><strong>Sinaten:<\/strong> CTN-SP 2732<\/span><\/h4>\n<h5><span style=\"color: #ffffff;\">.<\/span><\/h5>\n<h3 style=\"text-align: justify;\"><span style=\"color: #000000;\"><strong><span style=\"color: #b40000;\">\u27a4<\/span> <\/strong><\/span><span style=\"color: #000000;\"><strong>TERAPEUTA DO SONO<\/strong><\/span><\/h3>\n<h4 style=\"text-align: justify;\"><span style=\"color: #000000;\">Fitoterapeuta, Psicoterapeuta e Ortomolecular<\/span><\/h4>\n<h4 style=\"text-align: justify;\"><span style=\"color: #000000;\">Especialista em Plantas Medicinais<\/span><\/h4>\n<h4 style=\"text-align: justify;\"><span style=\"color: #000000;\">P\u00f3s-Graduado em Fitoterapia Cl\u00ednica<\/span><\/h4>\n<h4 style=\"text-align: justify;\"><span style=\"color: #000000;\">Especializado em Incontin\u00eancia Urin\u00e1ria e Prostatite<\/span><\/h4>\n<h4 style=\"text-align: justify;\"><span style=\"color: #000000;\"><span style=\"text-decoration: underline;\">Principais Tratamentos<\/span>: <strong>Ronco<\/strong>, <strong>Apneia do Sono<\/strong> e <strong>Ins\u00f4nia<\/strong><\/span><\/h4>\n<h4 style=\"text-align: justify;\"><span style=\"color: #000000;\"><u>Novos Tratamentos<\/u>: <strong>Alcoolismo<\/strong>, <strong>Depress\u00e3o<\/strong>, <strong>Diabetes<\/strong>, <strong>Hipertens\u00e3o<\/strong> e <strong>Psor\u00edase<\/strong><\/span><\/h4>\n<h5><span style=\"color: #ffffff;\">.<\/span><\/h5>\n<h4 style=\"text-align: justify; padding-left: 80px;\"><span style=\"color: #000000;\"><strong>Loja:<\/strong> <a href=\"http:\/\/www.saudeeterapia.com.br\" target=\"_blank\" rel=\"noopener\">www.saudeeterapia.com.br<\/a><\/span><\/h4>\n<h4 style=\"text-align: justify; padding-left: 80px;\"><span style=\"color: #000000;\"><strong>Tel.<\/strong> (<strong>11<\/strong>) 5044-0606<\/span><\/h4>\n<h4 style=\"text-align: justify; padding-left: 80px;\"><span style=\"color: #000000;\"><strong>Cel.<\/strong> (<strong>11<\/strong>) 9.9524-2828 \u2013 <strong>WhatsApp<\/strong><\/span><\/h4>\n<h5><span style=\"color: #ffffff;\">.<\/span><\/h5>\n<h3 style=\"text-align: justify;\"><span style=\"color: #000000;\"><strong><span style=\"color: #b40000;\">\u27a4<\/span> VEJA e Conhe\u00e7a Tamb\u00e9m<\/strong><\/span><\/h3>\n<h4 style=\"text-align: justify;\"><a href=\"http:\/\/www.kibazar.com.br\/?product=sono-pax-aparelho-anti-ronco-e-apneia-do-sono\" target=\"_blank\" rel=\"noopener\"><strong>SONO-PAX<\/strong> \u2013 Aparelho anti <strong>RONCO<\/strong> e APNEIA DO SONO<\/a><\/h4>\n<h4 style=\"text-align: justify;\"><a href=\"http:\/\/www.kibazar.com.br\/?product=travesseiro-pillow-pax-anti-ronco-apneia-caimbras-e-dores-na-coluna\" target=\"_blank\" rel=\"noopener\"><strong>PILLOW-PAX<\/strong> \u2013 Travesseiro anti <strong>RONCO<\/strong> e APNEIA DO SONO<\/a><\/h4>\n<h5><span style=\"color: #ffffff;\">.<\/span><\/h5>\n<h3 style=\"text-align: justify; padding-left: 80px;\"><span style=\"color: #b40000;\"><strong>\u27a4<\/strong><\/span> <a href=\"https:\/\/saudeeterapia.wordpress.com\/category\/tratamentos\/\" target=\"_blank\" rel=\"noopener\"><strong>CLIQUE AQUI<\/strong>\u00a0e conhe\u00e7a nossos <strong>Tratamentos Naturais<\/strong><\/a><\/h3>\n<h4 style=\"text-align: justify; padding-left: 80px;\"><span style=\"color: #000000;\"><strong>\u27a4<\/strong> Fa\u00e7a seu\u00a0<u>tratamento natural<\/u>\u00a0e\u00a0<strong>pague<\/strong>\u00a0pelo\u00a0<span style=\"color: #0000ff;\"><strong>Mercado Pago<\/strong><\/span>\u00a0em <u>at\u00e9\u00a0<strong>12x<\/strong><\/u><\/span><\/h4>\n<h4 style=\"text-align: justify; padding-left: 80px;\"><span style=\"color: #000000;\"><strong>\u27a4<\/strong> Ligue e marque seu\u00a0<strong>atendimento<\/strong> agora.<\/span><\/h4>\n<p>&nbsp;<\/p>\n","protected":false},"excerpt":{"rendered":"<h5 style=\"text-align: justify;\"><span style=\"color: #000000;\"><strong>Contabilidade Para Igrejas<\/strong> aborda todas as &#8220;<span style=\"color: #0000ff;\">obriga\u00e7\u00f5es legais<\/span>&#8221; que as igrejas est\u00e3o obrigadas a cumprir, conforme legisla\u00e7\u00e3o vigente, e traz um rol de &#8220;<span style=\"text-decoration: underline;\">obriga\u00e7\u00f5es mensais e anuais<\/span>&#8221; que uma <strong>Igreja<\/strong>, <strong>Associa\u00e7\u00e3o<\/strong>, <strong>ONGs<\/strong> e demais entidades, sem fins lucrativos, ter\u00e3o que obedecer nas \u00e1reas: <span style=\"text-decoration: underline;\"><span style=\"color: #0000ff; text-decoration: underline;\">Tribut\u00e1ria<\/span><\/span>, <span style=\"text-decoration: underline;\"><span style=\"color: #0000ff; text-decoration: underline;\">Cont\u00e1bil<\/span><\/span> e <span style=\"text-decoration: underline;\"><span style=\"color: #0000ff; text-decoration: underline;\">Trabalhista<\/span><\/span>.<\/span><\/h5>\n","protected":false},"featured_media":1686,"comment_status":"open","ping_status":"closed","template":"","meta":{"site-sidebar-layout":"default","site-content-layout":"default","ast-site-content-layout":"default","site-content-style":"default","site-sidebar-style":"default","ast-global-header-display":"","ast-banner-title-visibility":"","ast-main-header-display":"","ast-hfb-above-header-display":"","ast-hfb-below-header-display":"","ast-hfb-mobile-header-display":"","site-post-title":"","ast-breadcrumbs-content":"","ast-featured-img":"","footer-sml-layout":"","ast-disable-related-posts":"","theme-transparent-header-meta":"default","adv-header-id-meta":"","stick-header-meta":"","header-above-stick-meta":"","header-main-stick-meta":"","header-below-stick-meta":"","astra-migrate-meta-layouts":"default","ast-page-background-enabled":"default","ast-page-background-meta":{"desktop":{"background-color":"var(--ast-global-color-4)","background-image":"","background-repeat":"repeat","background-position":"center center","background-size":"auto","background-attachment":"scroll","background-type":"","background-media":"","overlay-type":"","overlay-color":"","overlay-opacity":"","overlay-gradient":""},"tablet":{"background-color":"","background-image":"","background-repeat":"repeat","background-position":"center center","background-size":"auto","background-attachment":"scroll","background-type":"","background-media":"","overlay-type":"","overlay-color":"","overlay-opacity":"","overlay-gradient":""},"mobile":{"background-color":"","background-image":"","background-repeat":"repeat","background-position":"center center","background-size":"auto","background-attachment":"scroll","background-type":"","background-media":"","overlay-type":"","overlay-color":"","overlay-opacity":"","overlay-gradient":""}},"ast-content-background-meta":{"desktop":{"background-color":"var(--ast-global-color-5)","background-image":"","background-repeat":"repeat","background-position":"center center","background-size":"auto","background-attachment":"scroll","background-type":"","background-media":"","overlay-type":"","overlay-color":"","overlay-opacity":"","overlay-gradient":""},"tablet":{"background-color":"var(--ast-global-color-5)","background-image":"","background-repeat":"repeat","background-position":"center center","background-size":"auto","background-attachment":"scroll","background-type":"","background-media":"","overlay-type":"","overlay-color":"","overlay-opacity":"","overlay-gradient":""},"mobile":{"background-color":"var(--ast-global-color-5)","background-image":"","background-repeat":"repeat","background-position":"center center","background-size":"auto","background-attachment":"scroll","background-type":"","background-media":"","overlay-type":"","overlay-color":"","overlay-opacity":"","overlay-gradient":""}}},"product_brand":[],"product_cat":[23],"product_tag":[882,883,307,438,884,885,886,887,888,889,441,384,890,891,892,651,176,893,320,894,654,126,895,896,897,303,898,337,181,899,900,670,671,465,901,123,902,872,903,904,708,905],"class_list":{"0":"post-1685","1":"product","2":"type-product","3":"status-publish","4":"has-post-thumbnail","6":"product_cat-livros-para-despertar","7":"product_tag-administradores","8":"product_tag-advogados","9":"product_tag-alcoolismo","10":"product_tag-apneia-do-sono","11":"product_tag-associacoes","12":"product_tag-auditores","13":"product_tag-bispos","14":"product_tag-contabil","15":"product_tag-contabilidade","16":"product_tag-contadores","17":"product_tag-depressao","18":"product_tag-diabetes","19":"product_tag-direito-tributario","20":"product_tag-estudantes","21":"product_tag-evangelicos","22":"product_tag-fitoterapeuta","23":"product_tag-fitoterapia","24":"product_tag-gerentes","25":"product_tag-hipertensao","26":"product_tag-igrejas","27":"product_tag-incontinencia-urinaria","28":"product_tag-insonia","29":"product_tag-legislacao","30":"product_tag-obrigacoes-legais","31":"product_tag-ongs","32":"product_tag-ortomolecular","33":"product_tag-pastores","34":"product_tag-pillow-pax","35":"product_tag-plantas-medicinais","36":"product_tag-presidentes","37":"product_tag-professores","38":"product_tag-prostatite","39":"product_tag-psicoterapeuta","40":"product_tag-psoriase","41":"product_tag-religiao","42":"product_tag-ronco","43":"product_tag-sem-fins-lucrativos","44":"product_tag-sono-pax","45":"product_tag-terceiro-setor","46":"product_tag-trabalhista","47":"product_tag-tratamento-natural","48":"product_tag-tributaria","49":"desktop-align-left","50":"tablet-align-left","51":"mobile-align-left","53":"first","54":"instock","55":"shipping-taxable","56":"purchasable","57":"product-type-simple"},"yoast_head":"<!-- This site is optimized with the Yoast SEO plugin v27.1.1 - https:\/\/yoast.com\/product\/yoast-seo-wordpress\/ -->\n<title>Contabilidade Para Igrejas, Associa\u00e7\u00f5es e ONGs - Kibazar<\/title>\n<meta name=\"description\" content=\"Contabilidade Para Igrejas aborda todas as obriga\u00e7\u00f5es legais, mensais e anuais, que uma Igreja, Associa\u00e7\u00e3o ou ONGs s\u00e3o obrigadas a cumprir.\" \/>\n<meta name=\"robots\" content=\"index, follow, max-snippet:-1, max-image-preview:large, max-video-preview:-1\" \/>\n<link rel=\"canonical\" href=\"https:\/\/kibazar.com.br\/?product=contabilidade-para-igrejas\" \/>\n<meta property=\"og:locale\" content=\"pt_BR\" \/>\n<meta property=\"og:type\" content=\"article\" \/>\n<meta property=\"og:title\" content=\"Contabilidade Para Igrejas, Associa\u00e7\u00f5es e ONGs - Kibazar\" \/>\n<meta property=\"og:description\" content=\"Contabilidade Para Igrejas aborda todas as obriga\u00e7\u00f5es legais, mensais e anuais, que uma Igreja, Associa\u00e7\u00e3o ou ONGs s\u00e3o obrigadas a cumprir.\" \/>\n<meta property=\"og:url\" content=\"https:\/\/kibazar.com.br\/?product=contabilidade-para-igrejas\" \/>\n<meta property=\"og:site_name\" content=\"Kibazar\" \/>\n<meta property=\"article:modified_time\" content=\"2022-09-18T12:56:44+00:00\" \/>\n<meta property=\"og:image\" content=\"https:\/\/kibazar.com.br\/wp-content\/uploads\/2022\/09\/Imagem_Livro_Contabilidade.Para_.Igrejas.01-\u2013\u2013\u2013-ORIGINAL.jpg\" \/>\n\t<meta property=\"og:image:width\" content=\"529\" \/>\n\t<meta property=\"og:image:height\" content=\"720\" \/>\n\t<meta property=\"og:image:type\" content=\"image\/jpeg\" \/>\n<meta name=\"twitter:card\" content=\"summary_large_image\" \/>\n<meta name=\"twitter:label1\" content=\"Est. tempo de leitura\" \/>\n\t<meta name=\"twitter:data1\" content=\"2 minutos\" \/>\n<script type=\"application\/ld+json\" class=\"yoast-schema-graph\">{\"@context\":\"https:\/\/schema.org\",\"@graph\":[{\"@type\":\"WebPage\",\"@id\":\"https:\/\/kibazar.com.br\/?product=contabilidade-para-igrejas\",\"url\":\"https:\/\/kibazar.com.br\/?product=contabilidade-para-igrejas\",\"name\":\"Contabilidade Para Igrejas, Associa\u00e7\u00f5es e ONGs - Kibazar\",\"isPartOf\":{\"@id\":\"https:\/\/kibazar.com.br\/#website\"},\"primaryImageOfPage\":{\"@id\":\"https:\/\/kibazar.com.br\/?product=contabilidade-para-igrejas#primaryimage\"},\"image\":{\"@id\":\"https:\/\/kibazar.com.br\/?product=contabilidade-para-igrejas#primaryimage\"},\"thumbnailUrl\":\"https:\/\/kibazar.com.br\/wp-content\/uploads\/2022\/09\/Imagem_Livro_Contabilidade.Para_.Igrejas.01-\u2013\u2013\u2013-ORIGINAL.jpg\",\"datePublished\":\"2022-09-17T23:24:25+00:00\",\"dateModified\":\"2022-09-18T12:56:44+00:00\",\"description\":\"Contabilidade Para Igrejas aborda todas as obriga\u00e7\u00f5es legais, mensais e anuais, que uma Igreja, Associa\u00e7\u00e3o ou ONGs s\u00e3o obrigadas a cumprir.\",\"breadcrumb\":{\"@id\":\"https:\/\/kibazar.com.br\/?product=contabilidade-para-igrejas#breadcrumb\"},\"inLanguage\":\"pt-BR\",\"potentialAction\":[{\"@type\":\"ReadAction\",\"target\":[\"https:\/\/kibazar.com.br\/?product=contabilidade-para-igrejas\"]}]},{\"@type\":\"ImageObject\",\"inLanguage\":\"pt-BR\",\"@id\":\"https:\/\/kibazar.com.br\/?product=contabilidade-para-igrejas#primaryimage\",\"url\":\"https:\/\/kibazar.com.br\/wp-content\/uploads\/2022\/09\/Imagem_Livro_Contabilidade.Para_.Igrejas.01-\u2013\u2013\u2013-ORIGINAL.jpg\",\"contentUrl\":\"https:\/\/kibazar.com.br\/wp-content\/uploads\/2022\/09\/Imagem_Livro_Contabilidade.Para_.Igrejas.01-\u2013\u2013\u2013-ORIGINAL.jpg\",\"width\":529,\"height\":720,\"caption\":\"Contabilidade Para Igrejas e Outras Entidades Sem Fins Lucrativos\"},{\"@type\":\"BreadcrumbList\",\"@id\":\"https:\/\/kibazar.com.br\/?product=contabilidade-para-igrejas#breadcrumb\",\"itemListElement\":[{\"@type\":\"ListItem\",\"position\":1,\"name\":\"In\u00edcio\",\"item\":\"https:\/\/kibazar.com.br\/\"},{\"@type\":\"ListItem\",\"position\":2,\"name\":\"Produtos\",\"item\":\"https:\/\/kibazar.com.br\/?page_id=11\"},{\"@type\":\"ListItem\",\"position\":3,\"name\":\"Contabilidade Para Igrejas, Associa\u00e7\u00f5es e ONGs\"}]},{\"@type\":\"WebSite\",\"@id\":\"https:\/\/kibazar.com.br\/#website\",\"url\":\"https:\/\/kibazar.com.br\/\",\"name\":\"Kibazar\",\"description\":\"A sua loja de variedades\",\"publisher\":{\"@id\":\"https:\/\/kibazar.com.br\/#organization\"},\"potentialAction\":[{\"@type\":\"SearchAction\",\"target\":{\"@type\":\"EntryPoint\",\"urlTemplate\":\"https:\/\/kibazar.com.br\/?s={search_term_string}\"},\"query-input\":{\"@type\":\"PropertyValueSpecification\",\"valueRequired\":true,\"valueName\":\"search_term_string\"}}],\"inLanguage\":\"pt-BR\"},{\"@type\":\"Organization\",\"@id\":\"https:\/\/kibazar.com.br\/#organization\",\"name\":\"Kibazar\",\"url\":\"https:\/\/kibazar.com.br\/\",\"logo\":{\"@type\":\"ImageObject\",\"inLanguage\":\"pt-BR\",\"@id\":\"https:\/\/kibazar.com.br\/#\/schema\/logo\/image\/\",\"url\":\"https:\/\/kibazar.com.br\/wp-content\/uploads\/2022\/01\/LOGO.png\",\"contentUrl\":\"https:\/\/kibazar.com.br\/wp-content\/uploads\/2022\/01\/LOGO.png\",\"width\":1000,\"height\":232,\"caption\":\"Kibazar\"},\"image\":{\"@id\":\"https:\/\/kibazar.com.br\/#\/schema\/logo\/image\/\"}}]}<\/script>\n<!-- \/ Yoast SEO plugin. -->","yoast_head_json":{"title":"Contabilidade Para Igrejas, Associa\u00e7\u00f5es e ONGs - Kibazar","description":"Contabilidade Para Igrejas aborda todas as obriga\u00e7\u00f5es legais, mensais e anuais, que uma Igreja, Associa\u00e7\u00e3o ou ONGs s\u00e3o obrigadas a cumprir.","robots":{"index":"index","follow":"follow","max-snippet":"max-snippet:-1","max-image-preview":"max-image-preview:large","max-video-preview":"max-video-preview:-1"},"canonical":"https:\/\/kibazar.com.br\/?product=contabilidade-para-igrejas","og_locale":"pt_BR","og_type":"article","og_title":"Contabilidade Para Igrejas, Associa\u00e7\u00f5es e ONGs - Kibazar","og_description":"Contabilidade Para Igrejas aborda todas as obriga\u00e7\u00f5es legais, mensais e anuais, que uma Igreja, Associa\u00e7\u00e3o ou ONGs s\u00e3o obrigadas a cumprir.","og_url":"https:\/\/kibazar.com.br\/?product=contabilidade-para-igrejas","og_site_name":"Kibazar","article_modified_time":"2022-09-18T12:56:44+00:00","og_image":[{"width":529,"height":720,"url":"https:\/\/kibazar.com.br\/wp-content\/uploads\/2022\/09\/Imagem_Livro_Contabilidade.Para_.Igrejas.01-\u2013\u2013\u2013-ORIGINAL.jpg","type":"image\/jpeg"}],"twitter_card":"summary_large_image","twitter_misc":{"Est. tempo de leitura":"2 minutos"},"schema":{"@context":"https:\/\/schema.org","@graph":[{"@type":"WebPage","@id":"https:\/\/kibazar.com.br\/?product=contabilidade-para-igrejas","url":"https:\/\/kibazar.com.br\/?product=contabilidade-para-igrejas","name":"Contabilidade Para Igrejas, Associa\u00e7\u00f5es e ONGs - Kibazar","isPartOf":{"@id":"https:\/\/kibazar.com.br\/#website"},"primaryImageOfPage":{"@id":"https:\/\/kibazar.com.br\/?product=contabilidade-para-igrejas#primaryimage"},"image":{"@id":"https:\/\/kibazar.com.br\/?product=contabilidade-para-igrejas#primaryimage"},"thumbnailUrl":"https:\/\/kibazar.com.br\/wp-content\/uploads\/2022\/09\/Imagem_Livro_Contabilidade.Para_.Igrejas.01-\u2013\u2013\u2013-ORIGINAL.jpg","datePublished":"2022-09-17T23:24:25+00:00","dateModified":"2022-09-18T12:56:44+00:00","description":"Contabilidade Para Igrejas aborda todas as obriga\u00e7\u00f5es legais, mensais e anuais, que uma Igreja, Associa\u00e7\u00e3o ou ONGs s\u00e3o obrigadas a cumprir.","breadcrumb":{"@id":"https:\/\/kibazar.com.br\/?product=contabilidade-para-igrejas#breadcrumb"},"inLanguage":"pt-BR","potentialAction":[{"@type":"ReadAction","target":["https:\/\/kibazar.com.br\/?product=contabilidade-para-igrejas"]}]},{"@type":"ImageObject","inLanguage":"pt-BR","@id":"https:\/\/kibazar.com.br\/?product=contabilidade-para-igrejas#primaryimage","url":"https:\/\/kibazar.com.br\/wp-content\/uploads\/2022\/09\/Imagem_Livro_Contabilidade.Para_.Igrejas.01-\u2013\u2013\u2013-ORIGINAL.jpg","contentUrl":"https:\/\/kibazar.com.br\/wp-content\/uploads\/2022\/09\/Imagem_Livro_Contabilidade.Para_.Igrejas.01-\u2013\u2013\u2013-ORIGINAL.jpg","width":529,"height":720,"caption":"Contabilidade Para Igrejas e Outras Entidades Sem Fins Lucrativos"},{"@type":"BreadcrumbList","@id":"https:\/\/kibazar.com.br\/?product=contabilidade-para-igrejas#breadcrumb","itemListElement":[{"@type":"ListItem","position":1,"name":"In\u00edcio","item":"https:\/\/kibazar.com.br\/"},{"@type":"ListItem","position":2,"name":"Produtos","item":"https:\/\/kibazar.com.br\/?page_id=11"},{"@type":"ListItem","position":3,"name":"Contabilidade Para Igrejas, Associa\u00e7\u00f5es e ONGs"}]},{"@type":"WebSite","@id":"https:\/\/kibazar.com.br\/#website","url":"https:\/\/kibazar.com.br\/","name":"Kibazar","description":"A sua loja de variedades","publisher":{"@id":"https:\/\/kibazar.com.br\/#organization"},"potentialAction":[{"@type":"SearchAction","target":{"@type":"EntryPoint","urlTemplate":"https:\/\/kibazar.com.br\/?s={search_term_string}"},"query-input":{"@type":"PropertyValueSpecification","valueRequired":true,"valueName":"search_term_string"}}],"inLanguage":"pt-BR"},{"@type":"Organization","@id":"https:\/\/kibazar.com.br\/#organization","name":"Kibazar","url":"https:\/\/kibazar.com.br\/","logo":{"@type":"ImageObject","inLanguage":"pt-BR","@id":"https:\/\/kibazar.com.br\/#\/schema\/logo\/image\/","url":"https:\/\/kibazar.com.br\/wp-content\/uploads\/2022\/01\/LOGO.png","contentUrl":"https:\/\/kibazar.com.br\/wp-content\/uploads\/2022\/01\/LOGO.png","width":1000,"height":232,"caption":"Kibazar"},"image":{"@id":"https:\/\/kibazar.com.br\/#\/schema\/logo\/image\/"}}]}},"_links":{"self":[{"href":"https:\/\/kibazar.com.br\/index.php?rest_route=\/wp\/v2\/product\/1685","targetHints":{"allow":["GET"]}}],"collection":[{"href":"https:\/\/kibazar.com.br\/index.php?rest_route=\/wp\/v2\/product"}],"about":[{"href":"https:\/\/kibazar.com.br\/index.php?rest_route=\/wp\/v2\/types\/product"}],"replies":[{"embeddable":true,"href":"https:\/\/kibazar.com.br\/index.php?rest_route=%2Fwp%2Fv2%2Fcomments&post=1685"}],"wp:featuredmedia":[{"embeddable":true,"href":"https:\/\/kibazar.com.br\/index.php?rest_route=\/wp\/v2\/media\/1686"}],"wp:attachment":[{"href":"https:\/\/kibazar.com.br\/index.php?rest_route=%2Fwp%2Fv2%2Fmedia&parent=1685"}],"wp:term":[{"taxonomy":"product_brand","embeddable":true,"href":"https:\/\/kibazar.com.br\/index.php?rest_route=%2Fwp%2Fv2%2Fproduct_brand&post=1685"},{"taxonomy":"product_cat","embeddable":true,"href":"https:\/\/kibazar.com.br\/index.php?rest_route=%2Fwp%2Fv2%2Fproduct_cat&post=1685"},{"taxonomy":"product_tag","embeddable":true,"href":"https:\/\/kibazar.com.br\/index.php?rest_route=%2Fwp%2Fv2%2Fproduct_tag&post=1685"}],"curies":[{"name":"wp","href":"https:\/\/api.w.org\/{rel}","templated":true}]}}