{"id":1621,"date":"2022-08-30T12:05:57","date_gmt":"2022-08-30T15:05:57","guid":{"rendered":"https:\/\/kibazar.com.br\/?post_type=product&#038;p=1621"},"modified":"2022-08-30T21:46:16","modified_gmt":"2022-08-31T00:46:16","slug":"fibras-verdes-para-o-seu-intestino","status":"publish","type":"product","link":"https:\/\/kibazar.com.br\/?product=fibras-verdes-para-o-seu-intestino","title":{"rendered":"Fibras Verdes Para o Seu INTESTINO"},"content":{"rendered":"<h1 style=\"text-align: center;\"><span style=\"color: #000000;\"><strong>Fibras Verdes do Campo Para o Seu INTESTINO \u2013 <span style=\"color: #026902;\"><em>FIELDS OF GREENS<\/em><\/span><\/strong><\/span><\/h1>\n<h4 style=\"text-align: center;\"><span style=\"color: #000000;\">Para o Bom Funcionamento do Seu <strong>Intestino<\/strong><\/span><\/h4>\n<h4><span style=\"color: #ffffff;\">.<\/span><\/h4>\n<p style=\"text-align: justify;\"><span style=\"color: #000000;\"><strong>Fibras Verdes Para o Seu Intestino, <span style=\"color: #026902;\">Fields Of Greens<\/span><\/strong>, \u00e9 um produto 100% natural, riqu\u00edssimo em nutrientes e feito a partir dos brotos verdes da <strong>Alfafa,\u00a0Cevada,\u00a0Folhas de Trigo<\/strong>\u00a0e da\u00a0<strong>Pimenta Caiena<\/strong>. Cada tablete \u00e9 rico em Amino\u00e1cidos \u2013 Betacaroteno \u2013 Clorofila \u2013 Enzimas \u2013 Minerais e Vitaminas.<\/span><\/p>\n<p style=\"text-align: justify;\"><span style=\"color: #000000;\">O <strong>Fields Of Greens<\/strong>\u00a0\u00e9 uma excelente combina\u00e7\u00e3o de nutrientes e\u00a0<strong>Fibras Verdes do Campo<\/strong>, que fazem seu intestino funcionar muito melhor diariamente. Ele ainda ajuda na desintoxica\u00e7\u00e3o do seu corpo, eliminando as toxinas acumuladas ao longo dos tempos. Essas toxinas s\u00e3o as causadoras da forma\u00e7\u00e3o dos <strong>radicais livres<\/strong> que causam o <strong>envelhecimento precoce<\/strong>\u00a0e ainda s\u00e3o respons\u00e1veis por diversas <strong>doen\u00e7as<\/strong>.<\/span><\/p>\n<h2 style=\"text-align: justify;\"><strong><span style=\"color: #000000;\"><span style=\"color: #b40000;\">\u27a4<\/span> Ingredientes Que Comp\u00f5em o Fibras Verdes <em><span style=\"color: #008000;\"><span style=\"color: #026902;\">FIELDS OF GREENS<\/span><\/span><\/em><\/span><\/strong><\/h2>\n<p style=\"text-align: justify;\"><span style=\"color: #000000;\"><strong>FIELDS OF GREENS<\/strong> cont\u00e9m os nutrientes naturais necess\u00e1rios para o seu sustento di\u00e1rio.<\/span><\/p>\n<p style=\"text-align: justify;\"><span style=\"color: #000000;\"><strong>1 \u2013 ALFAFA:<\/strong> \u00c9 uma rica fonte de minerais e das vitaminas <strong>A<\/strong>, <strong>B6<\/strong>, <strong>E<\/strong> e <strong>K<\/strong>. Reduz o colesterol e \u00e9 uma planta naturalmente <strong>estrog\u00eanica<\/strong> e excelente nos casos de <strong>fadiga<\/strong>.<\/span><\/p>\n<p style=\"text-align: justify;\"><span style=\"color: #000000;\"><strong>2 \u2013 FOLHAS DE CEVADA: <\/strong>S\u00e3o ricas em Minerais, C\u00e1lcio, Cobre, Ferro, F\u00f3sforo, Magn\u00e9sio, Mangan\u00eas, Pot\u00e1ssio, S\u00f3dio e Zinco. Elas cont\u00e9m um composto anti-oxidante conhecido como <strong>2-0-GI<\/strong> [2-0-GlicosilIsovitexina], bastante poderoso.<\/span><\/p>\n<p style=\"text-align: justify;\"><span style=\"color: #000000;\"><strong>3 \u2013 FOLHAS DE TRIGO:<\/strong>\u00a0S\u00e3o um rico e nutritivo alimento (<strong>1<\/strong>lb de folhas de trigo, frescas, equivale em valor nutritivo a mais de <strong>200<\/strong>lb de verduras frescas).<\/span><\/p>\n<p style=\"text-align: justify;\"><span style=\"color: #000000;\"><strong>4 \u2013 PIMENTA CAIENA<\/strong>: \u00c9 usada como <strong>rem\u00e9dio natural<\/strong>, melhora a circula\u00e7\u00e3o e ajuda a digest\u00e3o. A Pimenta Caiena tamb\u00e9m \u00e9 excelente para queimar calorias e eliminar gorduras, principalmente as \u201c<strong>gorduras abdominais<\/strong>\u201d consideradas as mais perigosas para o cora\u00e7\u00e3o.<\/span><\/p>\n<p style=\"text-align: justify;\"><span style=\"color: #000000;\"><strong>5 \u2013 MEL:<\/strong> O mel \u00e9 uma das fontes naturais de alimentos mais ricos em <strong>amino\u00e1cidos<\/strong>, <strong>minerais<\/strong> e <strong>vitaminas<\/strong> que existe. Ele \u00e9 usado h\u00e1 muito tempo para proporcionar as mais diversas <strong>curas<\/strong>.<\/span><\/p>\n<h2 style=\"text-align: justify;\"><strong><span style=\"color: #000000;\"><span style=\"color: #b40000;\">\u27a4<\/span>\u00a0<\/span><span style=\"color: #000000;\"><span style=\"color: #026902;\"><span style=\"color: #000000;\">Fibras Verdes,<\/span> <em>FIELDS OF GREENS<\/em><\/span> \u00e9 Um Poderoso Energ\u00e9tico<\/span><\/strong><\/h2>\n<p style=\"text-align: justify;\"><span style=\"color: #000000;\">O\u00a0<strong>Fields Of\u00a0Greens<\/strong> \u00e9 excelente para regularizar os\u00a0<strong><em>movimentos perist\u00e1lticos<\/em><\/strong> de quem tem o <strong>intestino preso<\/strong> ou pregui\u00e7oso e \u00e9 excelente para quem faz <strong>dieta<\/strong>.<\/span><\/p>\n<p style=\"text-align: justify;\"><span style=\"color: #000000;\"><strong>PS<\/strong>: As imagens s\u00e3o \u201cmeramente ilustrativas\u201d.<\/span><\/p>\n<p style=\"text-align: justify;\"><span style=\"color: #000000;\">Tome\u00a0<strong>FIELDS OF GREENS<\/strong>\u00a0<span style=\"font-family: 'Arial',sans-serif; letter-spacing: .5pt;\">todos os dias e voc\u00ea ser\u00e1\u00a0muito mais saud\u00e1vel.<\/span><\/span><\/p>\n<p style=\"text-align: justify;\"><span style=\"color: #000000;\"><strong>Recomenda\u00e7\u00e3o:<\/strong>\u00a0<strong>2 <\/strong>a <strong>3<\/strong><strong> t<\/strong>abletes, diariamente, <strong>\u00bd<\/strong> hora antes das refei\u00e7\u00f5es, com\u00a0<strong>\u00bd<\/strong> copo de \u00e1gua.<\/span><\/p>\n<p style=\"text-align: justify;\"><span style=\"color: #000000;\"><strong>Conte\u00fado:\u00a080<\/strong> tabletes<\/span><\/p>\n<p style=\"text-align: justify;\"><span style=\"color: #000000;\"><strong>\u27a4<\/strong>\u00a0Todos\u00a0os\u00a0nossos produtos\u00a0s\u00e3o <strong>enviados no mesmo\u00a0dia da compra<\/strong>\u00a0ou no m\u00e1ximo no\u00a0dia seguinte.<\/span><\/p>\n<p style=\"text-align: justify;\"><span style=\"color: #000000;\"><strong>\u27a4<\/strong> <strong>FRETE:<\/strong> Compradores com endere\u00e7o em S\u00e3o Paulo, capital, poder\u00e3o receber suas compras no \u201c<u>mesmo dia da compra<\/u>\u201d at\u00e9 \u00e0s 22:00.<\/span><\/p>\n<p style=\"text-align: justify;\"><span style=\"color: #000000;\"><strong>\u27a4<\/strong>\u00a0Em\u00a0cada compra\u00a0voc\u00ea receber\u00e1 um\u00a0<span style=\"color: #ff6600;\"><strong>Lindo Brinde<\/strong><\/span>\u00a0surpresa.<\/span><\/p>\n<p style=\"text-align: justify;\"><span style=\"color: #000000;\"><strong>\u27a4<\/strong><strong> Gostou Desse Produto?<\/strong> Compartilhe com <strong>seus amigos<\/strong> nas redes sociais.<\/span><\/p>\n<h6><span style=\"color: #ffffff;\">.<\/span><\/h6>\n<h4 style=\"text-align: justify; padding-left: 80px;\"><span style=\"color: #000000;\"><strong>Reda\u00e7\u00e3o:<\/strong> <em><span style=\"color: #0000ff;\">SCHNEIDER Sa\u00fade e Terapia<\/span> \u2013 Sua Sa\u00fade Levada a S\u00e9rio<\/em><\/span><\/h4>\n<h4 style=\"text-align: justify; padding-left: 80px;\"><span style=\"color: #000000;\">S\u00e9rgio Schneider<\/span><\/h4>\n<h4 style=\"text-align: justify; padding-left: 80px;\"><span style=\"color: #000000;\"><strong>CRT:<\/strong> 42.237<\/span><\/h4>\n<h4 style=\"text-align: justify; padding-left: 80px;\"><span style=\"color: #000000;\"><strong>Sinaten:<\/strong> CTN-SP 2732<\/span><\/h4>\n<h4><span style=\"color: #ffffff;\">.<\/span><\/h4>\n<h4 style=\"text-align: justify;\"><span style=\"color: #000000;\"><strong>TERAPEUTA DO SONO<\/strong><\/span><\/h4>\n<h4 style=\"text-align: justify;\"><span style=\"color: #000000;\">Fitoterapeuta, Psicoterapeuta e Ortomolecular<\/span><\/h4>\n<h4 style=\"text-align: justify;\"><span style=\"color: #000000;\">Especialista em Plantas Medicinais<\/span><\/h4>\n<h4 style=\"text-align: justify;\"><span style=\"color: #000000;\">P\u00f3s-Graduado em Fitoterapia Cl\u00ednica<\/span><\/h4>\n<h4 style=\"text-align: justify;\"><span style=\"color: #000000;\">Especializado em <a href=\"https:\/\/saudeeterapia.wordpress.com\/2019\/10\/10\/incontinencia-urinaria-tratamento-natural-infanto-juvenil-e-adultos\/#more-222\" target=\"_blank\" rel=\"noopener\">Incontin\u00eancia Urin\u00e1ria<\/a> e Prostatite<\/span><\/h4>\n<h4 style=\"text-align: justify;\"><span style=\"color: #000000;\"><strong>Principais Tratamentos:<\/strong> <strong>Ronco<\/strong>, <strong>Apneia do Sono<\/strong> e Ins\u00f4nia<\/span><\/h4>\n<h4 style=\"text-align: justify;\"><span style=\"color: #000000;\"><u>Novos Tratamentos<\/u>: <strong>Alcoolismo<\/strong>, <strong>Depress\u00e3o<\/strong>, <strong>Diabetes<\/strong>, <strong>Hipertens\u00e3o<\/strong> e <strong>Psor\u00edase<\/strong><\/span><\/h4>\n<h4><span style=\"color: #ffffff;\">.<\/span><\/h4>\n<h4 style=\"text-align: justify; padding-left: 80px;\"><span style=\"color: #000000;\"><strong>Loja:<\/strong> <a href=\"http:\/\/www.saudeeterapia.com.br\" target=\"_blank\" rel=\"noopener\">www.saudeeterapia.com.br<\/a><\/span><\/h4>\n<h4 style=\"text-align: justify; padding-left: 80px;\"><span style=\"color: #000000;\"><strong>Tel.<\/strong> (<strong>11<\/strong>) 5044-0606<\/span><\/h4>\n<h4 style=\"text-align: justify; padding-left: 80px;\"><span style=\"color: #000000;\"><strong>Cel.<\/strong> (<strong>11<\/strong>) 9.9524-2828 \u2013 <strong>WhatsApp<\/strong><\/span><\/h4>\n<h4><span style=\"color: #ffffff;\">.<\/span><\/h4>\n<h3 style=\"text-align: justify;\"><span style=\"color: #000000;\"><strong>Clique Abaixo e Conhe\u00e7a&#8230;<\/strong><\/span><\/h3>\n<h4 style=\"text-align: justify;\"><a href=\"http:\/\/www.kibazar.com.br\/?product=sono-pax-aparelho-anti-ronco-e-apneia-do-sono\" target=\"_blank\" rel=\"noopener\"><strong>SONO-PAX<\/strong> \u2013 Aparelho anti <strong>RONCO<\/strong> e APNEIA DO SONO<\/a><\/h4>\n<h4 style=\"text-align: justify;\"><a href=\"http:\/\/www.kibazar.com.br\/?product=travesseiro-pillow-pax-anti-ronco-apneia-caimbras-e-dores-na-coluna\" target=\"_blank\" rel=\"noopener\"><strong>PILLOW-PAX<\/strong> \u2013 Travesseiro anti <strong>RONCO<\/strong> e APNEIA DO SONO<\/a><\/h4>\n<h4><span style=\"color: #ffffff;\">.<\/span><\/h4>\n<h3 style=\"text-align: justify; padding-left: 80px;\"><strong>\u27a4<\/strong> <a href=\"https:\/\/saudeeterapia.wordpress.com\/category\/tratamentos\/\"><strong>CLIQUE AQUI<\/strong>\u00a0e conhe\u00e7a nossos <strong>Tratamentos Naturais<\/strong><\/a><\/h3>\n<h4 style=\"text-align: justify; padding-left: 80px;\"><span style=\"color: #000000;\"><strong>\u27a4<\/strong> Fa\u00e7a seu\u00a0<u>tratamento natural<\/u>\u00a0e\u00a0<strong>pague<\/strong>\u00a0pelo\u00a0<span style=\"color: #0000ff;\"><strong>MercadoPago<\/strong><\/span> em <u>at\u00e9\u00a0<\/u><strong><span style=\"text-decoration: underline;\">12x<\/span>.<\/strong><\/span><\/h4>\n<h4 style=\"text-align: justify; padding-left: 80px;\"><span style=\"color: #000000;\"><strong>\u27a4<\/strong> Ligue e marque seu\u00a0<strong>atendimento<\/strong> agora.<\/span><\/h4>\n<p>&nbsp;<\/p>\n","protected":false},"excerpt":{"rendered":"<h5 style=\"text-align: justify;\"><span style=\"color: #000000;\"><strong>Fibras Verdes<\/strong>, <span style=\"color: #026602;\"><strong>Fields Of Greens<\/strong><\/span>, \u00e9 um produto 100% natural, riqu\u00edssimo em nutrientes, composto de brotos verdes da <strong>Alfafa<\/strong>, da <strong>Cevada<\/strong>, de <strong>Folhas de Trigo<\/strong>, da <strong>Pimenta Caiena<\/strong> e <strong>Mel<\/strong>. Cada tablete \u00e9 rico em <span style=\"text-decoration: underline; color: #0000ff;\">Amino\u00e1cidos<\/span>, <span style=\"text-decoration: underline; color: #0000ff;\">Betacaroteno<\/span>, <span style=\"text-decoration: underline;\"><span style=\"color: #0000ff; text-decoration: underline;\">Clorofila<\/span><\/span>, <span style=\"text-decoration: underline; color: #0000ff;\">Enzimas<\/span>, <span style=\"text-decoration: underline; color: #0000ff;\">Minerais<\/span> e <span style=\"text-decoration: underline;\"><span style=\"color: #0000ff; text-decoration: underline;\">Vitaminas<\/span><\/span>. \u00c9 excelente para <strong>intestino preso<\/strong> e para <strong>dieta<\/strong>.<\/span><\/h5>\n","protected":false},"featured_media":1622,"comment_status":"open","ping_status":"closed","template":"","meta":{"site-sidebar-layout":"default","site-content-layout":"default","ast-site-content-layout":"default","site-content-style":"default","site-sidebar-style":"default","ast-global-header-display":"","ast-banner-title-visibility":"","ast-main-header-display":"","ast-hfb-above-header-display":"","ast-hfb-below-header-display":"","ast-hfb-mobile-header-display":"","site-post-title":"","ast-breadcrumbs-content":"","ast-featured-img":"","footer-sml-layout":"","ast-disable-related-posts":"","theme-transparent-header-meta":"default","adv-header-id-meta":"","stick-header-meta":"","header-above-stick-meta":"","header-main-stick-meta":"","header-below-stick-meta":"","astra-migrate-meta-layouts":"default","ast-page-background-enabled":"default","ast-page-background-meta":{"desktop":{"background-color":"var(--ast-global-color-4)","background-image":"","background-repeat":"repeat","background-position":"center center","background-size":"auto","background-attachment":"scroll","background-type":"","background-media":"","overlay-type":"","overlay-color":"","overlay-opacity":"","overlay-gradient":""},"tablet":{"background-color":"","background-image":"","background-repeat":"repeat","background-position":"center center","background-size":"auto","background-attachment":"scroll","background-type":"","background-media":"","overlay-type":"","overlay-color":"","overlay-opacity":"","overlay-gradient":""},"mobile":{"background-color":"","background-image":"","background-repeat":"repeat","background-position":"center center","background-size":"auto","background-attachment":"scroll","background-type":"","background-media":"","overlay-type":"","overlay-color":"","overlay-opacity":"","overlay-gradient":""}},"ast-content-background-meta":{"desktop":{"background-color":"var(--ast-global-color-5)","background-image":"","background-repeat":"repeat","background-position":"center center","background-size":"auto","background-attachment":"scroll","background-type":"","background-media":"","overlay-type":"","overlay-color":"","overlay-opacity":"","overlay-gradient":""},"tablet":{"background-color":"var(--ast-global-color-5)","background-image":"","background-repeat":"repeat","background-position":"center center","background-size":"auto","background-attachment":"scroll","background-type":"","background-media":"","overlay-type":"","overlay-color":"","overlay-opacity":"","overlay-gradient":""},"mobile":{"background-color":"var(--ast-global-color-5)","background-image":"","background-repeat":"repeat","background-position":"center center","background-size":"auto","background-attachment":"scroll","background-type":"","background-media":"","overlay-type":"","overlay-color":"","overlay-opacity":"","overlay-gradient":""}}},"product_brand":[],"product_cat":[22],"product_tag":[307,774,775,724,122,776,297,777,756,778,241,538,779,441,384,780,587,413,781,249,299,782,651,176,783,320,765,126,784,522,785,786,458,303,787,181,524,670,671,465,123,788,374,708,237,131],"class_list":{"0":"post-1621","1":"product","2":"type-product","3":"status-publish","4":"has-post-thumbnail","6":"product_cat-suplementos","7":"product_tag-alcoolismo","8":"product_tag-alfafa","9":"product_tag-aminoacidos","10":"product_tag-anti-oxidante","11":"product_tag-apneia","12":"product_tag-betacaroteno","13":"product_tag-calcio","14":"product_tag-cevada","15":"product_tag-circulacao","16":"product_tag-clorofila","17":"product_tag-cobre","18":"product_tag-colesterol","19":"product_tag-coracao","20":"product_tag-depressao","21":"product_tag-diabetes","22":"product_tag-dieta","23":"product_tag-digestao","24":"product_tag-energetico","25":"product_tag-enzimas","26":"product_tag-fadiga","27":"product_tag-ferro","28":"product_tag-fibras-verdes","29":"product_tag-fitoterapeuta","30":"product_tag-fitoterapia","31":"product_tag-fosforo","32":"product_tag-hipertensao","33":"product_tag-incontinencia","34":"product_tag-insonia","35":"product_tag-intestino-preso","36":"product_tag-magnesio","37":"product_tag-manganes","38":"product_tag-mel","39":"product_tag-minerais","40":"product_tag-ortomolecular","41":"product_tag-pimenta-caiena","42":"product_tag-plantas-medicinais","43":"product_tag-potassio","44":"product_tag-prostatite","45":"product_tag-psicoterapeuta","46":"product_tag-psoriase","47":"product_tag-ronco","48":"product_tag-terapeuta","49":"product_tag-toxinas","50":"product_tag-tratamento-natural","51":"product_tag-vitaminas","52":"product_tag-zinco","53":"desktop-align-left","54":"tablet-align-left","55":"mobile-align-left","57":"first","58":"instock","59":"shipping-taxable","60":"purchasable","61":"product-type-simple"},"yoast_head":"<!-- This site is optimized with the Yoast SEO plugin v27.1.1 - https:\/\/yoast.com\/product\/yoast-seo-wordpress\/ -->\n<title>Fibras Verdes Para o Seu INTESTINO - Kibazar<\/title>\n<meta name=\"description\" content=\"Fibras Verdes \u00e9 composto de Alfafa, Cevada, Trigo, Pimenta Caiena e Mel, Amino\u00e1cidos, Betacaroteno, Clorofila, Enzimas, Minerais e Vitaminas.\" \/>\n<meta name=\"robots\" content=\"index, follow, max-snippet:-1, max-image-preview:large, max-video-preview:-1\" \/>\n<link rel=\"canonical\" href=\"https:\/\/kibazar.com.br\/?product=fibras-verdes-para-o-seu-intestino\" \/>\n<meta property=\"og:locale\" content=\"pt_BR\" \/>\n<meta property=\"og:type\" content=\"article\" \/>\n<meta property=\"og:title\" content=\"Fibras Verdes Para o Seu INTESTINO - Kibazar\" \/>\n<meta property=\"og:description\" content=\"Fibras Verdes \u00e9 composto de Alfafa, Cevada, Trigo, Pimenta Caiena e Mel, Amino\u00e1cidos, Betacaroteno, Clorofila, Enzimas, Minerais e Vitaminas.\" \/>\n<meta property=\"og:url\" content=\"https:\/\/kibazar.com.br\/?product=fibras-verdes-para-o-seu-intestino\" \/>\n<meta property=\"og:site_name\" content=\"Kibazar\" \/>\n<meta property=\"article:modified_time\" content=\"2022-08-31T00:46:16+00:00\" \/>\n<meta property=\"og:image\" content=\"https:\/\/kibazar.com.br\/wp-content\/uploads\/2022\/08\/Imagem_FLP_FIELDS-OF-GREENS.1.jpg\" \/>\n\t<meta property=\"og:image:width\" content=\"453\" \/>\n\t<meta property=\"og:image:height\" content=\"720\" \/>\n\t<meta property=\"og:image:type\" content=\"image\/jpeg\" \/>\n<meta name=\"twitter:card\" content=\"summary_large_image\" \/>\n<meta name=\"twitter:label1\" content=\"Est. tempo de leitura\" \/>\n\t<meta name=\"twitter:data1\" content=\"4 minutos\" \/>\n<script type=\"application\/ld+json\" class=\"yoast-schema-graph\">{\"@context\":\"https:\/\/schema.org\",\"@graph\":[{\"@type\":\"WebPage\",\"@id\":\"https:\/\/kibazar.com.br\/?product=fibras-verdes-para-o-seu-intestino\",\"url\":\"https:\/\/kibazar.com.br\/?product=fibras-verdes-para-o-seu-intestino\",\"name\":\"Fibras Verdes Para o Seu INTESTINO - Kibazar\",\"isPartOf\":{\"@id\":\"https:\/\/kibazar.com.br\/#website\"},\"primaryImageOfPage\":{\"@id\":\"https:\/\/kibazar.com.br\/?product=fibras-verdes-para-o-seu-intestino#primaryimage\"},\"image\":{\"@id\":\"https:\/\/kibazar.com.br\/?product=fibras-verdes-para-o-seu-intestino#primaryimage\"},\"thumbnailUrl\":\"https:\/\/kibazar.com.br\/wp-content\/uploads\/2022\/08\/Imagem_FLP_FIELDS-OF-GREENS.1.jpg\",\"datePublished\":\"2022-08-30T15:05:57+00:00\",\"dateModified\":\"2022-08-31T00:46:16+00:00\",\"description\":\"Fibras Verdes \u00e9 composto de Alfafa, Cevada, Trigo, Pimenta Caiena e Mel, Amino\u00e1cidos, Betacaroteno, Clorofila, Enzimas, Minerais e Vitaminas.\",\"breadcrumb\":{\"@id\":\"https:\/\/kibazar.com.br\/?product=fibras-verdes-para-o-seu-intestino#breadcrumb\"},\"inLanguage\":\"pt-BR\",\"potentialAction\":[{\"@type\":\"ReadAction\",\"target\":[\"https:\/\/kibazar.com.br\/?product=fibras-verdes-para-o-seu-intestino\"]}]},{\"@type\":\"ImageObject\",\"inLanguage\":\"pt-BR\",\"@id\":\"https:\/\/kibazar.com.br\/?product=fibras-verdes-para-o-seu-intestino#primaryimage\",\"url\":\"https:\/\/kibazar.com.br\/wp-content\/uploads\/2022\/08\/Imagem_FLP_FIELDS-OF-GREENS.1.jpg\",\"contentUrl\":\"https:\/\/kibazar.com.br\/wp-content\/uploads\/2022\/08\/Imagem_FLP_FIELDS-OF-GREENS.1.jpg\",\"width\":453,\"height\":720,\"caption\":\"Fibras Verdes Para o Seu INTESTINO\"},{\"@type\":\"BreadcrumbList\",\"@id\":\"https:\/\/kibazar.com.br\/?product=fibras-verdes-para-o-seu-intestino#breadcrumb\",\"itemListElement\":[{\"@type\":\"ListItem\",\"position\":1,\"name\":\"In\u00edcio\",\"item\":\"https:\/\/kibazar.com.br\/\"},{\"@type\":\"ListItem\",\"position\":2,\"name\":\"Produtos\",\"item\":\"https:\/\/kibazar.com.br\/?page_id=11\"},{\"@type\":\"ListItem\",\"position\":3,\"name\":\"Fibras Verdes Para o Seu INTESTINO\"}]},{\"@type\":\"WebSite\",\"@id\":\"https:\/\/kibazar.com.br\/#website\",\"url\":\"https:\/\/kibazar.com.br\/\",\"name\":\"Kibazar\",\"description\":\"A sua loja de variedades\",\"publisher\":{\"@id\":\"https:\/\/kibazar.com.br\/#organization\"},\"potentialAction\":[{\"@type\":\"SearchAction\",\"target\":{\"@type\":\"EntryPoint\",\"urlTemplate\":\"https:\/\/kibazar.com.br\/?s={search_term_string}\"},\"query-input\":{\"@type\":\"PropertyValueSpecification\",\"valueRequired\":true,\"valueName\":\"search_term_string\"}}],\"inLanguage\":\"pt-BR\"},{\"@type\":\"Organization\",\"@id\":\"https:\/\/kibazar.com.br\/#organization\",\"name\":\"Kibazar\",\"url\":\"https:\/\/kibazar.com.br\/\",\"logo\":{\"@type\":\"ImageObject\",\"inLanguage\":\"pt-BR\",\"@id\":\"https:\/\/kibazar.com.br\/#\/schema\/logo\/image\/\",\"url\":\"https:\/\/kibazar.com.br\/wp-content\/uploads\/2022\/01\/LOGO.png\",\"contentUrl\":\"https:\/\/kibazar.com.br\/wp-content\/uploads\/2022\/01\/LOGO.png\",\"width\":1000,\"height\":232,\"caption\":\"Kibazar\"},\"image\":{\"@id\":\"https:\/\/kibazar.com.br\/#\/schema\/logo\/image\/\"}}]}<\/script>\n<!-- \/ Yoast SEO plugin. -->","yoast_head_json":{"title":"Fibras Verdes Para o Seu INTESTINO - Kibazar","description":"Fibras Verdes \u00e9 composto de Alfafa, Cevada, Trigo, Pimenta Caiena e Mel, Amino\u00e1cidos, Betacaroteno, Clorofila, Enzimas, Minerais e Vitaminas.","robots":{"index":"index","follow":"follow","max-snippet":"max-snippet:-1","max-image-preview":"max-image-preview:large","max-video-preview":"max-video-preview:-1"},"canonical":"https:\/\/kibazar.com.br\/?product=fibras-verdes-para-o-seu-intestino","og_locale":"pt_BR","og_type":"article","og_title":"Fibras Verdes Para o Seu INTESTINO - Kibazar","og_description":"Fibras Verdes \u00e9 composto de Alfafa, Cevada, Trigo, Pimenta Caiena e Mel, Amino\u00e1cidos, Betacaroteno, Clorofila, Enzimas, Minerais e Vitaminas.","og_url":"https:\/\/kibazar.com.br\/?product=fibras-verdes-para-o-seu-intestino","og_site_name":"Kibazar","article_modified_time":"2022-08-31T00:46:16+00:00","og_image":[{"width":453,"height":720,"url":"https:\/\/kibazar.com.br\/wp-content\/uploads\/2022\/08\/Imagem_FLP_FIELDS-OF-GREENS.1.jpg","type":"image\/jpeg"}],"twitter_card":"summary_large_image","twitter_misc":{"Est. tempo de leitura":"4 minutos"},"schema":{"@context":"https:\/\/schema.org","@graph":[{"@type":"WebPage","@id":"https:\/\/kibazar.com.br\/?product=fibras-verdes-para-o-seu-intestino","url":"https:\/\/kibazar.com.br\/?product=fibras-verdes-para-o-seu-intestino","name":"Fibras Verdes Para o Seu INTESTINO - Kibazar","isPartOf":{"@id":"https:\/\/kibazar.com.br\/#website"},"primaryImageOfPage":{"@id":"https:\/\/kibazar.com.br\/?product=fibras-verdes-para-o-seu-intestino#primaryimage"},"image":{"@id":"https:\/\/kibazar.com.br\/?product=fibras-verdes-para-o-seu-intestino#primaryimage"},"thumbnailUrl":"https:\/\/kibazar.com.br\/wp-content\/uploads\/2022\/08\/Imagem_FLP_FIELDS-OF-GREENS.1.jpg","datePublished":"2022-08-30T15:05:57+00:00","dateModified":"2022-08-31T00:46:16+00:00","description":"Fibras Verdes \u00e9 composto de Alfafa, Cevada, Trigo, Pimenta Caiena e Mel, Amino\u00e1cidos, Betacaroteno, Clorofila, Enzimas, Minerais e Vitaminas.","breadcrumb":{"@id":"https:\/\/kibazar.com.br\/?product=fibras-verdes-para-o-seu-intestino#breadcrumb"},"inLanguage":"pt-BR","potentialAction":[{"@type":"ReadAction","target":["https:\/\/kibazar.com.br\/?product=fibras-verdes-para-o-seu-intestino"]}]},{"@type":"ImageObject","inLanguage":"pt-BR","@id":"https:\/\/kibazar.com.br\/?product=fibras-verdes-para-o-seu-intestino#primaryimage","url":"https:\/\/kibazar.com.br\/wp-content\/uploads\/2022\/08\/Imagem_FLP_FIELDS-OF-GREENS.1.jpg","contentUrl":"https:\/\/kibazar.com.br\/wp-content\/uploads\/2022\/08\/Imagem_FLP_FIELDS-OF-GREENS.1.jpg","width":453,"height":720,"caption":"Fibras Verdes Para o Seu INTESTINO"},{"@type":"BreadcrumbList","@id":"https:\/\/kibazar.com.br\/?product=fibras-verdes-para-o-seu-intestino#breadcrumb","itemListElement":[{"@type":"ListItem","position":1,"name":"In\u00edcio","item":"https:\/\/kibazar.com.br\/"},{"@type":"ListItem","position":2,"name":"Produtos","item":"https:\/\/kibazar.com.br\/?page_id=11"},{"@type":"ListItem","position":3,"name":"Fibras Verdes Para o Seu INTESTINO"}]},{"@type":"WebSite","@id":"https:\/\/kibazar.com.br\/#website","url":"https:\/\/kibazar.com.br\/","name":"Kibazar","description":"A sua loja de variedades","publisher":{"@id":"https:\/\/kibazar.com.br\/#organization"},"potentialAction":[{"@type":"SearchAction","target":{"@type":"EntryPoint","urlTemplate":"https:\/\/kibazar.com.br\/?s={search_term_string}"},"query-input":{"@type":"PropertyValueSpecification","valueRequired":true,"valueName":"search_term_string"}}],"inLanguage":"pt-BR"},{"@type":"Organization","@id":"https:\/\/kibazar.com.br\/#organization","name":"Kibazar","url":"https:\/\/kibazar.com.br\/","logo":{"@type":"ImageObject","inLanguage":"pt-BR","@id":"https:\/\/kibazar.com.br\/#\/schema\/logo\/image\/","url":"https:\/\/kibazar.com.br\/wp-content\/uploads\/2022\/01\/LOGO.png","contentUrl":"https:\/\/kibazar.com.br\/wp-content\/uploads\/2022\/01\/LOGO.png","width":1000,"height":232,"caption":"Kibazar"},"image":{"@id":"https:\/\/kibazar.com.br\/#\/schema\/logo\/image\/"}}]}},"_links":{"self":[{"href":"https:\/\/kibazar.com.br\/index.php?rest_route=\/wp\/v2\/product\/1621","targetHints":{"allow":["GET"]}}],"collection":[{"href":"https:\/\/kibazar.com.br\/index.php?rest_route=\/wp\/v2\/product"}],"about":[{"href":"https:\/\/kibazar.com.br\/index.php?rest_route=\/wp\/v2\/types\/product"}],"replies":[{"embeddable":true,"href":"https:\/\/kibazar.com.br\/index.php?rest_route=%2Fwp%2Fv2%2Fcomments&post=1621"}],"wp:featuredmedia":[{"embeddable":true,"href":"https:\/\/kibazar.com.br\/index.php?rest_route=\/wp\/v2\/media\/1622"}],"wp:attachment":[{"href":"https:\/\/kibazar.com.br\/index.php?rest_route=%2Fwp%2Fv2%2Fmedia&parent=1621"}],"wp:term":[{"taxonomy":"product_brand","embeddable":true,"href":"https:\/\/kibazar.com.br\/index.php?rest_route=%2Fwp%2Fv2%2Fproduct_brand&post=1621"},{"taxonomy":"product_cat","embeddable":true,"href":"https:\/\/kibazar.com.br\/index.php?rest_route=%2Fwp%2Fv2%2Fproduct_cat&post=1621"},{"taxonomy":"product_tag","embeddable":true,"href":"https:\/\/kibazar.com.br\/index.php?rest_route=%2Fwp%2Fv2%2Fproduct_tag&post=1621"}],"curies":[{"name":"wp","href":"https:\/\/api.w.org\/{rel}","templated":true}]}}