{"id":1020,"date":"2022-05-19T15:25:37","date_gmt":"2022-05-19T18:25:37","guid":{"rendered":"https:\/\/nichecloud.net\/kibazar\/?post_type=product&#038;p=1020"},"modified":"2022-06-10T19:05:43","modified_gmt":"2022-06-10T22:05:43","slug":"deixe-me-ir-mae","status":"publish","type":"product","link":"https:\/\/kibazar.com.br\/?product=deixe-me-ir-mae","title":{"rendered":"DEIXE-ME IR M\u00c3E"},"content":{"rendered":"<h1 style=\"text-align: center;\"><strong><span style=\"color: #000000;\">Deixe-me Ir M\u00e3e<\/span><\/strong><\/h1>\n<p>&nbsp;<\/p>\n<p style=\"text-align: justify;\"><a href=\"https:\/\/d26lpennugtm8s.cloudfront.net\/stores\/001\/059\/049\/rte\/Imagem_Livro_DEIXE-ME.IR.MAE.1.jpg\" target=\"_blank\" rel=\"noopener\"><img fetchpriority=\"high\" decoding=\"async\" class=\"alignleft\" src=\"https:\/\/d26lpennugtm8s.cloudfront.net\/stores\/001\/059\/049\/rte\/Imagem_Livro_DEIXE-ME.IR.MAE.1.jpg\" alt=\"\" width=\"272\" height=\"370\" \/><\/a><span style=\"color: #000000;\"><strong>Deixe-Me Ir M\u00e3e<\/strong>\u00a0\u00e9 uma <span style=\"text-decoration: underline; color: #0000ff;\">hist\u00f3ria ver\u00eddica<\/span> que se passou em Viena, \u00c1ustria, em outubro de 1998. Em um quarto de hotel, numa manh\u00e3 fria, g\u00e9lida e chuvosa,\u00a0<strong>Helga Schneider<\/strong>\u00a0se lembra daquela m\u00e3e que, em 1941, abandonou os dois filhos para seguir sua voca\u00e7\u00e3o e cumprir sua &#8220;miss\u00e3o&#8221;: trabalhar como guardi\u00e3 nos campos do\u00a0F\u00fchrer. O que, ent\u00e3o, compele\u00a0Helga,\u00a0hoje, a rever essa velha estranha que \u00e9 sua m\u00e3e? Ser\u00e1 preciso que a filha pergunte tudo, e que a m\u00e3e conte tudo.<\/span><\/p>\n<p style=\"text-align: justify;\"><span style=\"color: #000000;\">Depois de\u00a0<strong>57<\/strong>\u00a0anos de separa\u00e7\u00e3o, entre apreensiva e ansiosa,\u00a0Helga Schneider\u00a0prepara-se para rever sua m\u00e3e, uma anci\u00e3 de 90 anos e sa\u00fade debilitada, que vira apenas uma vez desde a\u00a0Segunda Grande Guerra. Mas, este n\u00e3o ser\u00e1 um reencontro amoroso entre m\u00e3e e filha, afastadas pelos azares da guerra.<\/span><\/p>\n<p style=\"text-align: justify;\"><span style=\"color: #000000;\">O que ent\u00e3o levou\u00a0Helga\u00a0a responder \u00e0 carta de uma desconhecida,\u00a0Frau Freihorst, que lhe comunicava que sua m\u00e3e ainda estava viva? E o que a compele\u00a0hoje\u00a0a rever essa velha estranha que \u00e9 a sua m\u00e3e? A curiosidade? A esperan\u00e7a de que tenha se arrependido? Ou algo mais sutil, mais obscuro e inquietante? Em todo caso,\u00a0Helga\u00a0decidiu que este ser\u00e1 o \u00faltimo encontro. Mas, ser\u00e1 preciso que a filha pergunte tudo, e que a m\u00e3e conte tudo?<\/span><\/p>\n<h2 style=\"text-align: justify;\"><strong><span style=\"color: #000000;\">Deixe-me Ir M\u00e3e\u00a0\u2013 O Que Acontecer\u00e1 Nesse Enigm\u00e1tico Encontro?<\/span><\/strong><\/h2>\n<p style=\"text-align: justify;\"><span style=\"color: #000000;\">As duas coisas acontecer\u00e3o, mas, como sempre, de maneira muito diferente da prevista. Ser\u00e1 esse um encontro caloroso, frio, inquietante, emocionante ou apenas formal, frio e hist\u00f3rico, sem render continuidade aos la\u00e7os familiares de outrora! Como saber!<\/span><\/p>\n<p style=\"text-align: justify;\"><span style=\"color: #000000;\"><strong>Ser\u00e1 preciso voc\u00ea ler o livro<\/strong>\u00a0para conhecer essa &#8220;Hist\u00f3ria Emocionante e Dram\u00e1tica&#8221; entre m\u00e3e e filha, ausentes entre si por quase seis d\u00e9cadas. E depois desse reencontro? Como tudo ficar\u00e1? Ou ser\u00e1 que&#8230;!!!\u00a0Leia e se surpreenda, se emocione e repense os valores da vida. Boa leitura.<\/span><\/p>\n<p style=\"text-align: justify;\"><span style=\"color: #000000;\"><strong>Autora:<\/strong>\u00a0Helga Schneider\u00a0\u2013 Formato: 21 x 14 cm \u2013 P\u00e1ginas: 136 \u2013 Edi\u00e7\u00e3o: 1\u00aa.<\/span><\/p>\n<p style=\"text-align: justify;\"><span style=\"color: #000000;\">Ano: 2001 \u2013 Editora: Berlendis e Vertecch<\/span><br \/>\n<span style=\"color: #000000;\">Edi\u00e7\u00e3o Hist\u00f3rica\u00a0\u2013 Esgotada \u2013\u00a0<strong>\u00daltima Unidade<\/strong>.<\/span><\/p>\n<h4 style=\"padding-left: 80px;\"><span style=\"color: #000000;\"><strong>Reda\u00e7\u00e3o:<\/strong> <\/span><em><a href=\"http:\/\/www.saudeeterapia.com.br\" target=\"_blank\" rel=\"noopener\"><span style=\"color: #0000ff;\">SCHNEIDER Sa\u00fade e Terapia<\/span><\/a><span style=\"color: #000000;\"> \u2013 Sua Sa\u00fade Levada a S\u00e9rio<\/span><\/em><\/h4>\n<h4 style=\"padding-left: 80px;\"><span style=\"color: #000000;\">S\u00e9rgio Schneider<\/span><\/h4>\n<h4 style=\"padding-left: 80px;\"><span style=\"color: #000000;\"><strong>CRT:<\/strong> 42.237<\/span><\/h4>\n<h4 style=\"padding-left: 80px;\"><span style=\"color: #000000;\"><strong>Sinaten:<\/strong> CTN-SP 2732<\/span><\/h4>\n<p>&nbsp;<\/p>\n<h4><span style=\"color: #000000;\"><strong>TERAPEUTA DO SONO<\/strong><\/span><\/h4>\n<h4><span style=\"color: #000000;\">Fitoterapeuta, Psicoterapeuta e Ortomolecular<\/span><\/h4>\n<h4><span style=\"color: #000000;\">Especialista em Plantas Medicinais<\/span><\/h4>\n<h4><span style=\"color: #000000;\">P\u00f3s-Graduado em Fitoterapia Cl\u00ednica<\/span><\/h4>\n<h4><span style=\"color: #000000;\">Especializado em Incontin\u00eancia Urin\u00e1ria e Prostatite<\/span><\/h4>\n<h4><span style=\"color: #000000;\"><strong>Principais Tratamentos:<\/strong> <\/span><a href=\"http:\/\/www.saudeeterapia.com.br\/produtos\/sono-pax-aparelho-anti-ronco-e-apneia-do-sono\/\" target=\"_blank\" rel=\"noopener\"><strong>Ronco<\/strong><\/a><span style=\"color: #000000;\">,<\/span> <a href=\"http:\/\/www.saudeeterapia.com.br\/produtos\/travesseiro-pillow-pax-anti-ronco-apneia-do-sono-e-caimbras\/\" target=\"_blank\" rel=\"noopener\"><strong>Apneia do Sono<\/strong><\/a><span style=\"color: #000000;\"> e Ins\u00f4nia<\/span><\/h4>\n<h4><span style=\"color: #000000;\"><u>Mais Tratamentos<\/u>: <strong>Alcoolismo<\/strong>, <strong>Depress\u00e3o<\/strong>, <strong>Diabetes<\/strong>, <a href=\"https:\/\/www.saudeeterapia.com.br\/produtos\/coenzima-q10-otima-para-o-coracao-atletas-e-prevencao-de-doencas\/\" target=\"_blank\" rel=\"noopener\"><strong>Hipertens\u00e3o<\/strong><\/a> e <strong>Psor\u00edase<\/strong><\/span><\/h4>\n<p>&nbsp;<\/p>\n<h3 style=\"padding-left: 160px;\"><span style=\"color: #000000;\"><strong>Loja:<\/strong> <\/span><a href=\"http:\/\/www.saudeeterapia.com.br\" target=\"_blank\" rel=\"noopener\">www.saudeeterapia.com.br<\/a><\/h3>\n<h3 style=\"padding-left: 160px;\"><span style=\"color: #000000;\"><strong>Tel.<\/strong> (<strong>11<\/strong>) 5044-0606<\/span><\/h3>\n<h3 style=\"padding-left: 160px;\"><span style=\"color: #000000;\"><strong>Cel.<\/strong> (<strong>11<\/strong>) 9.9524-2828 \u2013 <strong>WhatsApp<\/strong><\/span><\/h3>\n<p>&nbsp;<\/p>\n","protected":false},"excerpt":{"rendered":"<p style=\"text-align: justify;\"><span style=\"color: #000000;\"><strong>Deixe-Me Ir M\u00e3e<\/strong>\u00a0\u00e9 uma <span style=\"text-decoration: underline; color: #0000ff;\">hist\u00f3ria ver\u00eddica<\/span> que se passou em Viena, \u00c1ustria, em outubro de 1998. Em um quarto de hotel, numa manh\u00e3 fria, g\u00e9lida e chuvosa, <strong>Helga Schneider<\/strong> se lembra daquela m\u00e3e que, em 1941, abandonou os dois filhos para seguir sua voca\u00e7\u00e3o e cumprir sua \u201cmiss\u00e3o\u201d: trabalhar como guardi\u00e3 nos campos do <strong>F\u00fchrer<\/strong>.<\/span><\/p>\n","protected":false},"featured_media":1021,"comment_status":"open","ping_status":"closed","template":"","meta":{"site-sidebar-layout":"default","site-content-layout":"default","ast-site-content-layout":"default","site-content-style":"default","site-sidebar-style":"default","ast-global-header-display":"","ast-banner-title-visibility":"","ast-main-header-display":"","ast-hfb-above-header-display":"","ast-hfb-below-header-display":"","ast-hfb-mobile-header-display":"","site-post-title":"","ast-breadcrumbs-content":"","ast-featured-img":"","footer-sml-layout":"","ast-disable-related-posts":"","theme-transparent-header-meta":"default","adv-header-id-meta":"","stick-header-meta":"","header-above-stick-meta":"","header-main-stick-meta":"","header-below-stick-meta":"","astra-migrate-meta-layouts":"default","ast-page-background-enabled":"default","ast-page-background-meta":{"desktop":{"background-color":"var(--ast-global-color-4)","background-image":"","background-repeat":"repeat","background-position":"center center","background-size":"auto","background-attachment":"scroll","background-type":"","background-media":"","overlay-type":"","overlay-color":"","overlay-opacity":"","overlay-gradient":""},"tablet":{"background-color":"","background-image":"","background-repeat":"repeat","background-position":"center center","background-size":"auto","background-attachment":"scroll","background-type":"","background-media":"","overlay-type":"","overlay-color":"","overlay-opacity":"","overlay-gradient":""},"mobile":{"background-color":"","background-image":"","background-repeat":"repeat","background-position":"center center","background-size":"auto","background-attachment":"scroll","background-type":"","background-media":"","overlay-type":"","overlay-color":"","overlay-opacity":"","overlay-gradient":""}},"ast-content-background-meta":{"desktop":{"background-color":"var(--ast-global-color-5)","background-image":"","background-repeat":"repeat","background-position":"center center","background-size":"auto","background-attachment":"scroll","background-type":"","background-media":"","overlay-type":"","overlay-color":"","overlay-opacity":"","overlay-gradient":""},"tablet":{"background-color":"var(--ast-global-color-5)","background-image":"","background-repeat":"repeat","background-position":"center center","background-size":"auto","background-attachment":"scroll","background-type":"","background-media":"","overlay-type":"","overlay-color":"","overlay-opacity":"","overlay-gradient":""},"mobile":{"background-color":"var(--ast-global-color-5)","background-image":"","background-repeat":"repeat","background-position":"center center","background-size":"auto","background-attachment":"scroll","background-type":"","background-media":"","overlay-type":"","overlay-color":"","overlay-opacity":"","overlay-gradient":""}}},"product_brand":[],"product_cat":[115],"product_tag":[174],"class_list":{"0":"post-1020","1":"product","2":"type-product","3":"status-publish","4":"has-post-thumbnail","6":"product_cat-livros-de-autoajuda","7":"product_tag-deixe-me-ir-mae","8":"desktop-align-left","9":"tablet-align-left","10":"mobile-align-left","12":"first","13":"instock","14":"shipping-taxable","15":"purchasable","16":"product-type-simple"},"yoast_head":"<!-- This site is optimized with the Yoast SEO plugin v27.1.1 - https:\/\/yoast.com\/product\/yoast-seo-wordpress\/ -->\n<title>DEIXE-ME IR M\u00c3E - Kibazar<\/title>\n<meta name=\"description\" content=\"Deixe-Me Ir M\u00e3e \u00e9 uma hist\u00f3ria ver\u00eddica que se passou em Viena, \u00c1ustria, em outubro de 1998, em um hotel, numa manh\u00e3 fria, g\u00e9lida e chuvosa.\" \/>\n<meta name=\"robots\" content=\"index, follow, max-snippet:-1, max-image-preview:large, max-video-preview:-1\" \/>\n<link rel=\"canonical\" href=\"https:\/\/kibazar.com.br\/?product=deixe-me-ir-mae\" \/>\n<meta property=\"og:locale\" content=\"pt_BR\" \/>\n<meta property=\"og:type\" content=\"article\" \/>\n<meta property=\"og:title\" content=\"DEIXE-ME IR M\u00c3E - Kibazar\" \/>\n<meta property=\"og:description\" content=\"Deixe-Me Ir M\u00e3e \u00e9 uma hist\u00f3ria ver\u00eddica que se passou em Viena, \u00c1ustria, em outubro de 1998, em um hotel, numa manh\u00e3 fria, g\u00e9lida e chuvosa.\" \/>\n<meta property=\"og:url\" content=\"https:\/\/kibazar.com.br\/?product=deixe-me-ir-mae\" \/>\n<meta property=\"og:site_name\" content=\"Kibazar\" \/>\n<meta property=\"article:modified_time\" content=\"2022-06-10T22:05:43+00:00\" \/>\n<meta property=\"og:image\" content=\"https:\/\/kibazar.com.br\/wp-content\/uploads\/2022\/05\/imagem_livro_deixe-me-ir-mae-1-blog1-24a1e3cdc70a434cce15702882051635-320-0.jpg\" \/>\n\t<meta property=\"og:image:width\" content=\"320\" \/>\n\t<meta property=\"og:image:height\" content=\"436\" \/>\n\t<meta property=\"og:image:type\" content=\"image\/jpeg\" \/>\n<meta name=\"twitter:card\" content=\"summary_large_image\" \/>\n<meta name=\"twitter:label1\" content=\"Est. tempo de leitura\" \/>\n\t<meta name=\"twitter:data1\" content=\"3 minutos\" \/>\n<script type=\"application\/ld+json\" class=\"yoast-schema-graph\">{\"@context\":\"https:\/\/schema.org\",\"@graph\":[{\"@type\":\"WebPage\",\"@id\":\"https:\/\/kibazar.com.br\/?product=deixe-me-ir-mae\",\"url\":\"https:\/\/kibazar.com.br\/?product=deixe-me-ir-mae\",\"name\":\"DEIXE-ME IR M\u00c3E - Kibazar\",\"isPartOf\":{\"@id\":\"https:\/\/kibazar.com.br\/#website\"},\"primaryImageOfPage\":{\"@id\":\"https:\/\/kibazar.com.br\/?product=deixe-me-ir-mae#primaryimage\"},\"image\":{\"@id\":\"https:\/\/kibazar.com.br\/?product=deixe-me-ir-mae#primaryimage\"},\"thumbnailUrl\":\"https:\/\/kibazar.com.br\/wp-content\/uploads\/2022\/05\/imagem_livro_deixe-me-ir-mae-1-blog1-24a1e3cdc70a434cce15702882051635-320-0.jpg\",\"datePublished\":\"2022-05-19T18:25:37+00:00\",\"dateModified\":\"2022-06-10T22:05:43+00:00\",\"description\":\"Deixe-Me Ir M\u00e3e \u00e9 uma hist\u00f3ria ver\u00eddica que se passou em Viena, \u00c1ustria, em outubro de 1998, em um hotel, numa manh\u00e3 fria, g\u00e9lida e chuvosa.\",\"breadcrumb\":{\"@id\":\"https:\/\/kibazar.com.br\/?product=deixe-me-ir-mae#breadcrumb\"},\"inLanguage\":\"pt-BR\",\"potentialAction\":[{\"@type\":\"ReadAction\",\"target\":[\"https:\/\/kibazar.com.br\/?product=deixe-me-ir-mae\"]}]},{\"@type\":\"ImageObject\",\"inLanguage\":\"pt-BR\",\"@id\":\"https:\/\/kibazar.com.br\/?product=deixe-me-ir-mae#primaryimage\",\"url\":\"https:\/\/kibazar.com.br\/wp-content\/uploads\/2022\/05\/imagem_livro_deixe-me-ir-mae-1-blog1-24a1e3cdc70a434cce15702882051635-320-0.jpg\",\"contentUrl\":\"https:\/\/kibazar.com.br\/wp-content\/uploads\/2022\/05\/imagem_livro_deixe-me-ir-mae-1-blog1-24a1e3cdc70a434cce15702882051635-320-0.jpg\",\"width\":320,\"height\":436},{\"@type\":\"BreadcrumbList\",\"@id\":\"https:\/\/kibazar.com.br\/?product=deixe-me-ir-mae#breadcrumb\",\"itemListElement\":[{\"@type\":\"ListItem\",\"position\":1,\"name\":\"In\u00edcio\",\"item\":\"https:\/\/kibazar.com.br\/\"},{\"@type\":\"ListItem\",\"position\":2,\"name\":\"Produtos\",\"item\":\"https:\/\/kibazar.com.br\/?page_id=11\"},{\"@type\":\"ListItem\",\"position\":3,\"name\":\"DEIXE-ME IR M\u00c3E\"}]},{\"@type\":\"WebSite\",\"@id\":\"https:\/\/kibazar.com.br\/#website\",\"url\":\"https:\/\/kibazar.com.br\/\",\"name\":\"Kibazar\",\"description\":\"A sua loja de variedades\",\"publisher\":{\"@id\":\"https:\/\/kibazar.com.br\/#organization\"},\"potentialAction\":[{\"@type\":\"SearchAction\",\"target\":{\"@type\":\"EntryPoint\",\"urlTemplate\":\"https:\/\/kibazar.com.br\/?s={search_term_string}\"},\"query-input\":{\"@type\":\"PropertyValueSpecification\",\"valueRequired\":true,\"valueName\":\"search_term_string\"}}],\"inLanguage\":\"pt-BR\"},{\"@type\":\"Organization\",\"@id\":\"https:\/\/kibazar.com.br\/#organization\",\"name\":\"Kibazar\",\"url\":\"https:\/\/kibazar.com.br\/\",\"logo\":{\"@type\":\"ImageObject\",\"inLanguage\":\"pt-BR\",\"@id\":\"https:\/\/kibazar.com.br\/#\/schema\/logo\/image\/\",\"url\":\"https:\/\/kibazar.com.br\/wp-content\/uploads\/2022\/01\/LOGO.png\",\"contentUrl\":\"https:\/\/kibazar.com.br\/wp-content\/uploads\/2022\/01\/LOGO.png\",\"width\":1000,\"height\":232,\"caption\":\"Kibazar\"},\"image\":{\"@id\":\"https:\/\/kibazar.com.br\/#\/schema\/logo\/image\/\"}}]}<\/script>\n<!-- \/ Yoast SEO plugin. -->","yoast_head_json":{"title":"DEIXE-ME IR M\u00c3E - Kibazar","description":"Deixe-Me Ir M\u00e3e \u00e9 uma hist\u00f3ria ver\u00eddica que se passou em Viena, \u00c1ustria, em outubro de 1998, em um hotel, numa manh\u00e3 fria, g\u00e9lida e chuvosa.","robots":{"index":"index","follow":"follow","max-snippet":"max-snippet:-1","max-image-preview":"max-image-preview:large","max-video-preview":"max-video-preview:-1"},"canonical":"https:\/\/kibazar.com.br\/?product=deixe-me-ir-mae","og_locale":"pt_BR","og_type":"article","og_title":"DEIXE-ME IR M\u00c3E - Kibazar","og_description":"Deixe-Me Ir M\u00e3e \u00e9 uma hist\u00f3ria ver\u00eddica que se passou em Viena, \u00c1ustria, em outubro de 1998, em um hotel, numa manh\u00e3 fria, g\u00e9lida e chuvosa.","og_url":"https:\/\/kibazar.com.br\/?product=deixe-me-ir-mae","og_site_name":"Kibazar","article_modified_time":"2022-06-10T22:05:43+00:00","og_image":[{"width":320,"height":436,"url":"https:\/\/kibazar.com.br\/wp-content\/uploads\/2022\/05\/imagem_livro_deixe-me-ir-mae-1-blog1-24a1e3cdc70a434cce15702882051635-320-0.jpg","type":"image\/jpeg"}],"twitter_card":"summary_large_image","twitter_misc":{"Est. tempo de leitura":"3 minutos"},"schema":{"@context":"https:\/\/schema.org","@graph":[{"@type":"WebPage","@id":"https:\/\/kibazar.com.br\/?product=deixe-me-ir-mae","url":"https:\/\/kibazar.com.br\/?product=deixe-me-ir-mae","name":"DEIXE-ME IR M\u00c3E - Kibazar","isPartOf":{"@id":"https:\/\/kibazar.com.br\/#website"},"primaryImageOfPage":{"@id":"https:\/\/kibazar.com.br\/?product=deixe-me-ir-mae#primaryimage"},"image":{"@id":"https:\/\/kibazar.com.br\/?product=deixe-me-ir-mae#primaryimage"},"thumbnailUrl":"https:\/\/kibazar.com.br\/wp-content\/uploads\/2022\/05\/imagem_livro_deixe-me-ir-mae-1-blog1-24a1e3cdc70a434cce15702882051635-320-0.jpg","datePublished":"2022-05-19T18:25:37+00:00","dateModified":"2022-06-10T22:05:43+00:00","description":"Deixe-Me Ir M\u00e3e \u00e9 uma hist\u00f3ria ver\u00eddica que se passou em Viena, \u00c1ustria, em outubro de 1998, em um hotel, numa manh\u00e3 fria, g\u00e9lida e chuvosa.","breadcrumb":{"@id":"https:\/\/kibazar.com.br\/?product=deixe-me-ir-mae#breadcrumb"},"inLanguage":"pt-BR","potentialAction":[{"@type":"ReadAction","target":["https:\/\/kibazar.com.br\/?product=deixe-me-ir-mae"]}]},{"@type":"ImageObject","inLanguage":"pt-BR","@id":"https:\/\/kibazar.com.br\/?product=deixe-me-ir-mae#primaryimage","url":"https:\/\/kibazar.com.br\/wp-content\/uploads\/2022\/05\/imagem_livro_deixe-me-ir-mae-1-blog1-24a1e3cdc70a434cce15702882051635-320-0.jpg","contentUrl":"https:\/\/kibazar.com.br\/wp-content\/uploads\/2022\/05\/imagem_livro_deixe-me-ir-mae-1-blog1-24a1e3cdc70a434cce15702882051635-320-0.jpg","width":320,"height":436},{"@type":"BreadcrumbList","@id":"https:\/\/kibazar.com.br\/?product=deixe-me-ir-mae#breadcrumb","itemListElement":[{"@type":"ListItem","position":1,"name":"In\u00edcio","item":"https:\/\/kibazar.com.br\/"},{"@type":"ListItem","position":2,"name":"Produtos","item":"https:\/\/kibazar.com.br\/?page_id=11"},{"@type":"ListItem","position":3,"name":"DEIXE-ME IR M\u00c3E"}]},{"@type":"WebSite","@id":"https:\/\/kibazar.com.br\/#website","url":"https:\/\/kibazar.com.br\/","name":"Kibazar","description":"A sua loja de variedades","publisher":{"@id":"https:\/\/kibazar.com.br\/#organization"},"potentialAction":[{"@type":"SearchAction","target":{"@type":"EntryPoint","urlTemplate":"https:\/\/kibazar.com.br\/?s={search_term_string}"},"query-input":{"@type":"PropertyValueSpecification","valueRequired":true,"valueName":"search_term_string"}}],"inLanguage":"pt-BR"},{"@type":"Organization","@id":"https:\/\/kibazar.com.br\/#organization","name":"Kibazar","url":"https:\/\/kibazar.com.br\/","logo":{"@type":"ImageObject","inLanguage":"pt-BR","@id":"https:\/\/kibazar.com.br\/#\/schema\/logo\/image\/","url":"https:\/\/kibazar.com.br\/wp-content\/uploads\/2022\/01\/LOGO.png","contentUrl":"https:\/\/kibazar.com.br\/wp-content\/uploads\/2022\/01\/LOGO.png","width":1000,"height":232,"caption":"Kibazar"},"image":{"@id":"https:\/\/kibazar.com.br\/#\/schema\/logo\/image\/"}}]}},"_links":{"self":[{"href":"https:\/\/kibazar.com.br\/index.php?rest_route=\/wp\/v2\/product\/1020","targetHints":{"allow":["GET"]}}],"collection":[{"href":"https:\/\/kibazar.com.br\/index.php?rest_route=\/wp\/v2\/product"}],"about":[{"href":"https:\/\/kibazar.com.br\/index.php?rest_route=\/wp\/v2\/types\/product"}],"replies":[{"embeddable":true,"href":"https:\/\/kibazar.com.br\/index.php?rest_route=%2Fwp%2Fv2%2Fcomments&post=1020"}],"wp:featuredmedia":[{"embeddable":true,"href":"https:\/\/kibazar.com.br\/index.php?rest_route=\/wp\/v2\/media\/1021"}],"wp:attachment":[{"href":"https:\/\/kibazar.com.br\/index.php?rest_route=%2Fwp%2Fv2%2Fmedia&parent=1020"}],"wp:term":[{"taxonomy":"product_brand","embeddable":true,"href":"https:\/\/kibazar.com.br\/index.php?rest_route=%2Fwp%2Fv2%2Fproduct_brand&post=1020"},{"taxonomy":"product_cat","embeddable":true,"href":"https:\/\/kibazar.com.br\/index.php?rest_route=%2Fwp%2Fv2%2Fproduct_cat&post=1020"},{"taxonomy":"product_tag","embeddable":true,"href":"https:\/\/kibazar.com.br\/index.php?rest_route=%2Fwp%2Fv2%2Fproduct_tag&post=1020"}],"curies":[{"name":"wp","href":"https:\/\/api.w.org\/{rel}","templated":true}]}}