{"id":1018,"date":"2022-05-19T15:22:21","date_gmt":"2022-05-19T18:22:21","guid":{"rendered":"https:\/\/nichecloud.net\/kibazar\/?post_type=product&#038;p=1018"},"modified":"2022-11-21T23:30:14","modified_gmt":"2022-11-22T02:30:14","slug":"o-segredo-da-prosperidade-judaica","status":"publish","type":"product","link":"https:\/\/kibazar.com.br\/?product=o-segredo-da-prosperidade-judaica","title":{"rendered":"O Segredo da Prosperidade Judaica"},"content":{"rendered":"<h1 style=\"text-align: center;\"><strong><span style=\"color: #000000;\">O Segredo da Prosperidade Judaica<\/span><\/strong><\/h1>\n<p>&nbsp;<\/p>\n<h2><strong><span style=\"color: #000000;\">Os Pilares do livro: <span style=\"color: #3366ff;\">O Segredo da Prosperidade Judaica<\/span><\/span><\/strong><\/h2>\n<h5 style=\"text-align: justify;\"><span style=\"color: #000000;\">S\u00e3o \u201c<strong>Tr\u00eas os Pilares<\/strong>\u201d que formam o \u201cTri\u00e2ngulo da Prosperidade\u201d:<\/span><\/h5>\n<h5 style=\"text-align: justify;\"><span style=\"color: #000000;\"><strong>1.<\/strong>\u00a0Equil\u00edbrio Emocional e F\u00edsico;<\/span><\/h5>\n<h5 style=\"text-align: justify;\"><span style=\"color: #000000;\"><strong>2.<\/strong>\u00a0Equil\u00edbrio e Liberdade Financeira;<\/span><\/h5>\n<h5 style=\"text-align: justify;\"><span style=\"color: #000000;\"><strong>3.<\/strong>\u00a0Viver o Seu Prop\u00f3sito na Vida.<\/span><\/h5>\n<p>&nbsp;<\/p>\n<h3><span style=\"color: #000000;\"><strong><span style=\"color: #3366ff;\">O Segredo da Prosperidade Judaica<\/span> N\u00e3o \u00e9 Um Manual<\/strong><\/span><\/h3>\n<p style=\"text-align: justify;\"><span style=\"color: #000000;\">Assim como em um\u00a0<strong>tri\u00e2ngulo equil\u00e1tero<\/strong>, cada um dos pilares possui o mesmo peso e precisa ser trabalhado igualmente para gerar os resultados esperados. Dessa forma, a proposta do livro\u00a0<strong>O Segredo da Prosperidade Judaica<\/strong>, do Rabino\u00a0Dor Leon Attar, n\u00e3o se apresenta como um manual com f\u00f3rmulas prontas para o sucesso, mas convida a uma \u201cintrospec\u00e7\u00e3o\u00a0e\u00a0an\u00e1lise pessoal\u201d como forma de obter melhores resultados no futuro.<\/span><\/p>\n<p style=\"text-align: justify;\"><span style=\"color: #000000;\">Durante a obra, o Rabino\u00a0Dor Leon\u00a0explica como obter o t\u00e3o sonhado equil\u00edbrio na vida. Al\u00e9m disso, desmistifica algumas cren\u00e7as sobre a\u00a0<strong>riqueza judaica<\/strong>, falando sobre como \u201cadministrar o dinheiro estrategicamente\u201d de forma a sempre prosperar, deixando claro que para alcan\u00e7ar tal objetivo \u00e9 preciso \u201c<strong>persist\u00eancia<\/strong>\u00a0e\u00a0<strong>muito trabalho<\/strong>\u201d. Al\u00e9m disso, por tr\u00e1s da quest\u00e3o financeira h\u00e1 uma quest\u00e3o do ser. Entender seus prop\u00f3sitos, ser grato, saber perdoar e ser uma boa pessoa s\u00e3o assuntos explorados pelo autor.<\/span><\/p>\n<p style=\"text-align: justify;\"><span style=\"color: #000000;\">\u201cEntenda que somos \u201ccocriadores\u201d da nossa realidade. A forma que seremos, e para quem nos transformarmos, est\u00e1 em nossas m\u00e3os\u201d, declara Rabino\u00a0Dor Leon. Os assuntos trabalhados na obra est\u00e3o relacionados ao conceito de \u201c<strong>Q<\/strong>ualidade da\u00a0<strong>M<\/strong>entalidade\u201d (<strong>QM<\/strong>) \u2013 fator determinante para\u00a0<strong>alcan\u00e7ar a prosperidade<\/strong>, proporcionando o \u201cEntendimento e o Enfrentamento dos Problemas Di\u00e1rios\u201d.<\/span><\/p>\n<p style=\"text-align: justify;\"><span style=\"color: #000000;\"><a style=\"color: #000000;\" href=\"https:\/\/d26lpennugtm8s.cloudfront.net\/stores\/001\/059\/049\/rte\/Imagem_Livro_O.Segredo.da.Prosperidade.Judaica.21.jpg\" target=\"_blank\" rel=\"noopener\"><img fetchpriority=\"high\" decoding=\"async\" class=\"alignleft\" src=\"https:\/\/d26lpennugtm8s.cloudfront.net\/stores\/001\/059\/049\/rte\/Imagem_Livro_O.Segredo.da.Prosperidade.Judaica.21.jpg\" alt=\"\" width=\"288\" height=\"288\" \/><\/a>O leitor aprender\u00e1 como elevar a sua\u00a0<strong>QM<\/strong>\u00a0e isso mudar\u00e1 diversos aspectos de sua vida. Por fim, \u00e9 necess\u00e1rio rever os conceitos sobre riqueza e caminhar em dire\u00e7\u00e3o ao seu interior, buscando entender suas \u201cEmo\u00e7\u00f5es e Traumas\u201d, para que seja poss\u00edvel compreender sua situa\u00e7\u00e3o atual e mud\u00e1-la. \u201cComo podemos amar ao pr\u00f3ximo como a n\u00f3s mesmos, se n\u00e3o nos amamos como devemos!?\u201d, questiona o autor que prop\u00f5e o\u00a0<strong>autoconhecimento<\/strong>\u00a0como \u201c<strong>Chave<\/strong>\u00a0Para a Transforma\u00e7\u00e3o\u201d.<\/span><\/p>\n<p style=\"text-align: justify;\"><span style=\"color: #000000;\"><strong>Observa\u00e7\u00e3o:<\/strong>\u00a0Se voc\u00ea quer ser \u201c<strong>Pr\u00f3spero<\/strong>\u00a0e\u00a0<strong>Rico<\/strong>\u201d voc\u00ea ter\u00e1 que fazer o que \u00e9 necess\u00e1rio ou ent\u00e3o n\u00e3o acontecer\u00e1. Tudo tem um pre\u00e7o na vida e somente fazendo o que \u00e9 necess\u00e1rio fazer voc\u00ea alcan\u00e7ar\u00e1 os seus \u201c<strong>Desejos e Objetivos<\/strong>\u201d.<\/span><\/p>\n<p style=\"text-align: justify;\"><span style=\"color: #000000;\">Nunca tenha vergonha dos seus \u201cDesejos e Vontades\u201d e fa\u00e7a tudo o que for poss\u00edvel e necess\u00e1rio para n\u00e3o ser uma pessoa frustrada. Trabalhe, estude e se dedique com \u201c<strong>Foco<\/strong>,\u00a0<strong>F\u00e9<\/strong>\u00a0e\u00a0<strong>Afinco<\/strong>\u201d e voc\u00ea certamente alcan\u00e7ar\u00e1 aquilo que almeja ou sonha.<\/span><\/p>\n<p style=\"text-align: justify;\"><span style=\"color: #000000;\">Lembre-se que ler o livro\u00a0<strong>O Segredo da Prosperidade Judaica<\/strong>\u00a0j\u00e1 \u00e9 um excelente come\u00e7o. Boa leitura e muito \u201c<strong>Sucesso e Prosperidade<\/strong>\u201d.<\/span><\/p>\n<h5 style=\"text-align: justify;\"><span style=\"color: #000000;\"><strong>Autor:<\/strong>\u00a0Dor Leon Attar<\/span><\/h5>\n<h5 style=\"text-align: justify;\"><span style=\"color: #000000;\"><strong>Formato:<\/strong>\u00a016 x 23 cm \u2013 <strong>P\u00e1ginas:<\/strong> 166 \u2013 <strong>Edi\u00e7\u00e3o:<\/strong> 1\u00aa. \u2013 <strong>Ano:<\/strong> 2018 \u2013 <strong>Editora:<\/strong> Literare Books International<\/span><\/h5>\n<p>&nbsp;<\/p>\n<h4 style=\"text-align: justify; padding-left: 80px;\"><span style=\"color: #000000;\"><strong>Reda\u00e7\u00e3o:<\/strong> <em><span style=\"color: #0000ff;\">SCHNEIDER Sa\u00fade e Terapia<\/span> \u2013 Sua Sa\u00fade Levada a S\u00e9rio<\/em><\/span><\/h4>\n<h4 style=\"text-align: justify; padding-left: 80px;\"><span style=\"color: #000000;\">S\u00e9rgio Schneider<\/span><\/h4>\n<h4 style=\"text-align: justify; padding-left: 80px;\"><span style=\"color: #000000;\"><strong>CRT:<\/strong> 42.237<\/span><\/h4>\n<h4 style=\"text-align: justify; padding-left: 80px;\"><span style=\"color: #000000;\"><strong>Sinaten:<\/strong> CTN-SP 2732<\/span><\/h4>\n<p>&nbsp;<\/p>\n<h4 style=\"text-align: justify;\"><span style=\"color: #000000;\"><strong>TERAPEUTA DO SONO<\/strong><\/span><\/h4>\n<h4 style=\"text-align: justify;\"><span style=\"color: #000000;\">Fitoterapeuta, Psicoterapeuta e Ortomolecular<\/span><\/h4>\n<h4 style=\"text-align: justify;\"><span style=\"color: #000000;\">Especialista em Plantas Medicinais<\/span><\/h4>\n<h4 style=\"text-align: justify;\"><span style=\"color: #000000;\">P\u00f3s-Graduado em Fitoterapia Cl\u00ednica<\/span><\/h4>\n<h4 style=\"text-align: justify;\"><span style=\"color: #000000;\">Especializado em Incontin\u00eancia Urin\u00e1ria e Prostatite<\/span><\/h4>\n<h4 style=\"text-align: justify;\"><span style=\"color: #000000;\"><strong>Principais Tratamentos:<\/strong> <a href=\"http:\/\/www.saudeeterapia.com.br\/produtos\/sono-pax-aparelho-anti-ronco-e-apneia-do-sono\/\" target=\"_blank\" rel=\"noopener\"><strong>Ronco<\/strong><\/a>, <a href=\"http:\/\/www.saudeeterapia.com.br\/produtos\/travesseiro-pillow-pax-anti-ronco-apneia-do-sono-e-caimbras\/\" target=\"_blank\" rel=\"noopener\"><strong>Apneia do Sono<\/strong><\/a> e Ins\u00f4nia<\/span><\/h4>\n<h4 style=\"text-align: justify;\"><span style=\"color: #000000;\"><u>Mais Tratamentos<\/u>: <strong>Alcoolismo<\/strong>, <strong>Depress\u00e3o<\/strong>, <strong>Diabetes<\/strong>, <a href=\"https:\/\/kibazar.com.br\/?product=pulseiras-inteligentes-power-chip\" target=\"_blank\" rel=\"noopener\"><strong>Hipertens\u00e3o<\/strong><\/a> e <strong>Psor\u00edase<\/strong><\/span><\/h4>\n<p>&nbsp;<\/p>\n<h3 style=\"text-align: justify; padding-left: 160px;\"><span style=\"color: #000000;\"><strong>Loja:<\/strong> <a href=\"http:\/\/www.saudeeterapia.com.br\" target=\"_blank\" rel=\"noopener\">www.saudeeterapia.com.br<\/a><\/span><\/h3>\n<h3 style=\"text-align: justify; padding-left: 160px;\"><span style=\"color: #000000;\"><strong>Tel.<\/strong> (<strong>11<\/strong>) 5044-0606<\/span><\/h3>\n<h3 style=\"text-align: justify; padding-left: 160px;\"><span style=\"color: #000000;\"><strong>Cel.<\/strong> (<strong>11<\/strong>) 9.9524-2828 \u2013 <strong>WhatsApp<\/strong><\/span><\/h3>\n<p style=\"text-align: justify;\">\n","protected":false},"excerpt":{"rendered":"<p style=\"text-align: justify;\"><span style=\"color: #000000;\">O <strong>Segredo da Prosperidade Judaica<\/strong>, do <span style=\"color: #0000ff;\"><em>Rabino\u00a0Dor Leon Attar<\/em><\/span>, n\u00e3o se apresenta como um manual com f\u00f3rmulas prontas para o sucesso, mas convida a uma \u201c<strong>introspec\u00e7\u00e3o\u00a0e\u00a0an\u00e1lise pessoal<\/strong>\u201d como forma de obter melhores resultados no futuro.<\/span><br \/>\n<span style=\"color: #000000;\">Durante a obra, o <span style=\"color: #0000ff;\"><em>Rabino\u00a0Dor Leon<\/em><\/span>\u00a0explica como obter o t\u00e3o sonhado equil\u00edbrio na vida.<\/span><\/p>\n","protected":false},"featured_media":1019,"comment_status":"open","ping_status":"closed","template":"","meta":{"site-sidebar-layout":"default","site-content-layout":"default","ast-site-content-layout":"default","site-content-style":"default","site-sidebar-style":"default","ast-global-header-display":"","ast-banner-title-visibility":"","ast-main-header-display":"","ast-hfb-above-header-display":"","ast-hfb-below-header-display":"","ast-hfb-mobile-header-display":"","site-post-title":"","ast-breadcrumbs-content":"","ast-featured-img":"","footer-sml-layout":"","ast-disable-related-posts":"","theme-transparent-header-meta":"default","adv-header-id-meta":"","stick-header-meta":"","header-above-stick-meta":"","header-main-stick-meta":"","header-below-stick-meta":"","astra-migrate-meta-layouts":"default","ast-page-background-enabled":"default","ast-page-background-meta":{"desktop":{"background-color":"var(--ast-global-color-4)","background-image":"","background-repeat":"repeat","background-position":"center center","background-size":"auto","background-attachment":"scroll","background-type":"","background-media":"","overlay-type":"","overlay-color":"","overlay-opacity":"","overlay-gradient":""},"tablet":{"background-color":"","background-image":"","background-repeat":"repeat","background-position":"center center","background-size":"auto","background-attachment":"scroll","background-type":"","background-media":"","overlay-type":"","overlay-color":"","overlay-opacity":"","overlay-gradient":""},"mobile":{"background-color":"","background-image":"","background-repeat":"repeat","background-position":"center center","background-size":"auto","background-attachment":"scroll","background-type":"","background-media":"","overlay-type":"","overlay-color":"","overlay-opacity":"","overlay-gradient":""}},"ast-content-background-meta":{"desktop":{"background-color":"var(--ast-global-color-5)","background-image":"","background-repeat":"repeat","background-position":"center center","background-size":"auto","background-attachment":"scroll","background-type":"","background-media":"","overlay-type":"","overlay-color":"","overlay-opacity":"","overlay-gradient":""},"tablet":{"background-color":"var(--ast-global-color-5)","background-image":"","background-repeat":"repeat","background-position":"center center","background-size":"auto","background-attachment":"scroll","background-type":"","background-media":"","overlay-type":"","overlay-color":"","overlay-opacity":"","overlay-gradient":""},"mobile":{"background-color":"var(--ast-global-color-5)","background-image":"","background-repeat":"repeat","background-position":"center center","background-size":"auto","background-attachment":"scroll","background-type":"","background-media":"","overlay-type":"","overlay-color":"","overlay-opacity":"","overlay-gradient":""}}},"product_brand":[],"product_cat":[115],"product_tag":[193,194,195,196,197,198,199,200,201,202,203,204,205,206,207,208,209,210],"class_list":{"0":"post-1018","1":"product","2":"type-product","3":"status-publish","4":"has-post-thumbnail","6":"product_cat-livros-de-autoajuda","7":"product_tag-afinco","8":"product_tag-autoconhecimento","9":"product_tag-dor-leon-attar","10":"product_tag-emocional","11":"product_tag-equilibrio","12":"product_tag-fe","13":"product_tag-fisico","14":"product_tag-foco","15":"product_tag-judaica","16":"product_tag-liberdade-financeira","17":"product_tag-mentalidade","18":"product_tag-persistencia","19":"product_tag-prosperidade","20":"product_tag-prospero","21":"product_tag-rico","22":"product_tag-segredo","23":"product_tag-sucesso","24":"product_tag-triangulo","25":"desktop-align-left","26":"tablet-align-left","27":"mobile-align-left","29":"first","30":"instock","31":"shipping-taxable","32":"purchasable","33":"product-type-simple"},"yoast_head":"<!-- This site is optimized with the Yoast SEO plugin v27.1.1 - https:\/\/yoast.com\/product\/yoast-seo-wordpress\/ -->\n<title>O Segredo da Prosperidade Judaica - Kibazar<\/title>\n<meta name=\"description\" content=\"O Segredo da Prosperidade Judaica n\u00e3o \u00e9 um manual com f\u00f3rmulas prontas para o sucesso. \u00c9 para construir um futuro melhor. Dor Leon Attar\" \/>\n<meta name=\"robots\" content=\"index, follow, max-snippet:-1, max-image-preview:large, max-video-preview:-1\" \/>\n<link rel=\"canonical\" href=\"https:\/\/kibazar.com.br\/?product=o-segredo-da-prosperidade-judaica\" \/>\n<meta property=\"og:locale\" content=\"pt_BR\" \/>\n<meta property=\"og:type\" content=\"article\" \/>\n<meta property=\"og:title\" content=\"O Segredo da Prosperidade Judaica - Kibazar\" \/>\n<meta property=\"og:description\" content=\"O Segredo da Prosperidade Judaica n\u00e3o \u00e9 um manual com f\u00f3rmulas prontas para o sucesso. \u00c9 para construir um futuro melhor. Dor Leon Attar\" \/>\n<meta property=\"og:url\" content=\"https:\/\/kibazar.com.br\/?product=o-segredo-da-prosperidade-judaica\" \/>\n<meta property=\"og:site_name\" content=\"Kibazar\" \/>\n<meta property=\"article:modified_time\" content=\"2022-11-22T02:30:14+00:00\" \/>\n<meta property=\"og:image\" content=\"https:\/\/kibazar.com.br\/wp-content\/uploads\/2022\/05\/imagem_livro_o-segredo-da-prosperidade-judaica-1-1906-x-14001-a9370f14d4db8a589f15703005198382-320-0.jpg\" \/>\n\t<meta property=\"og:image:width\" content=\"320\" \/>\n\t<meta property=\"og:image:height\" content=\"436\" \/>\n\t<meta property=\"og:image:type\" content=\"image\/jpeg\" \/>\n<meta name=\"twitter:card\" content=\"summary_large_image\" \/>\n<meta name=\"twitter:label1\" content=\"Est. tempo de leitura\" \/>\n\t<meta name=\"twitter:data1\" content=\"4 minutos\" \/>\n<script type=\"application\/ld+json\" class=\"yoast-schema-graph\">{\"@context\":\"https:\/\/schema.org\",\"@graph\":[{\"@type\":\"WebPage\",\"@id\":\"https:\/\/kibazar.com.br\/?product=o-segredo-da-prosperidade-judaica\",\"url\":\"https:\/\/kibazar.com.br\/?product=o-segredo-da-prosperidade-judaica\",\"name\":\"O Segredo da Prosperidade Judaica - Kibazar\",\"isPartOf\":{\"@id\":\"https:\/\/kibazar.com.br\/#website\"},\"primaryImageOfPage\":{\"@id\":\"https:\/\/kibazar.com.br\/?product=o-segredo-da-prosperidade-judaica#primaryimage\"},\"image\":{\"@id\":\"https:\/\/kibazar.com.br\/?product=o-segredo-da-prosperidade-judaica#primaryimage\"},\"thumbnailUrl\":\"https:\/\/kibazar.com.br\/wp-content\/uploads\/2022\/05\/imagem_livro_o-segredo-da-prosperidade-judaica-1-1906-x-14001-a9370f14d4db8a589f15703005198382-320-0.jpg\",\"datePublished\":\"2022-05-19T18:22:21+00:00\",\"dateModified\":\"2022-11-22T02:30:14+00:00\",\"description\":\"O Segredo da Prosperidade Judaica n\u00e3o \u00e9 um manual com f\u00f3rmulas prontas para o sucesso. \u00c9 para construir um futuro melhor. Dor Leon Attar\",\"breadcrumb\":{\"@id\":\"https:\/\/kibazar.com.br\/?product=o-segredo-da-prosperidade-judaica#breadcrumb\"},\"inLanguage\":\"pt-BR\",\"potentialAction\":[{\"@type\":\"ReadAction\",\"target\":[\"https:\/\/kibazar.com.br\/?product=o-segredo-da-prosperidade-judaica\"]}]},{\"@type\":\"ImageObject\",\"inLanguage\":\"pt-BR\",\"@id\":\"https:\/\/kibazar.com.br\/?product=o-segredo-da-prosperidade-judaica#primaryimage\",\"url\":\"https:\/\/kibazar.com.br\/wp-content\/uploads\/2022\/05\/imagem_livro_o-segredo-da-prosperidade-judaica-1-1906-x-14001-a9370f14d4db8a589f15703005198382-320-0.jpg\",\"contentUrl\":\"https:\/\/kibazar.com.br\/wp-content\/uploads\/2022\/05\/imagem_livro_o-segredo-da-prosperidade-judaica-1-1906-x-14001-a9370f14d4db8a589f15703005198382-320-0.jpg\",\"width\":320,\"height\":436,\"caption\":\"O Segredo da Prosperidade Judaica\"},{\"@type\":\"BreadcrumbList\",\"@id\":\"https:\/\/kibazar.com.br\/?product=o-segredo-da-prosperidade-judaica#breadcrumb\",\"itemListElement\":[{\"@type\":\"ListItem\",\"position\":1,\"name\":\"In\u00edcio\",\"item\":\"https:\/\/kibazar.com.br\/\"},{\"@type\":\"ListItem\",\"position\":2,\"name\":\"Produtos\",\"item\":\"https:\/\/kibazar.com.br\/?page_id=11\"},{\"@type\":\"ListItem\",\"position\":3,\"name\":\"O Segredo da Prosperidade Judaica\"}]},{\"@type\":\"WebSite\",\"@id\":\"https:\/\/kibazar.com.br\/#website\",\"url\":\"https:\/\/kibazar.com.br\/\",\"name\":\"Kibazar\",\"description\":\"A sua loja de variedades\",\"publisher\":{\"@id\":\"https:\/\/kibazar.com.br\/#organization\"},\"potentialAction\":[{\"@type\":\"SearchAction\",\"target\":{\"@type\":\"EntryPoint\",\"urlTemplate\":\"https:\/\/kibazar.com.br\/?s={search_term_string}\"},\"query-input\":{\"@type\":\"PropertyValueSpecification\",\"valueRequired\":true,\"valueName\":\"search_term_string\"}}],\"inLanguage\":\"pt-BR\"},{\"@type\":\"Organization\",\"@id\":\"https:\/\/kibazar.com.br\/#organization\",\"name\":\"Kibazar\",\"url\":\"https:\/\/kibazar.com.br\/\",\"logo\":{\"@type\":\"ImageObject\",\"inLanguage\":\"pt-BR\",\"@id\":\"https:\/\/kibazar.com.br\/#\/schema\/logo\/image\/\",\"url\":\"https:\/\/kibazar.com.br\/wp-content\/uploads\/2022\/01\/LOGO.png\",\"contentUrl\":\"https:\/\/kibazar.com.br\/wp-content\/uploads\/2022\/01\/LOGO.png\",\"width\":1000,\"height\":232,\"caption\":\"Kibazar\"},\"image\":{\"@id\":\"https:\/\/kibazar.com.br\/#\/schema\/logo\/image\/\"}}]}<\/script>\n<!-- \/ Yoast SEO plugin. -->","yoast_head_json":{"title":"O Segredo da Prosperidade Judaica - Kibazar","description":"O Segredo da Prosperidade Judaica n\u00e3o \u00e9 um manual com f\u00f3rmulas prontas para o sucesso. \u00c9 para construir um futuro melhor. Dor Leon Attar","robots":{"index":"index","follow":"follow","max-snippet":"max-snippet:-1","max-image-preview":"max-image-preview:large","max-video-preview":"max-video-preview:-1"},"canonical":"https:\/\/kibazar.com.br\/?product=o-segredo-da-prosperidade-judaica","og_locale":"pt_BR","og_type":"article","og_title":"O Segredo da Prosperidade Judaica - Kibazar","og_description":"O Segredo da Prosperidade Judaica n\u00e3o \u00e9 um manual com f\u00f3rmulas prontas para o sucesso. \u00c9 para construir um futuro melhor. Dor Leon Attar","og_url":"https:\/\/kibazar.com.br\/?product=o-segredo-da-prosperidade-judaica","og_site_name":"Kibazar","article_modified_time":"2022-11-22T02:30:14+00:00","og_image":[{"width":320,"height":436,"url":"https:\/\/kibazar.com.br\/wp-content\/uploads\/2022\/05\/imagem_livro_o-segredo-da-prosperidade-judaica-1-1906-x-14001-a9370f14d4db8a589f15703005198382-320-0.jpg","type":"image\/jpeg"}],"twitter_card":"summary_large_image","twitter_misc":{"Est. tempo de leitura":"4 minutos"},"schema":{"@context":"https:\/\/schema.org","@graph":[{"@type":"WebPage","@id":"https:\/\/kibazar.com.br\/?product=o-segredo-da-prosperidade-judaica","url":"https:\/\/kibazar.com.br\/?product=o-segredo-da-prosperidade-judaica","name":"O Segredo da Prosperidade Judaica - Kibazar","isPartOf":{"@id":"https:\/\/kibazar.com.br\/#website"},"primaryImageOfPage":{"@id":"https:\/\/kibazar.com.br\/?product=o-segredo-da-prosperidade-judaica#primaryimage"},"image":{"@id":"https:\/\/kibazar.com.br\/?product=o-segredo-da-prosperidade-judaica#primaryimage"},"thumbnailUrl":"https:\/\/kibazar.com.br\/wp-content\/uploads\/2022\/05\/imagem_livro_o-segredo-da-prosperidade-judaica-1-1906-x-14001-a9370f14d4db8a589f15703005198382-320-0.jpg","datePublished":"2022-05-19T18:22:21+00:00","dateModified":"2022-11-22T02:30:14+00:00","description":"O Segredo da Prosperidade Judaica n\u00e3o \u00e9 um manual com f\u00f3rmulas prontas para o sucesso. \u00c9 para construir um futuro melhor. Dor Leon Attar","breadcrumb":{"@id":"https:\/\/kibazar.com.br\/?product=o-segredo-da-prosperidade-judaica#breadcrumb"},"inLanguage":"pt-BR","potentialAction":[{"@type":"ReadAction","target":["https:\/\/kibazar.com.br\/?product=o-segredo-da-prosperidade-judaica"]}]},{"@type":"ImageObject","inLanguage":"pt-BR","@id":"https:\/\/kibazar.com.br\/?product=o-segredo-da-prosperidade-judaica#primaryimage","url":"https:\/\/kibazar.com.br\/wp-content\/uploads\/2022\/05\/imagem_livro_o-segredo-da-prosperidade-judaica-1-1906-x-14001-a9370f14d4db8a589f15703005198382-320-0.jpg","contentUrl":"https:\/\/kibazar.com.br\/wp-content\/uploads\/2022\/05\/imagem_livro_o-segredo-da-prosperidade-judaica-1-1906-x-14001-a9370f14d4db8a589f15703005198382-320-0.jpg","width":320,"height":436,"caption":"O Segredo da Prosperidade Judaica"},{"@type":"BreadcrumbList","@id":"https:\/\/kibazar.com.br\/?product=o-segredo-da-prosperidade-judaica#breadcrumb","itemListElement":[{"@type":"ListItem","position":1,"name":"In\u00edcio","item":"https:\/\/kibazar.com.br\/"},{"@type":"ListItem","position":2,"name":"Produtos","item":"https:\/\/kibazar.com.br\/?page_id=11"},{"@type":"ListItem","position":3,"name":"O Segredo da Prosperidade Judaica"}]},{"@type":"WebSite","@id":"https:\/\/kibazar.com.br\/#website","url":"https:\/\/kibazar.com.br\/","name":"Kibazar","description":"A sua loja de variedades","publisher":{"@id":"https:\/\/kibazar.com.br\/#organization"},"potentialAction":[{"@type":"SearchAction","target":{"@type":"EntryPoint","urlTemplate":"https:\/\/kibazar.com.br\/?s={search_term_string}"},"query-input":{"@type":"PropertyValueSpecification","valueRequired":true,"valueName":"search_term_string"}}],"inLanguage":"pt-BR"},{"@type":"Organization","@id":"https:\/\/kibazar.com.br\/#organization","name":"Kibazar","url":"https:\/\/kibazar.com.br\/","logo":{"@type":"ImageObject","inLanguage":"pt-BR","@id":"https:\/\/kibazar.com.br\/#\/schema\/logo\/image\/","url":"https:\/\/kibazar.com.br\/wp-content\/uploads\/2022\/01\/LOGO.png","contentUrl":"https:\/\/kibazar.com.br\/wp-content\/uploads\/2022\/01\/LOGO.png","width":1000,"height":232,"caption":"Kibazar"},"image":{"@id":"https:\/\/kibazar.com.br\/#\/schema\/logo\/image\/"}}]}},"_links":{"self":[{"href":"https:\/\/kibazar.com.br\/index.php?rest_route=\/wp\/v2\/product\/1018","targetHints":{"allow":["GET"]}}],"collection":[{"href":"https:\/\/kibazar.com.br\/index.php?rest_route=\/wp\/v2\/product"}],"about":[{"href":"https:\/\/kibazar.com.br\/index.php?rest_route=\/wp\/v2\/types\/product"}],"replies":[{"embeddable":true,"href":"https:\/\/kibazar.com.br\/index.php?rest_route=%2Fwp%2Fv2%2Fcomments&post=1018"}],"wp:featuredmedia":[{"embeddable":true,"href":"https:\/\/kibazar.com.br\/index.php?rest_route=\/wp\/v2\/media\/1019"}],"wp:attachment":[{"href":"https:\/\/kibazar.com.br\/index.php?rest_route=%2Fwp%2Fv2%2Fmedia&parent=1018"}],"wp:term":[{"taxonomy":"product_brand","embeddable":true,"href":"https:\/\/kibazar.com.br\/index.php?rest_route=%2Fwp%2Fv2%2Fproduct_brand&post=1018"},{"taxonomy":"product_cat","embeddable":true,"href":"https:\/\/kibazar.com.br\/index.php?rest_route=%2Fwp%2Fv2%2Fproduct_cat&post=1018"},{"taxonomy":"product_tag","embeddable":true,"href":"https:\/\/kibazar.com.br\/index.php?rest_route=%2Fwp%2Fv2%2Fproduct_tag&post=1018"}],"curies":[{"name":"wp","href":"https:\/\/api.w.org\/{rel}","templated":true}]}}