{"id":1016,"date":"2022-05-19T15:12:00","date_gmt":"2022-05-19T18:12:00","guid":{"rendered":"https:\/\/nichecloud.net\/kibazar\/?post_type=product&#038;p=1016"},"modified":"2022-06-10T19:09:50","modified_gmt":"2022-06-10T22:09:50","slug":"movimento-para-a-autocura","status":"publish","type":"product","link":"https:\/\/kibazar.com.br\/?product=movimento-para-a-autocura","title":{"rendered":"Movimento Para a Autocura"},"content":{"rendered":"<h1 style=\"text-align: center;\"><strong><span style=\"color: #000000;\">Movimento Para a Autocura<\/span><\/strong><\/h1>\n<p>&nbsp;<\/p>\n<p style=\"text-align: justify;\"><span style=\"color: #000000;\">O livro <strong>Movimento Para a Autocura<\/strong>, escrito por <strong>Meir Schneider<\/strong>, cego de nascen\u00e7a, estava convencido de que a sua doen\u00e7a n\u00e3o era permanente.<\/span><\/p>\n<p style=\"text-align: justify;\"><span style=\"color: #000000;\">Na adolesc\u00eancia, come\u00e7ou a trabalhar com dois professores que lhe prescreveram exerc\u00edcios para reverter a cegueira.<\/span><\/p>\n<p style=\"text-align: justify;\"><span style=\"color: #000000;\">Com o passar do tempo, ele foi capaz de voltar a enxergar, e continuou desenvolvendo t\u00e9cnicas para a autocura.<\/span><\/p>\n<h2><span style=\"color: #0000ff;\"><strong>\u27a4<\/strong><\/span>\u00a0<span style=\"color: #000000;\"><strong>Movimento Para a Autocura Com Exerc\u00edcios Ilustrativos<\/strong><\/span><\/h2>\n<p style=\"text-align: justify;\"><span style=\"color: #000000;\">O livro <strong>Movimento Para a Autocura<\/strong>\u00a0est\u00e1 repleto de <strong>exerc\u00edcios<\/strong>, acompanhados de ilustra\u00e7\u00f5es simples e claras, que apresentam resultados fenomenais em doen\u00e7as como\u00a0<strong>artrite<\/strong>,\u00a0<strong>problemas dos olhos<\/strong>,\u00a0<strong>esclerose m\u00faltipla<\/strong>,\u00a0<a href=\"https:\/\/www.saudeeterapia.com.br\/produtos\/pulseira-inteligente-power-chip\/\" target=\"_blank\" rel=\"noopener\"><strong>dores nas costas<\/strong><\/a>\u00a0e\u00a0<strong>distrofia muscular<\/strong>.<\/span><\/p>\n<p style=\"text-align: justify;\"><span style=\"color: #000000;\">Os exerc\u00edcios deste livro, ao faz\u00ea-los diariamente, podem lhe trazer muitos outros benef\u00edcios surpreendentes para a sua sa\u00fade, se voc\u00ea for uma pessoa persistente e disciplinada.<\/span><\/p>\n<h2><span style=\"color: #0000ff;\"><strong>\u27a4<\/strong><\/span>\u00a0<strong><span style=\"color: #000000;\">Testemunho de Quem Leu o Livro Movimento Para a Autocura<\/span><\/strong><\/h2>\n<p><span style=\"color: #000000;\">&#8220;A maestria de <span style=\"color: #0000ff;\"><strong>Meir Schneider<\/strong><\/span> d\u00e1 for\u00e7a e voz para que o leitor possa ir do &#8220;<strong>diagn\u00f3stico de incur\u00e1vel<\/strong>&#8221; para o processo profundo da autocura&#8221;. <span style=\"color: #0000ff;\"><em>Dr. Jacob Liberman<\/em><\/span><\/span><\/p>\n<h2><span style=\"color: #0000ff;\"><strong>\u27a4<\/strong><\/span>\u00a0<span style=\"color: #000000;\"><strong>Chegou a Sua Vez e Hora de Ler o Livro Movimento Para a Autocura<\/strong><\/span><\/h2>\n<p><span style=\"color: #000000;\">Sim, \u00e9 isso mesmo! Agora s\u00f3 falta voc\u00ea tomar uma atitude e ler o livro <strong>Movimento Para a Autocura<\/strong> para poder ser mais uma pessoa beneficiada no processo de autocura e passar a ter uma sa\u00fade e qualidade de vida muito melhor. Ent\u00e3o, m\u00e3os \u00e0 obra.<\/span><\/p>\n<h3><span style=\"color: #0000ff;\"><strong>\u27a4<\/strong><\/span>\u00a0<span style=\"color: #000000;\"><strong>Detalhes do Produto:\u00a0<\/strong><\/span><\/h3>\n<h5 style=\"text-align: justify;\"><span style=\"color: #000000;\"><strong>Editora: Cultrix;<\/strong>\u00a01\u00aa edi\u00e7\u00e3o (19 abril 2005)<\/span><\/h5>\n<h5 style=\"text-align: justify;\"><span style=\"color: #000000;\"><strong>Reimpress\u00e3o:<\/strong>\u00a06\u00aa. em 2018<\/span><\/h5>\n<h5 style=\"text-align: justify;\"><span style=\"color: #000000;\"><strong>Idioma:<\/strong>\u00a0Portugu\u00eas<\/span><\/h5>\n<h5 style=\"text-align: justify;\"><span style=\"color: #000000;\"><strong>Capa comum:<\/strong>\u00a0256 p\u00e1ginas<\/span><\/h5>\n<h5 style=\"text-align: justify;\"><span style=\"color: #000000;\"><strong>ISBN-10:<\/strong>\u00a08531608848<\/span><\/h5>\n<h5 style=\"text-align: justify;\"><span style=\"color: #000000;\"><strong>ISBN-13:<\/strong>\u00a0978-8531608841<\/span><\/h5>\n<h5 style=\"text-align: justify;\"><span style=\"color: #000000;\"><strong>Dimens\u00f5es:<\/strong>\u00a022.6 x 15.4 x 1.6 cm<\/span><\/h5>\n<p>&nbsp;<\/p>\n<h4 style=\"padding-left: 80px; text-align: justify;\"><span style=\"color: #000000;\"><strong>Reda\u00e7\u00e3o:<\/strong> <em><span style=\"color: #0000ff;\">SCHNEIDER Sa\u00fade e Terapia<\/span> \u2013 Sua Sa\u00fade Levada a S\u00e9rio<\/em><\/span><\/h4>\n<h4 style=\"padding-left: 80px; text-align: justify;\"><span style=\"color: #000000;\">S\u00e9rgio Schneider<\/span><\/h4>\n<h4 style=\"padding-left: 80px; text-align: justify;\"><span style=\"color: #000000;\"><strong>CRT:<\/strong> 42.237<\/span><\/h4>\n<h4 style=\"padding-left: 80px; text-align: justify;\"><span style=\"color: #000000;\"><strong>Sinaten:<\/strong> CTN-SP 2732<\/span><\/h4>\n<p>&nbsp;<\/p>\n<h4 style=\"text-align: justify;\"><span style=\"color: #000000;\"><strong>TERAPEUTA DO SONO<\/strong><\/span><\/h4>\n<h4 style=\"text-align: justify;\"><span style=\"color: #000000;\">Fitoterapeuta, Psicoterapeuta e Ortomolecular<\/span><\/h4>\n<h4 style=\"text-align: justify;\"><span style=\"color: #000000;\">Especialista em Plantas Medicinais<\/span><\/h4>\n<h4 style=\"text-align: justify;\"><span style=\"color: #000000;\">P\u00f3s-Graduado em Fitoterapia Cl\u00ednica<\/span><\/h4>\n<h4 style=\"text-align: justify;\"><span style=\"color: #000000;\">Especializado em Incontin\u00eancia Urin\u00e1ria e Prostatite<\/span><\/h4>\n<h4 style=\"text-align: justify;\"><span style=\"color: #000000;\"><strong>Principais Tratamentos:<\/strong> <a href=\"http:\/\/www.saudeeterapia.com.br\/produtos\/sono-pax-aparelho-anti-ronco-e-apneia-do-sono\/\" target=\"_blank\" rel=\"noopener\"><strong>Ronco<\/strong><\/a>, <a href=\"http:\/\/www.saudeeterapia.com.br\/produtos\/travesseiro-pillow-pax-anti-ronco-apneia-do-sono-e-caimbras\/\" target=\"_blank\" rel=\"noopener\"><strong>Apneia do Sono<\/strong><\/a> e Ins\u00f4nia<\/span><\/h4>\n<h4 style=\"text-align: justify;\"><span style=\"color: #000000;\"><u>Mais Tratamentos<\/u>: <strong>Alcoolismo<\/strong>, <strong>Depress\u00e3o<\/strong>, <span style=\"color: #d10606;\"><strong><a style=\"color: #d10606;\" href=\"https:\/\/kibazar.com.br\/?product=zeolita-para-eliminar-metais-pesados\" target=\"_blank\" rel=\"noopener\">Diabetes<\/a><\/strong><\/span>, <a href=\"https:\/\/www.saudeeterapia.com.br\/produtos\/coenzima-q10-otima-para-o-coracao-atletas-e-prevencao-de-doencas\/\" target=\"_blank\" rel=\"noopener\"><strong>Hipertens\u00e3o<\/strong><\/a> e <strong>Psor\u00edase<\/strong><\/span><\/h4>\n<p>&nbsp;<\/p>\n<h3 style=\"padding-left: 160px; text-align: justify;\"><span style=\"color: #000000;\"><strong>Loja:<\/strong> <a href=\"http:\/\/www.saudeeterapia.com.br\" target=\"_blank\" rel=\"noopener\">www.saudeeterapia.com.br<\/a><\/span><\/h3>\n<h3 style=\"padding-left: 160px; text-align: justify;\"><span style=\"color: #000000;\"><strong>Tel.<\/strong> (<strong>11<\/strong>) 5044-0606<\/span><\/h3>\n<h3 style=\"padding-left: 160px; text-align: justify;\"><span style=\"color: #000000;\"><strong>Cel.<\/strong> (<strong>11<\/strong>) 9.9524-2828 \u2013 <strong>WhatsApp<\/strong><\/span><\/h3>\n<p style=\"text-align: justify;\">\n","protected":false},"excerpt":{"rendered":"<p style=\"text-align: justify;\"><span style=\"color: #000000;\">O livro, <strong>Movimento Para a Autocura<\/strong>, escrito por <span style=\"color: #0000ff;\"><strong>Meir Schneider<\/strong><\/span>, cego de nascen\u00e7a, estava convencido que a sua doen\u00e7a n\u00e3o era permanente.<\/span><br \/>\n<span style=\"color: #000000;\">Na adolesc\u00eancia, come\u00e7ou a trabalhar com dois professores que lhe prescreveram exerc\u00edcios para reverter a cegueira e com o passar do tempo, voltou a enxergar e criou novas t\u00e9cnicas.<\/span><\/p>\n","protected":false},"featured_media":1490,"comment_status":"open","ping_status":"closed","template":"","meta":{"site-sidebar-layout":"default","site-content-layout":"default","ast-site-content-layout":"default","site-content-style":"default","site-sidebar-style":"default","ast-global-header-display":"","ast-banner-title-visibility":"","ast-main-header-display":"","ast-hfb-above-header-display":"","ast-hfb-below-header-display":"","ast-hfb-mobile-header-display":"","site-post-title":"","ast-breadcrumbs-content":"","ast-featured-img":"","footer-sml-layout":"","ast-disable-related-posts":"","theme-transparent-header-meta":"default","adv-header-id-meta":"","stick-header-meta":"","header-above-stick-meta":"","header-main-stick-meta":"","header-below-stick-meta":"","astra-migrate-meta-layouts":"default","ast-page-background-enabled":"default","ast-page-background-meta":{"desktop":{"background-color":"var(--ast-global-color-4)","background-image":"","background-repeat":"repeat","background-position":"center center","background-size":"auto","background-attachment":"scroll","background-type":"","background-media":"","overlay-type":"","overlay-color":"","overlay-opacity":"","overlay-gradient":""},"tablet":{"background-color":"","background-image":"","background-repeat":"repeat","background-position":"center center","background-size":"auto","background-attachment":"scroll","background-type":"","background-media":"","overlay-type":"","overlay-color":"","overlay-opacity":"","overlay-gradient":""},"mobile":{"background-color":"","background-image":"","background-repeat":"repeat","background-position":"center center","background-size":"auto","background-attachment":"scroll","background-type":"","background-media":"","overlay-type":"","overlay-color":"","overlay-opacity":"","overlay-gradient":""}},"ast-content-background-meta":{"desktop":{"background-color":"var(--ast-global-color-5)","background-image":"","background-repeat":"repeat","background-position":"center center","background-size":"auto","background-attachment":"scroll","background-type":"","background-media":"","overlay-type":"","overlay-color":"","overlay-opacity":"","overlay-gradient":""},"tablet":{"background-color":"var(--ast-global-color-5)","background-image":"","background-repeat":"repeat","background-position":"center center","background-size":"auto","background-attachment":"scroll","background-type":"","background-media":"","overlay-type":"","overlay-color":"","overlay-opacity":"","overlay-gradient":""},"mobile":{"background-color":"var(--ast-global-color-5)","background-image":"","background-repeat":"repeat","background-position":"center center","background-size":"auto","background-attachment":"scroll","background-type":"","background-media":"","overlay-type":"","overlay-color":"","overlay-opacity":"","overlay-gradient":""}}},"product_brand":[],"product_cat":[115],"product_tag":[183,184,185,186,187,188,189,190,191,192],"class_list":{"0":"post-1016","1":"product","2":"type-product","3":"status-publish","4":"has-post-thumbnail","6":"product_cat-livros-de-autoajuda","7":"product_tag-artrite","8":"product_tag-distrofia-muscular","9":"product_tag-dores-nas-costas","10":"product_tag-esclerose-multipla","11":"product_tag-livro","12":"product_tag-meir-schneider","13":"product_tag-movimento-para-a-autocura","14":"product_tag-olhos","15":"product_tag-problema-dos-olhos","16":"product_tag-visao","17":"desktop-align-left","18":"tablet-align-left","19":"mobile-align-left","21":"first","22":"instock","23":"shipping-taxable","24":"purchasable","25":"product-type-simple"},"yoast_head":"<!-- This site is optimized with the Yoast SEO plugin v27.1.1 - https:\/\/yoast.com\/product\/yoast-seo-wordpress\/ -->\n<title>Movimento Para a Autocura - Kibazar<\/title>\n<meta name=\"description\" content=\"O livro, Movimento Para a Autocura, escrito por Meir Schneider, cego de nascen\u00e7a, estava convencido de que a sua doen\u00e7a n\u00e3o era permanente.\" \/>\n<meta name=\"robots\" content=\"index, follow, max-snippet:-1, max-image-preview:large, max-video-preview:-1\" \/>\n<link rel=\"canonical\" href=\"https:\/\/kibazar.com.br\/?product=movimento-para-a-autocura\" \/>\n<meta property=\"og:locale\" content=\"pt_BR\" \/>\n<meta property=\"og:type\" content=\"article\" \/>\n<meta property=\"og:title\" content=\"Movimento Para a Autocura - Kibazar\" \/>\n<meta property=\"og:description\" content=\"O livro, Movimento Para a Autocura, escrito por Meir Schneider, cego de nascen\u00e7a, estava convencido de que a sua doen\u00e7a n\u00e3o era permanente.\" \/>\n<meta property=\"og:url\" content=\"https:\/\/kibazar.com.br\/?product=movimento-para-a-autocura\" \/>\n<meta property=\"og:site_name\" content=\"Kibazar\" \/>\n<meta property=\"article:modified_time\" content=\"2022-06-10T22:09:50+00:00\" \/>\n<meta property=\"og:image\" content=\"https:\/\/kibazar.com.br\/wp-content\/uploads\/2022\/05\/Imagem_Livro_MOVIMENTO.Para_.a.Autocura.4_1906x1906.jpg\" \/>\n\t<meta property=\"og:image:width\" content=\"720\" \/>\n\t<meta property=\"og:image:height\" content=\"720\" \/>\n\t<meta property=\"og:image:type\" content=\"image\/jpeg\" \/>\n<meta name=\"twitter:card\" content=\"summary_large_image\" \/>\n<meta name=\"twitter:label1\" content=\"Est. tempo de leitura\" \/>\n\t<meta name=\"twitter:data1\" content=\"2 minutos\" \/>\n<script type=\"application\/ld+json\" class=\"yoast-schema-graph\">{\"@context\":\"https:\/\/schema.org\",\"@graph\":[{\"@type\":\"WebPage\",\"@id\":\"https:\/\/kibazar.com.br\/?product=movimento-para-a-autocura\",\"url\":\"https:\/\/kibazar.com.br\/?product=movimento-para-a-autocura\",\"name\":\"Movimento Para a Autocura - Kibazar\",\"isPartOf\":{\"@id\":\"https:\/\/kibazar.com.br\/#website\"},\"primaryImageOfPage\":{\"@id\":\"https:\/\/kibazar.com.br\/?product=movimento-para-a-autocura#primaryimage\"},\"image\":{\"@id\":\"https:\/\/kibazar.com.br\/?product=movimento-para-a-autocura#primaryimage\"},\"thumbnailUrl\":\"https:\/\/kibazar.com.br\/wp-content\/uploads\/2022\/05\/Imagem_Livro_MOVIMENTO.Para_.a.Autocura.4_1906x1906.jpg\",\"datePublished\":\"2022-05-19T18:12:00+00:00\",\"dateModified\":\"2022-06-10T22:09:50+00:00\",\"description\":\"O livro, Movimento Para a Autocura, escrito por Meir Schneider, cego de nascen\u00e7a, estava convencido de que a sua doen\u00e7a n\u00e3o era permanente.\",\"breadcrumb\":{\"@id\":\"https:\/\/kibazar.com.br\/?product=movimento-para-a-autocura#breadcrumb\"},\"inLanguage\":\"pt-BR\",\"potentialAction\":[{\"@type\":\"ReadAction\",\"target\":[\"https:\/\/kibazar.com.br\/?product=movimento-para-a-autocura\"]}]},{\"@type\":\"ImageObject\",\"inLanguage\":\"pt-BR\",\"@id\":\"https:\/\/kibazar.com.br\/?product=movimento-para-a-autocura#primaryimage\",\"url\":\"https:\/\/kibazar.com.br\/wp-content\/uploads\/2022\/05\/Imagem_Livro_MOVIMENTO.Para_.a.Autocura.4_1906x1906.jpg\",\"contentUrl\":\"https:\/\/kibazar.com.br\/wp-content\/uploads\/2022\/05\/Imagem_Livro_MOVIMENTO.Para_.a.Autocura.4_1906x1906.jpg\",\"width\":720,\"height\":720,\"caption\":\"Movimento Para a Autocura\"},{\"@type\":\"BreadcrumbList\",\"@id\":\"https:\/\/kibazar.com.br\/?product=movimento-para-a-autocura#breadcrumb\",\"itemListElement\":[{\"@type\":\"ListItem\",\"position\":1,\"name\":\"In\u00edcio\",\"item\":\"https:\/\/kibazar.com.br\/\"},{\"@type\":\"ListItem\",\"position\":2,\"name\":\"Produtos\",\"item\":\"https:\/\/kibazar.com.br\/?page_id=11\"},{\"@type\":\"ListItem\",\"position\":3,\"name\":\"Movimento Para a Autocura\"}]},{\"@type\":\"WebSite\",\"@id\":\"https:\/\/kibazar.com.br\/#website\",\"url\":\"https:\/\/kibazar.com.br\/\",\"name\":\"Kibazar\",\"description\":\"A sua loja de variedades\",\"publisher\":{\"@id\":\"https:\/\/kibazar.com.br\/#organization\"},\"potentialAction\":[{\"@type\":\"SearchAction\",\"target\":{\"@type\":\"EntryPoint\",\"urlTemplate\":\"https:\/\/kibazar.com.br\/?s={search_term_string}\"},\"query-input\":{\"@type\":\"PropertyValueSpecification\",\"valueRequired\":true,\"valueName\":\"search_term_string\"}}],\"inLanguage\":\"pt-BR\"},{\"@type\":\"Organization\",\"@id\":\"https:\/\/kibazar.com.br\/#organization\",\"name\":\"Kibazar\",\"url\":\"https:\/\/kibazar.com.br\/\",\"logo\":{\"@type\":\"ImageObject\",\"inLanguage\":\"pt-BR\",\"@id\":\"https:\/\/kibazar.com.br\/#\/schema\/logo\/image\/\",\"url\":\"https:\/\/kibazar.com.br\/wp-content\/uploads\/2022\/01\/LOGO.png\",\"contentUrl\":\"https:\/\/kibazar.com.br\/wp-content\/uploads\/2022\/01\/LOGO.png\",\"width\":1000,\"height\":232,\"caption\":\"Kibazar\"},\"image\":{\"@id\":\"https:\/\/kibazar.com.br\/#\/schema\/logo\/image\/\"}}]}<\/script>\n<!-- \/ Yoast SEO plugin. -->","yoast_head_json":{"title":"Movimento Para a Autocura - Kibazar","description":"O livro, Movimento Para a Autocura, escrito por Meir Schneider, cego de nascen\u00e7a, estava convencido de que a sua doen\u00e7a n\u00e3o era permanente.","robots":{"index":"index","follow":"follow","max-snippet":"max-snippet:-1","max-image-preview":"max-image-preview:large","max-video-preview":"max-video-preview:-1"},"canonical":"https:\/\/kibazar.com.br\/?product=movimento-para-a-autocura","og_locale":"pt_BR","og_type":"article","og_title":"Movimento Para a Autocura - Kibazar","og_description":"O livro, Movimento Para a Autocura, escrito por Meir Schneider, cego de nascen\u00e7a, estava convencido de que a sua doen\u00e7a n\u00e3o era permanente.","og_url":"https:\/\/kibazar.com.br\/?product=movimento-para-a-autocura","og_site_name":"Kibazar","article_modified_time":"2022-06-10T22:09:50+00:00","og_image":[{"width":720,"height":720,"url":"https:\/\/kibazar.com.br\/wp-content\/uploads\/2022\/05\/Imagem_Livro_MOVIMENTO.Para_.a.Autocura.4_1906x1906.jpg","type":"image\/jpeg"}],"twitter_card":"summary_large_image","twitter_misc":{"Est. tempo de leitura":"2 minutos"},"schema":{"@context":"https:\/\/schema.org","@graph":[{"@type":"WebPage","@id":"https:\/\/kibazar.com.br\/?product=movimento-para-a-autocura","url":"https:\/\/kibazar.com.br\/?product=movimento-para-a-autocura","name":"Movimento Para a Autocura - Kibazar","isPartOf":{"@id":"https:\/\/kibazar.com.br\/#website"},"primaryImageOfPage":{"@id":"https:\/\/kibazar.com.br\/?product=movimento-para-a-autocura#primaryimage"},"image":{"@id":"https:\/\/kibazar.com.br\/?product=movimento-para-a-autocura#primaryimage"},"thumbnailUrl":"https:\/\/kibazar.com.br\/wp-content\/uploads\/2022\/05\/Imagem_Livro_MOVIMENTO.Para_.a.Autocura.4_1906x1906.jpg","datePublished":"2022-05-19T18:12:00+00:00","dateModified":"2022-06-10T22:09:50+00:00","description":"O livro, Movimento Para a Autocura, escrito por Meir Schneider, cego de nascen\u00e7a, estava convencido de que a sua doen\u00e7a n\u00e3o era permanente.","breadcrumb":{"@id":"https:\/\/kibazar.com.br\/?product=movimento-para-a-autocura#breadcrumb"},"inLanguage":"pt-BR","potentialAction":[{"@type":"ReadAction","target":["https:\/\/kibazar.com.br\/?product=movimento-para-a-autocura"]}]},{"@type":"ImageObject","inLanguage":"pt-BR","@id":"https:\/\/kibazar.com.br\/?product=movimento-para-a-autocura#primaryimage","url":"https:\/\/kibazar.com.br\/wp-content\/uploads\/2022\/05\/Imagem_Livro_MOVIMENTO.Para_.a.Autocura.4_1906x1906.jpg","contentUrl":"https:\/\/kibazar.com.br\/wp-content\/uploads\/2022\/05\/Imagem_Livro_MOVIMENTO.Para_.a.Autocura.4_1906x1906.jpg","width":720,"height":720,"caption":"Movimento Para a Autocura"},{"@type":"BreadcrumbList","@id":"https:\/\/kibazar.com.br\/?product=movimento-para-a-autocura#breadcrumb","itemListElement":[{"@type":"ListItem","position":1,"name":"In\u00edcio","item":"https:\/\/kibazar.com.br\/"},{"@type":"ListItem","position":2,"name":"Produtos","item":"https:\/\/kibazar.com.br\/?page_id=11"},{"@type":"ListItem","position":3,"name":"Movimento Para a Autocura"}]},{"@type":"WebSite","@id":"https:\/\/kibazar.com.br\/#website","url":"https:\/\/kibazar.com.br\/","name":"Kibazar","description":"A sua loja de variedades","publisher":{"@id":"https:\/\/kibazar.com.br\/#organization"},"potentialAction":[{"@type":"SearchAction","target":{"@type":"EntryPoint","urlTemplate":"https:\/\/kibazar.com.br\/?s={search_term_string}"},"query-input":{"@type":"PropertyValueSpecification","valueRequired":true,"valueName":"search_term_string"}}],"inLanguage":"pt-BR"},{"@type":"Organization","@id":"https:\/\/kibazar.com.br\/#organization","name":"Kibazar","url":"https:\/\/kibazar.com.br\/","logo":{"@type":"ImageObject","inLanguage":"pt-BR","@id":"https:\/\/kibazar.com.br\/#\/schema\/logo\/image\/","url":"https:\/\/kibazar.com.br\/wp-content\/uploads\/2022\/01\/LOGO.png","contentUrl":"https:\/\/kibazar.com.br\/wp-content\/uploads\/2022\/01\/LOGO.png","width":1000,"height":232,"caption":"Kibazar"},"image":{"@id":"https:\/\/kibazar.com.br\/#\/schema\/logo\/image\/"}}]}},"_links":{"self":[{"href":"https:\/\/kibazar.com.br\/index.php?rest_route=\/wp\/v2\/product\/1016","targetHints":{"allow":["GET"]}}],"collection":[{"href":"https:\/\/kibazar.com.br\/index.php?rest_route=\/wp\/v2\/product"}],"about":[{"href":"https:\/\/kibazar.com.br\/index.php?rest_route=\/wp\/v2\/types\/product"}],"replies":[{"embeddable":true,"href":"https:\/\/kibazar.com.br\/index.php?rest_route=%2Fwp%2Fv2%2Fcomments&post=1016"}],"wp:featuredmedia":[{"embeddable":true,"href":"https:\/\/kibazar.com.br\/index.php?rest_route=\/wp\/v2\/media\/1490"}],"wp:attachment":[{"href":"https:\/\/kibazar.com.br\/index.php?rest_route=%2Fwp%2Fv2%2Fmedia&parent=1016"}],"wp:term":[{"taxonomy":"product_brand","embeddable":true,"href":"https:\/\/kibazar.com.br\/index.php?rest_route=%2Fwp%2Fv2%2Fproduct_brand&post=1016"},{"taxonomy":"product_cat","embeddable":true,"href":"https:\/\/kibazar.com.br\/index.php?rest_route=%2Fwp%2Fv2%2Fproduct_cat&post=1016"},{"taxonomy":"product_tag","embeddable":true,"href":"https:\/\/kibazar.com.br\/index.php?rest_route=%2Fwp%2Fv2%2Fproduct_tag&post=1016"}],"curies":[{"name":"wp","href":"https:\/\/api.w.org\/{rel}","templated":true}]}}